{"id":3735,"date":"2025-09-19T12:16:23","date_gmt":"2025-09-19T12:16:23","guid":{"rendered":"https:\/\/petarde.lv\/?post_type=product&#038;p=3735"},"modified":"2025-12-18T19:42:03","modified_gmt":"2025-12-18T19:42:03","slug":"sarkani-sirds-baloni","status":"publish","type":"product","link":"https:\/\/petarde.lv\/ru\/product\/sarkani-sirds-baloni\/","title":{"rendered":"Sarkani sirds baloni"},"content":{"rendered":"<h2>Sarkani sirds baloni<\/h2>\n<p>Var pild\u012bt ar gaisu vai ar h\u0113liju. Lieliski noder k\u0101zu pas\u0101kumu telpu dekor\u0113\u0161anai.<\/p>","protected":false},"excerpt":{"rendered":"<p>Sirds formas balons.<br \/>\nKr\u0101sa: sarkana<br \/>\nMateri\u0101ls: latekss<br \/>\nIzm\u0113rs: 10&#8243;<\/p>","protected":false},"featured_media":1613,"comment_status":"closed","ping_status":"closed","template":"","meta":{"site-sidebar-layout":"default","site-content-layout":"","ast-site-content-layout":"default","site-content-style":"default","site-sidebar-style":"default","ast-global-header-display":"","ast-banner-title-visibility":"","ast-main-header-display":"","ast-hfb-above-header-display":"","ast-hfb-below-header-display":"","ast-hfb-mobile-header-display":"","site-post-title":"","ast-breadcrumbs-content":"","ast-featured-img":"","footer-sml-layout":"","theme-transparent-header-meta":"","adv-header-id-meta":"","stick-header-meta":"","header-above-stick-meta":"","header-main-stick-meta":"","header-below-stick-meta":"","astra-migrate-meta-layouts":"default","ast-page-background-enabled":"default","ast-page-background-meta":{"desktop":{"background-color":"var(--ast-global-color-4)","background-image":"","background-repeat":"repeat","background-position":"center center","background-size":"auto","background-attachment":"scroll","background-type":"","background-media":"","overlay-type":"","overlay-color":"","overlay-opacity":"","overlay-gradient":""},"tablet":{"background-color":"","background-image":"","background-repeat":"repeat","background-position":"center center","background-size":"auto","background-attachment":"scroll","background-type":"","background-media":"","overlay-type":"","overlay-color":"","overlay-opacity":"","overlay-gradient":""},"mobile":{"background-color":"","background-image":"","background-repeat":"repeat","background-position":"center center","background-size":"auto","background-attachment":"scroll","background-type":"","background-media":"","overlay-type":"","overlay-color":"","overlay-opacity":"","overlay-gradient":""}},"ast-content-background-meta":{"desktop":{"background-color":"var(--ast-global-color-5)","background-image":"","background-repeat":"repeat","background-position":"center center","background-size":"auto","background-attachment":"scroll","background-type":"","background-media":"","overlay-type":"","overlay-color":"","overlay-opacity":"","overlay-gradient":""},"tablet":{"background-color":"var(--ast-global-color-5)","background-image":"","background-repeat":"repeat","background-position":"center center","background-size":"auto","background-attachment":"scroll","background-type":"","background-media":"","overlay-type":"","overlay-color":"","overlay-opacity":"","overlay-gradient":""},"mobile":{"background-color":"var(--ast-global-color-5)","background-image":"","background-repeat":"repeat","background-position":"center center","background-size":"auto","background-attachment":"scroll","background-type":"","background-media":"","overlay-type":"","overlay-color":"","overlay-opacity":"","overlay-gradient":""}}},"product_brand":[],"product_cat":[81],"product_tag":[84,100],"class_list":{"0":"post-3735","1":"product","2":"type-product","3":"status-publish","4":"has-post-thumbnail","6":"product_cat-baloni","7":"product_tag-baloni-2","8":"product_tag-helija-baloni","9":"desktop-align-center","10":"tablet-align-center","11":"mobile-align-center","12":"ast-product-gallery-layout-horizontal-slider","13":"ast-product-tabs-layout-accordion","15":"first","16":"outofstock","17":"shipping-taxable","18":"purchasable","19":"product-type-simple"},"yoast_head":"<!-- This site is optimized with the Yoast SEO Premium plugin v26.4 (Yoast SEO v26.4) - https:\/\/yoast.com\/wordpress\/plugins\/seo\/ -->\n<title>Sarkani sirds baloni<\/title>\n<meta name=\"description\" content=\"Sarkani sirds baloni, izm\u0113rs: 10&quot;, materi\u0101ls: latekss. Var pild\u012bt ar gaisu vai h\u0113liju. Lieliski noder k\u0101zu pas\u0101kumu telpu dekor\u0113\u0161anai.\" \/>\n<meta name=\"robots\" content=\"index, follow, max-snippet:-1, max-image-preview:large, max-video-preview:-1\" \/>\n<link rel=\"canonical\" href=\"https:\/\/petarde.lv\/ru\/product\/sarkani-sirds-baloni\/\" \/>\n<meta property=\"og:locale\" content=\"ru_RU\" \/>\n<meta property=\"og:type\" content=\"article\" \/>\n<meta property=\"og:title\" content=\"Sarkani sirds baloni\" \/>\n<meta property=\"og:description\" content=\"Sarkani sirds baloni, izm\u0113rs: 10&quot;, materi\u0101ls: latekss. Var pild\u012bt ar gaisu vai h\u0113liju. Lieliski noder k\u0101zu pas\u0101kumu telpu dekor\u0113\u0161anai.\" \/>\n<meta property=\"og:url\" content=\"https:\/\/petarde.lv\/ru\/product\/sarkani-sirds-baloni\/\" \/>\n<meta property=\"og:site_name\" content=\"Petarde\" \/>\n<meta property=\"article:publisher\" content=\"https:\/\/www.facebook.com\/petarde.lv\/\" \/>\n<meta property=\"article:modified_time\" content=\"2025-12-18T19:42:03+00:00\" \/>\n<meta property=\"og:image\" content=\"https:\/\/petarde.lv\/wp-content\/uploads\/2025\/09\/wsi-imageoptim-sarkani-sirds-baloni.jpg\" \/>\n\t<meta property=\"og:image:width\" content=\"400\" \/>\n\t<meta property=\"og:image:height\" content=\"400\" \/>\n\t<meta property=\"og:image:type\" content=\"image\/jpeg\" \/>\n<meta name=\"twitter:card\" content=\"summary_large_image\" \/>\n<script type=\"application\/ld+json\" class=\"yoast-schema-graph\">{\"@context\":\"https:\/\/schema.org\",\"@graph\":[{\"@type\":\"WebPage\",\"@id\":\"https:\/\/petarde.lv\/product\/sarkani-sirds-baloni\/\",\"url\":\"https:\/\/petarde.lv\/product\/sarkani-sirds-baloni\/\",\"name\":\"Sarkani sirds baloni\",\"isPartOf\":{\"@id\":\"https:\/\/petarde.lv\/#website\"},\"primaryImageOfPage\":{\"@id\":\"https:\/\/petarde.lv\/product\/sarkani-sirds-baloni\/#primaryimage\"},\"image\":{\"@id\":\"https:\/\/petarde.lv\/product\/sarkani-sirds-baloni\/#primaryimage\"},\"thumbnailUrl\":\"https:\/\/petarde.lv\/wp-content\/uploads\/2025\/09\/wsi-imageoptim-sarkani-sirds-baloni.jpg\",\"datePublished\":\"2025-09-19T12:16:23+00:00\",\"dateModified\":\"2025-12-18T19:42:03+00:00\",\"description\":\"Sarkani sirds baloni, izm\u0113rs: 10\\\", materi\u0101ls: latekss. Var pild\u012bt ar gaisu vai h\u0113liju. Lieliski noder k\u0101zu pas\u0101kumu telpu dekor\u0113\u0161anai.\",\"breadcrumb\":{\"@id\":\"https:\/\/petarde.lv\/product\/sarkani-sirds-baloni\/#breadcrumb\"},\"inLanguage\":\"ru-RU\",\"potentialAction\":[{\"@type\":\"ReadAction\",\"target\":[\"https:\/\/petarde.lv\/product\/sarkani-sirds-baloni\/\"]}]},{\"@type\":\"ImageObject\",\"inLanguage\":\"ru-RU\",\"@id\":\"https:\/\/petarde.lv\/product\/sarkani-sirds-baloni\/#primaryimage\",\"url\":\"https:\/\/petarde.lv\/wp-content\/uploads\/2025\/09\/wsi-imageoptim-sarkani-sirds-baloni.jpg\",\"contentUrl\":\"https:\/\/petarde.lv\/wp-content\/uploads\/2025\/09\/wsi-imageoptim-sarkani-sirds-baloni.jpg\",\"width\":400,\"height\":400},{\"@type\":\"BreadcrumbList\",\"@id\":\"https:\/\/petarde.lv\/product\/sarkani-sirds-baloni\/#breadcrumb\",\"itemListElement\":[{\"@type\":\"ListItem\",\"position\":1,\"name\":\"Home\",\"item\":\"https:\/\/petarde.lv\/\"},{\"@type\":\"ListItem\",\"position\":2,\"name\":\"SHOP\",\"item\":\"https:\/\/petarde.lv\/en\/shop\/\"},{\"@type\":\"ListItem\",\"position\":3,\"name\":\"Sarkani sirds baloni\"}]},{\"@type\":\"WebSite\",\"@id\":\"https:\/\/petarde.lv\/#website\",\"url\":\"https:\/\/petarde.lv\/\",\"name\":\"Petarde.lv\",\"description\":\"Pirotehnika, sal\u016bts un petardes sv\u0113tkiem vis\u0101 Latvij\u0101\",\"publisher\":{\"@id\":\"https:\/\/petarde.lv\/#organization\"},\"alternateName\":\"Pirotehnika\",\"potentialAction\":[{\"@type\":\"SearchAction\",\"target\":{\"@type\":\"EntryPoint\",\"urlTemplate\":\"https:\/\/petarde.lv\/?s={search_term_string}\"},\"query-input\":{\"@type\":\"PropertyValueSpecification\",\"valueRequired\":true,\"valueName\":\"search_term_string\"}}],\"inLanguage\":\"ru-RU\"},{\"@type\":\"Organization\",\"@id\":\"https:\/\/petarde.lv\/#organization\",\"name\":\"Petarde.lv\",\"url\":\"https:\/\/petarde.lv\/\",\"logo\":{\"@type\":\"ImageObject\",\"inLanguage\":\"ru-RU\",\"@id\":\"https:\/\/petarde.lv\/#\/schema\/logo\/image\/\",\"url\":\"https:\/\/petarde.lv\/wp-content\/uploads\/2025\/09\/logucis.jpg\",\"contentUrl\":\"https:\/\/petarde.lv\/wp-content\/uploads\/2025\/09\/logucis.jpg\",\"width\":600,\"height\":247,\"caption\":\"Petarde.lv\"},\"image\":{\"@id\":\"https:\/\/petarde.lv\/#\/schema\/logo\/image\/\"},\"sameAs\":[\"https:\/\/www.facebook.com\/petarde.lv\/\",\"https:\/\/www.youtube.com\/channel\/UCBIjpcRoPzs7Puz8ehdQ-mw\"],\"description\":\"Petarde Ltd ir viens no vado\u0161ajiem pirotehnikas tirgot\u0101jiem Latvij\u0101 ar daudzu gadu pieredzi.\",\"email\":\"janis.petarde@inbox.lv\",\"telephone\":\"+371 27809809\",\"legalName\":\"SIA Petarde Ltd\",\"foundingDate\":\"2006-11-08\",\"taxID\":\"40003872737\",\"numberOfEmployees\":{\"@type\":\"QuantitativeValue\",\"minValue\":\"1\",\"maxValue\":\"10\"},\"publishingPrinciples\":\"https:\/\/petarde.lv\/privacy-policy\/\",\"ownershipFundingInfo\":\"https:\/\/petarde.lv\/refund_returns-2\/\",\"actionableFeedbackPolicy\":\"https:\/\/petarde.lv\/privacy-policy\/\",\"correctionsPolicy\":\"https:\/\/petarde.lv\/privacy-policy\/\",\"ethicsPolicy\":\"https:\/\/petarde.lv\/privacy-policy\/\",\"diversityPolicy\":\"https:\/\/petarde.lv\/privacy-policy\/\",\"diversityStaffingReport\":\"https:\/\/petarde.lv\/privacy-policy\/\"}]}<\/script>\n<!-- \/ Yoast SEO Premium plugin. -->","yoast_head_json":{"title":"Sarkani sirds baloni","description":"Sarkani sirds baloni, izm\u0113rs: 10\", materi\u0101ls: latekss. Var pild\u012bt ar gaisu vai h\u0113liju. Lieliski noder k\u0101zu pas\u0101kumu telpu dekor\u0113\u0161anai.","robots":{"index":"index","follow":"follow","max-snippet":"max-snippet:-1","max-image-preview":"max-image-preview:large","max-video-preview":"max-video-preview:-1"},"canonical":"https:\/\/petarde.lv\/ru\/product\/sarkani-sirds-baloni\/","og_locale":"ru_RU","og_type":"article","og_title":"Sarkani sirds baloni","og_description":"Sarkani sirds baloni, izm\u0113rs: 10\", materi\u0101ls: latekss. Var pild\u012bt ar gaisu vai h\u0113liju. Lieliski noder k\u0101zu pas\u0101kumu telpu dekor\u0113\u0161anai.","og_url":"https:\/\/petarde.lv\/ru\/product\/sarkani-sirds-baloni\/","og_site_name":"Petarde","article_publisher":"https:\/\/www.facebook.com\/petarde.lv\/","article_modified_time":"2025-12-18T19:42:03+00:00","og_image":[{"width":400,"height":400,"url":"https:\/\/petarde.lv\/wp-content\/uploads\/2025\/09\/wsi-imageoptim-sarkani-sirds-baloni.jpg","type":"image\/jpeg"}],"twitter_card":"summary_large_image","schema":{"@context":"https:\/\/schema.org","@graph":[{"@type":"WebPage","@id":"https:\/\/petarde.lv\/product\/sarkani-sirds-baloni\/","url":"https:\/\/petarde.lv\/product\/sarkani-sirds-baloni\/","name":"Sarkani sirds baloni","isPartOf":{"@id":"https:\/\/petarde.lv\/#website"},"primaryImageOfPage":{"@id":"https:\/\/petarde.lv\/product\/sarkani-sirds-baloni\/#primaryimage"},"image":{"@id":"https:\/\/petarde.lv\/product\/sarkani-sirds-baloni\/#primaryimage"},"thumbnailUrl":"https:\/\/petarde.lv\/wp-content\/uploads\/2025\/09\/wsi-imageoptim-sarkani-sirds-baloni.jpg","datePublished":"2025-09-19T12:16:23+00:00","dateModified":"2025-12-18T19:42:03+00:00","description":"Sarkani sirds baloni, izm\u0113rs: 10\", materi\u0101ls: latekss. Var pild\u012bt ar gaisu vai h\u0113liju. Lieliski noder k\u0101zu pas\u0101kumu telpu dekor\u0113\u0161anai.","breadcrumb":{"@id":"https:\/\/petarde.lv\/product\/sarkani-sirds-baloni\/#breadcrumb"},"inLanguage":"ru-RU","potentialAction":[{"@type":"ReadAction","target":["https:\/\/petarde.lv\/product\/sarkani-sirds-baloni\/"]}]},{"@type":"ImageObject","inLanguage":"ru-RU","@id":"https:\/\/petarde.lv\/product\/sarkani-sirds-baloni\/#primaryimage","url":"https:\/\/petarde.lv\/wp-content\/uploads\/2025\/09\/wsi-imageoptim-sarkani-sirds-baloni.jpg","contentUrl":"https:\/\/petarde.lv\/wp-content\/uploads\/2025\/09\/wsi-imageoptim-sarkani-sirds-baloni.jpg","width":400,"height":400},{"@type":"BreadcrumbList","@id":"https:\/\/petarde.lv\/product\/sarkani-sirds-baloni\/#breadcrumb","itemListElement":[{"@type":"ListItem","position":1,"name":"Home","item":"https:\/\/petarde.lv\/"},{"@type":"ListItem","position":2,"name":"SHOP","item":"https:\/\/petarde.lv\/en\/shop\/"},{"@type":"ListItem","position":3,"name":"Sarkani sirds baloni"}]},{"@type":"WebSite","@id":"https:\/\/petarde.lv\/#website","url":"https:\/\/petarde.lv\/","name":"Petarde.lv","description":"Pirotehnika, sal\u016bts un petardes sv\u0113tkiem vis\u0101 Latvij\u0101","publisher":{"@id":"https:\/\/petarde.lv\/#organization"},"alternateName":"Pirotehnika","potentialAction":[{"@type":"SearchAction","target":{"@type":"EntryPoint","urlTemplate":"https:\/\/petarde.lv\/?s={search_term_string}"},"query-input":{"@type":"PropertyValueSpecification","valueRequired":true,"valueName":"search_term_string"}}],"inLanguage":"ru-RU"},{"@type":"Organization","@id":"https:\/\/petarde.lv\/#organization","name":"Petarde.lv","url":"https:\/\/petarde.lv\/","logo":{"@type":"ImageObject","inLanguage":"ru-RU","@id":"https:\/\/petarde.lv\/#\/schema\/logo\/image\/","url":"https:\/\/petarde.lv\/wp-content\/uploads\/2025\/09\/logucis.jpg","contentUrl":"https:\/\/petarde.lv\/wp-content\/uploads\/2025\/09\/logucis.jpg","width":600,"height":247,"caption":"Petarde.lv"},"image":{"@id":"https:\/\/petarde.lv\/#\/schema\/logo\/image\/"},"sameAs":["https:\/\/www.facebook.com\/petarde.lv\/","https:\/\/www.youtube.com\/channel\/UCBIjpcRoPzs7Puz8ehdQ-mw"],"description":"Petarde Ltd ir viens no vado\u0161ajiem pirotehnikas tirgot\u0101jiem Latvij\u0101 ar daudzu gadu pieredzi.","email":"janis.petarde@inbox.lv","telephone":"+371 27809809","legalName":"SIA Petarde Ltd","foundingDate":"2006-11-08","taxID":"40003872737","numberOfEmployees":{"@type":"QuantitativeValue","minValue":"1","maxValue":"10"},"publishingPrinciples":"https:\/\/petarde.lv\/privacy-policy\/","ownershipFundingInfo":"https:\/\/petarde.lv\/refund_returns-2\/","actionableFeedbackPolicy":"https:\/\/petarde.lv\/privacy-policy\/","correctionsPolicy":"https:\/\/petarde.lv\/privacy-policy\/","ethicsPolicy":"https:\/\/petarde.lv\/privacy-policy\/","diversityPolicy":"https:\/\/petarde.lv\/privacy-policy\/","diversityStaffingReport":"https:\/\/petarde.lv\/privacy-policy\/"}]}},"_links":{"self":[{"href":"https:\/\/petarde.lv\/ru\/wp-json\/wp\/v2\/product\/3735","targetHints":{"allow":["GET"]}}],"collection":[{"href":"https:\/\/petarde.lv\/ru\/wp-json\/wp\/v2\/product"}],"about":[{"href":"https:\/\/petarde.lv\/ru\/wp-json\/wp\/v2\/types\/product"}],"replies":[{"embeddable":true,"href":"https:\/\/petarde.lv\/ru\/wp-json\/wp\/v2\/comments?post=3735"}],"version-history":[{"count":1,"href":"https:\/\/petarde.lv\/ru\/wp-json\/wp\/v2\/product\/3735\/revisions"}],"predecessor-version":[{"id":5268,"href":"https:\/\/petarde.lv\/ru\/wp-json\/wp\/v2\/product\/3735\/revisions\/5268"}],"wp:featuredmedia":[{"embeddable":true,"href":"https:\/\/petarde.lv\/ru\/wp-json\/wp\/v2\/media\/1613"}],"wp:attachment":[{"href":"https:\/\/petarde.lv\/ru\/wp-json\/wp\/v2\/media?parent=3735"}],"wp:term":[{"taxonomy":"product_brand","embeddable":true,"href":"https:\/\/petarde.lv\/ru\/wp-json\/wp\/v2\/product_brand?post=3735"},{"taxonomy":"product_cat","embeddable":true,"href":"https:\/\/petarde.lv\/ru\/wp-json\/wp\/v2\/product_cat?post=3735"},{"taxonomy":"product_tag","embeddable":true,"href":"https:\/\/petarde.lv\/ru\/wp-json\/wp\/v2\/product_tag?post=3735"}],"curies":[{"name":"wp","href":"https:\/\/api.w.org\/{rel}","templated":true}]}}