{"id":3673,"date":"2025-09-19T12:16:15","date_gmt":"2025-09-19T12:16:15","guid":{"rendered":"https:\/\/petarde.lv\/?post_type=product&#038;p=3673"},"modified":"2025-09-19T12:16:17","modified_gmt":"2025-09-19T12:16:17","slug":"balta-udens-laterna","status":"publish","type":"product","link":"https:\/\/petarde.lv\/ru\/product\/balta-udens-laterna\/","title":{"rendered":"Balta \u016bdens laterna"},"content":{"rendered":"<p>\u016adens laterna balt\u0101 kr\u0101s\u0101, kas ir t\u012br\u012bbas un labest\u012bbas kr\u0101sa. T\u0101 simboliz\u0113 gar\u012bgumu, pazem\u012bbu, apskaidr\u012bbu, nevain\u012bbu, aizsardz\u012bbu un tic\u012bbu.<\/p>\n<p>Ieteicama gan k\u0101 dekors uz galda tum\u0161os vakaros, gan da\u017e\u0101du ritu\u0101lu veik\u0161anai pas\u0101kumos, gan k\u0101 gaismas elements uz \u016bdens.<\/p>","protected":false},"excerpt":{"rendered":"<p>\u016aden\u012b peldo\u0161a baltas kr\u0101sas laterna.<\/p>\n<p>Iepakojum\u0101 kop\u0101 ar svec\u012bti.<br \/>\nDeg\u0161anas ilgums ~ 60 min\u016btes.<br \/>\nNeiesak\u0101m izmantot \u016bdenstilpn\u0113s ar stipru straumi vai liel\u0101 v\u0113j\u0101.<\/p>","protected":false},"featured_media":1519,"comment_status":"closed","ping_status":"closed","template":"","meta":{"site-sidebar-layout":"default","site-content-layout":"","ast-site-content-layout":"default","site-content-style":"default","site-sidebar-style":"default","ast-global-header-display":"","ast-banner-title-visibility":"","ast-main-header-display":"","ast-hfb-above-header-display":"","ast-hfb-below-header-display":"","ast-hfb-mobile-header-display":"","site-post-title":"","ast-breadcrumbs-content":"","ast-featured-img":"","footer-sml-layout":"","theme-transparent-header-meta":"","adv-header-id-meta":"","stick-header-meta":"","header-above-stick-meta":"","header-main-stick-meta":"","header-below-stick-meta":"","astra-migrate-meta-layouts":"default","ast-page-background-enabled":"default","ast-page-background-meta":{"desktop":{"background-color":"var(--ast-global-color-4)","background-image":"","background-repeat":"repeat","background-position":"center center","background-size":"auto","background-attachment":"scroll","background-type":"","background-media":"","overlay-type":"","overlay-color":"","overlay-opacity":"","overlay-gradient":""},"tablet":{"background-color":"","background-image":"","background-repeat":"repeat","background-position":"center center","background-size":"auto","background-attachment":"scroll","background-type":"","background-media":"","overlay-type":"","overlay-color":"","overlay-opacity":"","overlay-gradient":""},"mobile":{"background-color":"","background-image":"","background-repeat":"repeat","background-position":"center center","background-size":"auto","background-attachment":"scroll","background-type":"","background-media":"","overlay-type":"","overlay-color":"","overlay-opacity":"","overlay-gradient":""}},"ast-content-background-meta":{"desktop":{"background-color":"var(--ast-global-color-5)","background-image":"","background-repeat":"repeat","background-position":"center center","background-size":"auto","background-attachment":"scroll","background-type":"","background-media":"","overlay-type":"","overlay-color":"","overlay-opacity":"","overlay-gradient":""},"tablet":{"background-color":"var(--ast-global-color-5)","background-image":"","background-repeat":"repeat","background-position":"center center","background-size":"auto","background-attachment":"scroll","background-type":"","background-media":"","overlay-type":"","overlay-color":"","overlay-opacity":"","overlay-gradient":""},"mobile":{"background-color":"var(--ast-global-color-5)","background-image":"","background-repeat":"repeat","background-position":"center center","background-size":"auto","background-attachment":"scroll","background-type":"","background-media":"","overlay-type":"","overlay-color":"","overlay-opacity":"","overlay-gradient":""}}},"product_brand":[],"product_cat":[28],"product_tag":[29],"class_list":{"0":"post-3673","1":"product","2":"type-product","3":"status-publish","4":"has-post-thumbnail","6":"product_cat-udens-laternas","7":"product_tag-laternas","8":"desktop-align-center","9":"tablet-align-center","10":"mobile-align-center","11":"ast-product-gallery-layout-horizontal-slider","12":"ast-product-gallery-with-no-image","13":"ast-product-tabs-layout-accordion","15":"first","16":"outofstock","17":"shipping-taxable","18":"purchasable","19":"product-type-simple"},"yoast_head":"<!-- This site is optimized with the Yoast SEO Premium plugin v26.4 (Yoast SEO v26.4) - https:\/\/yoast.com\/wordpress\/plugins\/seo\/ -->\n<title>Balta \u016bdens laterna<\/title>\n<meta name=\"description\" content=\"\u016adens laterna - balt\u0101, t\u012br\u012bbas un labest\u012bbas kr\u0101s\u0101. Noder\u0113s da\u017e\u0101dos pas\u0101kumos, kur blakus ir \u016bdens, k\u0101 ar\u012b k\u0101 gaismas elements uz galda.\" \/>\n<meta name=\"robots\" content=\"index, follow, max-snippet:-1, max-image-preview:large, max-video-preview:-1\" \/>\n<link rel=\"canonical\" href=\"https:\/\/petarde.lv\/ru\/product\/balta-udens-laterna\/\" \/>\n<meta property=\"og:locale\" content=\"ru_RU\" \/>\n<meta property=\"og:type\" content=\"article\" \/>\n<meta property=\"og:title\" content=\"Balta \u016bdens laterna\" \/>\n<meta property=\"og:description\" content=\"\u016adens laterna - balt\u0101, t\u012br\u012bbas un labest\u012bbas kr\u0101s\u0101. Noder\u0113s da\u017e\u0101dos pas\u0101kumos, kur blakus ir \u016bdens, k\u0101 ar\u012b k\u0101 gaismas elements uz galda.\" \/>\n<meta property=\"og:url\" content=\"https:\/\/petarde.lv\/ru\/product\/balta-udens-laterna\/\" \/>\n<meta property=\"og:site_name\" content=\"Petarde\" \/>\n<meta property=\"article:publisher\" content=\"https:\/\/www.facebook.com\/petarde.lv\/\" \/>\n<meta property=\"article:modified_time\" content=\"2025-09-19T12:16:17+00:00\" \/>\n<meta property=\"og:image\" content=\"https:\/\/petarde.lv\/wp-content\/uploads\/2025\/09\/wsi-imageoptim-udens-laterna-balta.jpg\" \/>\n\t<meta property=\"og:image:width\" content=\"300\" \/>\n\t<meta property=\"og:image:height\" content=\"300\" \/>\n\t<meta property=\"og:image:type\" content=\"image\/jpeg\" \/>\n<meta name=\"twitter:card\" content=\"summary_large_image\" \/>\n<script type=\"application\/ld+json\" class=\"yoast-schema-graph\">{\"@context\":\"https:\/\/schema.org\",\"@graph\":[{\"@type\":\"WebPage\",\"@id\":\"https:\/\/petarde.lv\/ru\/product\/balta-udens-laterna\/\",\"url\":\"https:\/\/petarde.lv\/ru\/product\/balta-udens-laterna\/\",\"name\":\"Balta \u016bdens laterna\",\"isPartOf\":{\"@id\":\"https:\/\/petarde.lv\/#website\"},\"primaryImageOfPage\":{\"@id\":\"https:\/\/petarde.lv\/ru\/product\/balta-udens-laterna\/#primaryimage\"},\"image\":{\"@id\":\"https:\/\/petarde.lv\/ru\/product\/balta-udens-laterna\/#primaryimage\"},\"thumbnailUrl\":\"https:\/\/petarde.lv\/wp-content\/uploads\/2025\/09\/wsi-imageoptim-udens-laterna-balta.jpg\",\"datePublished\":\"2025-09-19T12:16:15+00:00\",\"dateModified\":\"2025-09-19T12:16:17+00:00\",\"description\":\"\u016adens laterna - balt\u0101, t\u012br\u012bbas un labest\u012bbas kr\u0101s\u0101. Noder\u0113s da\u017e\u0101dos pas\u0101kumos, kur blakus ir \u016bdens, k\u0101 ar\u012b k\u0101 gaismas elements uz galda.\",\"breadcrumb\":{\"@id\":\"https:\/\/petarde.lv\/ru\/product\/balta-udens-laterna\/#breadcrumb\"},\"inLanguage\":\"ru-RU\",\"potentialAction\":[{\"@type\":\"ReadAction\",\"target\":[\"https:\/\/petarde.lv\/ru\/product\/balta-udens-laterna\/\"]}]},{\"@type\":\"ImageObject\",\"inLanguage\":\"ru-RU\",\"@id\":\"https:\/\/petarde.lv\/ru\/product\/balta-udens-laterna\/#primaryimage\",\"url\":\"https:\/\/petarde.lv\/wp-content\/uploads\/2025\/09\/wsi-imageoptim-udens-laterna-balta.jpg\",\"contentUrl\":\"https:\/\/petarde.lv\/wp-content\/uploads\/2025\/09\/wsi-imageoptim-udens-laterna-balta.jpg\",\"width\":300,\"height\":300},{\"@type\":\"BreadcrumbList\",\"@id\":\"https:\/\/petarde.lv\/ru\/product\/balta-udens-laterna\/#breadcrumb\",\"itemListElement\":[{\"@type\":\"ListItem\",\"position\":1,\"name\":\"Home\",\"item\":\"https:\/\/petarde.lv\/\"},{\"@type\":\"ListItem\",\"position\":2,\"name\":\"SHOP\",\"item\":\"https:\/\/petarde.lv\/en\/shop\/\"},{\"@type\":\"ListItem\",\"position\":3,\"name\":\"Balta \u016bdens laterna\"}]},{\"@type\":\"WebSite\",\"@id\":\"https:\/\/petarde.lv\/#website\",\"url\":\"https:\/\/petarde.lv\/\",\"name\":\"Petarde.lv\",\"description\":\"Pirotehnika, sal\u016bts un petardes sv\u0113tkiem vis\u0101 Latvij\u0101\",\"publisher\":{\"@id\":\"https:\/\/petarde.lv\/#organization\"},\"alternateName\":\"Pirotehnika\",\"potentialAction\":[{\"@type\":\"SearchAction\",\"target\":{\"@type\":\"EntryPoint\",\"urlTemplate\":\"https:\/\/petarde.lv\/?s={search_term_string}\"},\"query-input\":{\"@type\":\"PropertyValueSpecification\",\"valueRequired\":true,\"valueName\":\"search_term_string\"}}],\"inLanguage\":\"ru-RU\"},{\"@type\":\"Organization\",\"@id\":\"https:\/\/petarde.lv\/#organization\",\"name\":\"Petarde.lv\",\"url\":\"https:\/\/petarde.lv\/\",\"logo\":{\"@type\":\"ImageObject\",\"inLanguage\":\"ru-RU\",\"@id\":\"https:\/\/petarde.lv\/#\/schema\/logo\/image\/\",\"url\":\"https:\/\/petarde.lv\/wp-content\/uploads\/2025\/09\/logucis.jpg\",\"contentUrl\":\"https:\/\/petarde.lv\/wp-content\/uploads\/2025\/09\/logucis.jpg\",\"width\":600,\"height\":247,\"caption\":\"Petarde.lv\"},\"image\":{\"@id\":\"https:\/\/petarde.lv\/#\/schema\/logo\/image\/\"},\"sameAs\":[\"https:\/\/www.facebook.com\/petarde.lv\/\",\"https:\/\/www.youtube.com\/channel\/UCBIjpcRoPzs7Puz8ehdQ-mw\"],\"description\":\"Petarde Ltd ir viens no vado\u0161ajiem pirotehnikas tirgot\u0101jiem Latvij\u0101 ar daudzu gadu pieredzi.\",\"email\":\"janis.petarde@inbox.lv\",\"telephone\":\"+371 27809809\",\"legalName\":\"SIA Petarde Ltd\",\"foundingDate\":\"2006-11-08\",\"taxID\":\"40003872737\",\"numberOfEmployees\":{\"@type\":\"QuantitativeValue\",\"minValue\":\"1\",\"maxValue\":\"10\"},\"publishingPrinciples\":\"https:\/\/petarde.lv\/privacy-policy\/\",\"ownershipFundingInfo\":\"https:\/\/petarde.lv\/refund_returns-2\/\",\"actionableFeedbackPolicy\":\"https:\/\/petarde.lv\/privacy-policy\/\",\"correctionsPolicy\":\"https:\/\/petarde.lv\/privacy-policy\/\",\"ethicsPolicy\":\"https:\/\/petarde.lv\/privacy-policy\/\",\"diversityPolicy\":\"https:\/\/petarde.lv\/privacy-policy\/\",\"diversityStaffingReport\":\"https:\/\/petarde.lv\/privacy-policy\/\"}]}<\/script>\n<!-- \/ Yoast SEO Premium plugin. -->","yoast_head_json":{"title":"Balta \u016bdens laterna","description":"\u016adens laterna - balt\u0101, t\u012br\u012bbas un labest\u012bbas kr\u0101s\u0101. Noder\u0113s da\u017e\u0101dos pas\u0101kumos, kur blakus ir \u016bdens, k\u0101 ar\u012b k\u0101 gaismas elements uz galda.","robots":{"index":"index","follow":"follow","max-snippet":"max-snippet:-1","max-image-preview":"max-image-preview:large","max-video-preview":"max-video-preview:-1"},"canonical":"https:\/\/petarde.lv\/ru\/product\/balta-udens-laterna\/","og_locale":"ru_RU","og_type":"article","og_title":"Balta \u016bdens laterna","og_description":"\u016adens laterna - balt\u0101, t\u012br\u012bbas un labest\u012bbas kr\u0101s\u0101. Noder\u0113s da\u017e\u0101dos pas\u0101kumos, kur blakus ir \u016bdens, k\u0101 ar\u012b k\u0101 gaismas elements uz galda.","og_url":"https:\/\/petarde.lv\/ru\/product\/balta-udens-laterna\/","og_site_name":"Petarde","article_publisher":"https:\/\/www.facebook.com\/petarde.lv\/","article_modified_time":"2025-09-19T12:16:17+00:00","og_image":[{"width":300,"height":300,"url":"https:\/\/petarde.lv\/wp-content\/uploads\/2025\/09\/wsi-imageoptim-udens-laterna-balta.jpg","type":"image\/jpeg"}],"twitter_card":"summary_large_image","schema":{"@context":"https:\/\/schema.org","@graph":[{"@type":"WebPage","@id":"https:\/\/petarde.lv\/ru\/product\/balta-udens-laterna\/","url":"https:\/\/petarde.lv\/ru\/product\/balta-udens-laterna\/","name":"Balta \u016bdens laterna","isPartOf":{"@id":"https:\/\/petarde.lv\/#website"},"primaryImageOfPage":{"@id":"https:\/\/petarde.lv\/ru\/product\/balta-udens-laterna\/#primaryimage"},"image":{"@id":"https:\/\/petarde.lv\/ru\/product\/balta-udens-laterna\/#primaryimage"},"thumbnailUrl":"https:\/\/petarde.lv\/wp-content\/uploads\/2025\/09\/wsi-imageoptim-udens-laterna-balta.jpg","datePublished":"2025-09-19T12:16:15+00:00","dateModified":"2025-09-19T12:16:17+00:00","description":"\u016adens laterna - balt\u0101, t\u012br\u012bbas un labest\u012bbas kr\u0101s\u0101. Noder\u0113s da\u017e\u0101dos pas\u0101kumos, kur blakus ir \u016bdens, k\u0101 ar\u012b k\u0101 gaismas elements uz galda.","breadcrumb":{"@id":"https:\/\/petarde.lv\/ru\/product\/balta-udens-laterna\/#breadcrumb"},"inLanguage":"ru-RU","potentialAction":[{"@type":"ReadAction","target":["https:\/\/petarde.lv\/ru\/product\/balta-udens-laterna\/"]}]},{"@type":"ImageObject","inLanguage":"ru-RU","@id":"https:\/\/petarde.lv\/ru\/product\/balta-udens-laterna\/#primaryimage","url":"https:\/\/petarde.lv\/wp-content\/uploads\/2025\/09\/wsi-imageoptim-udens-laterna-balta.jpg","contentUrl":"https:\/\/petarde.lv\/wp-content\/uploads\/2025\/09\/wsi-imageoptim-udens-laterna-balta.jpg","width":300,"height":300},{"@type":"BreadcrumbList","@id":"https:\/\/petarde.lv\/ru\/product\/balta-udens-laterna\/#breadcrumb","itemListElement":[{"@type":"ListItem","position":1,"name":"Home","item":"https:\/\/petarde.lv\/"},{"@type":"ListItem","position":2,"name":"SHOP","item":"https:\/\/petarde.lv\/en\/shop\/"},{"@type":"ListItem","position":3,"name":"Balta \u016bdens laterna"}]},{"@type":"WebSite","@id":"https:\/\/petarde.lv\/#website","url":"https:\/\/petarde.lv\/","name":"Petarde.lv","description":"Pirotehnika, sal\u016bts un petardes sv\u0113tkiem vis\u0101 Latvij\u0101","publisher":{"@id":"https:\/\/petarde.lv\/#organization"},"alternateName":"Pirotehnika","potentialAction":[{"@type":"SearchAction","target":{"@type":"EntryPoint","urlTemplate":"https:\/\/petarde.lv\/?s={search_term_string}"},"query-input":{"@type":"PropertyValueSpecification","valueRequired":true,"valueName":"search_term_string"}}],"inLanguage":"ru-RU"},{"@type":"Organization","@id":"https:\/\/petarde.lv\/#organization","name":"Petarde.lv","url":"https:\/\/petarde.lv\/","logo":{"@type":"ImageObject","inLanguage":"ru-RU","@id":"https:\/\/petarde.lv\/#\/schema\/logo\/image\/","url":"https:\/\/petarde.lv\/wp-content\/uploads\/2025\/09\/logucis.jpg","contentUrl":"https:\/\/petarde.lv\/wp-content\/uploads\/2025\/09\/logucis.jpg","width":600,"height":247,"caption":"Petarde.lv"},"image":{"@id":"https:\/\/petarde.lv\/#\/schema\/logo\/image\/"},"sameAs":["https:\/\/www.facebook.com\/petarde.lv\/","https:\/\/www.youtube.com\/channel\/UCBIjpcRoPzs7Puz8ehdQ-mw"],"description":"Petarde Ltd ir viens no vado\u0161ajiem pirotehnikas tirgot\u0101jiem Latvij\u0101 ar daudzu gadu pieredzi.","email":"janis.petarde@inbox.lv","telephone":"+371 27809809","legalName":"SIA Petarde Ltd","foundingDate":"2006-11-08","taxID":"40003872737","numberOfEmployees":{"@type":"QuantitativeValue","minValue":"1","maxValue":"10"},"publishingPrinciples":"https:\/\/petarde.lv\/privacy-policy\/","ownershipFundingInfo":"https:\/\/petarde.lv\/refund_returns-2\/","actionableFeedbackPolicy":"https:\/\/petarde.lv\/privacy-policy\/","correctionsPolicy":"https:\/\/petarde.lv\/privacy-policy\/","ethicsPolicy":"https:\/\/petarde.lv\/privacy-policy\/","diversityPolicy":"https:\/\/petarde.lv\/privacy-policy\/","diversityStaffingReport":"https:\/\/petarde.lv\/privacy-policy\/"}]}},"_links":{"self":[{"href":"https:\/\/petarde.lv\/ru\/wp-json\/wp\/v2\/product\/3673","targetHints":{"allow":["GET"]}}],"collection":[{"href":"https:\/\/petarde.lv\/ru\/wp-json\/wp\/v2\/product"}],"about":[{"href":"https:\/\/petarde.lv\/ru\/wp-json\/wp\/v2\/types\/product"}],"replies":[{"embeddable":true,"href":"https:\/\/petarde.lv\/ru\/wp-json\/wp\/v2\/comments?post=3673"}],"version-history":[{"count":0,"href":"https:\/\/petarde.lv\/ru\/wp-json\/wp\/v2\/product\/3673\/revisions"}],"wp:featuredmedia":[{"embeddable":true,"href":"https:\/\/petarde.lv\/ru\/wp-json\/wp\/v2\/media\/1519"}],"wp:attachment":[{"href":"https:\/\/petarde.lv\/ru\/wp-json\/wp\/v2\/media?parent=3673"}],"wp:term":[{"taxonomy":"product_brand","embeddable":true,"href":"https:\/\/petarde.lv\/ru\/wp-json\/wp\/v2\/product_brand?post=3673"},{"taxonomy":"product_cat","embeddable":true,"href":"https:\/\/petarde.lv\/ru\/wp-json\/wp\/v2\/product_cat?post=3673"},{"taxonomy":"product_tag","embeddable":true,"href":"https:\/\/petarde.lv\/ru\/wp-json\/wp\/v2\/product_tag?post=3673"}],"curies":[{"name":"wp","href":"https:\/\/api.w.org\/{rel}","templated":true}]}}