{"id":3667,"date":"2025-09-19T12:16:15","date_gmt":"2025-09-19T12:16:15","guid":{"rendered":"https:\/\/petarde.lv\/?post_type=product&#038;p=3667"},"modified":"2025-09-21T09:14:54","modified_gmt":"2025-09-21T09:14:54","slug":"divi-izgaismoti-simboli","status":"publish","type":"product","link":"https:\/\/petarde.lv\/ru\/product\/divi-izgaismoti-simboli\/","title":{"rendered":"Divi izgaismoti simboli"},"content":{"rendered":"<p>Ja svin\u012bbu vieta atrodas t\u0101l\u0101k k\u0101 100km no R\u012bgas un J\u016bs v\u0113laties pakalpojumu &#8220;Divi izgaismoti simboli&#8221;, l\u016bdzu, sazinieties ar mums zvanot vai rakstot (kontaktinform\u0101cija atrodama <span style=\"color: #333333;\"><a style=\"color: #333333;\" href=\"http:\/\/svetkiem.com\/kontakti\/\">\u0161eit<\/a><\/span>), lai vienotos par transporta izmaks\u0101m.<\/p>","protected":false},"excerpt":{"rendered":"<p>\u041f\u0440\u0435\u0434\u043b\u043e\u0436\u0435\u043d\u0438\u0435 \u0432\u043a\u043b\u044e\u0447\u0430\u0435\u0442 \u0432 \u0441\u0435\u0431\u044f:<\/p>\n<p>*\u00a0\u00a0 Izgaismoti 2 simboli &#8211; divciparu skaitlis,\u00a0 sirdis vai inici\u0101\u013ci<br \/>\n* \u00a0 Pirotehnisk\u0101s str\u016bklakas 2 gab<br \/>\n* \u00a0 Darba un transporta izmaksas 100km r\u0101dius\u0101 ap R\u012bgu<br \/>\n* \u00a0 Ugu\u0146o\u0161anas ilgums ~ 60-90 sekundes<\/p>","protected":false},"featured_media":4403,"comment_status":"closed","ping_status":"closed","template":"","meta":{"site-sidebar-layout":"default","site-content-layout":"","ast-site-content-layout":"default","site-content-style":"default","site-sidebar-style":"default","ast-global-header-display":"","ast-banner-title-visibility":"","ast-main-header-display":"","ast-hfb-above-header-display":"","ast-hfb-below-header-display":"","ast-hfb-mobile-header-display":"","site-post-title":"","ast-breadcrumbs-content":"","ast-featured-img":"","footer-sml-layout":"","theme-transparent-header-meta":"default","adv-header-id-meta":"","stick-header-meta":"default","header-above-stick-meta":"","header-main-stick-meta":"","header-below-stick-meta":"","astra-migrate-meta-layouts":"set","ast-page-background-enabled":"default","ast-page-background-meta":{"desktop":{"background-color":"var(--ast-global-color-4)","background-image":"","background-repeat":"repeat","background-position":"center center","background-size":"auto","background-attachment":"scroll","background-type":"","background-media":"","overlay-type":"","overlay-color":"","overlay-opacity":"","overlay-gradient":""},"tablet":{"background-color":"","background-image":"","background-repeat":"repeat","background-position":"center center","background-size":"auto","background-attachment":"scroll","background-type":"","background-media":"","overlay-type":"","overlay-color":"","overlay-opacity":"","overlay-gradient":""},"mobile":{"background-color":"","background-image":"","background-repeat":"repeat","background-position":"center center","background-size":"auto","background-attachment":"scroll","background-type":"","background-media":"","overlay-type":"","overlay-color":"","overlay-opacity":"","overlay-gradient":""}},"ast-content-background-meta":{"desktop":{"background-color":"var(--ast-global-color-5)","background-image":"","background-repeat":"repeat","background-position":"center center","background-size":"auto","background-attachment":"scroll","background-type":"","background-media":"","overlay-type":"","overlay-color":"","overlay-opacity":"","overlay-gradient":""},"tablet":{"background-color":"var(--ast-global-color-5)","background-image":"","background-repeat":"repeat","background-position":"center center","background-size":"auto","background-attachment":"scroll","background-type":"","background-media":"","overlay-type":"","overlay-color":"","overlay-opacity":"","overlay-gradient":""},"mobile":{"background-color":"var(--ast-global-color-5)","background-image":"","background-repeat":"repeat","background-position":"center center","background-size":"auto","background-attachment":"scroll","background-type":"","background-media":"","overlay-type":"","overlay-color":"","overlay-opacity":"","overlay-gradient":""}}},"product_brand":[],"product_cat":[70],"product_tag":[66],"class_list":{"0":"post-3667","1":"product","2":"type-product","3":"status-publish","4":"has-post-thumbnail","6":"product_cat-izgaismoti-logo","7":"product_tag-ugunosana","8":"desktop-align-center","9":"tablet-align-center","10":"mobile-align-center","11":"ast-product-gallery-layout-horizontal-slider","12":"ast-product-tabs-layout-accordion","14":"first","15":"instock","16":"shipping-taxable","17":"purchasable","18":"product-type-simple"},"yoast_head":"<!-- This site is optimized with the Yoast SEO Premium plugin v26.4 (Yoast SEO v26.4) - https:\/\/yoast.com\/wordpress\/plugins\/seo\/ -->\n<title>Divi izgaismoti simboli - sirdis, cipari, inici\u0101\u013ci<\/title>\n<meta name=\"description\" content=\"Divi izgaismoti simboli - tie var b\u016bt jaunlaul\u0101to inici\u0101\u013ci vai divas sirdis k\u0101zu pas\u0101kumos vai tie var b\u016bt divi cipari dzim\u0161anas dienas ball\u012bt\u0113s.\" \/>\n<meta name=\"robots\" content=\"index, follow, max-snippet:-1, max-image-preview:large, max-video-preview:-1\" \/>\n<link rel=\"canonical\" href=\"https:\/\/petarde.lv\/ru\/product\/divi-izgaismoti-simboli\/\" \/>\n<meta property=\"og:locale\" content=\"ru_RU\" \/>\n<meta property=\"og:type\" content=\"article\" \/>\n<meta property=\"og:title\" content=\"Divi izgaismoti simboli\" \/>\n<meta property=\"og:description\" content=\"Divi izgaismoti simboli - tie var b\u016bt jaunlaul\u0101to inici\u0101\u013ci vai divas sirdis k\u0101zu pas\u0101kumos vai tie var b\u016bt divi cipari dzim\u0161anas dienas ball\u012bt\u0113s.\" \/>\n<meta property=\"og:url\" content=\"https:\/\/petarde.lv\/ru\/product\/divi-izgaismoti-simboli\/\" \/>\n<meta property=\"og:site_name\" content=\"Petarde\" \/>\n<meta property=\"article:publisher\" content=\"https:\/\/www.facebook.com\/petarde.lv\/\" \/>\n<meta property=\"article:modified_time\" content=\"2025-09-21T09:14:54+00:00\" \/>\n<meta property=\"og:image\" content=\"https:\/\/petarde.lv\/wp-content\/uploads\/2025\/09\/50sovs.jpg\" \/>\n\t<meta property=\"og:image:width\" content=\"800\" \/>\n\t<meta property=\"og:image:height\" content=\"800\" \/>\n\t<meta property=\"og:image:type\" content=\"image\/jpeg\" \/>\n<meta name=\"twitter:card\" content=\"summary_large_image\" \/>\n<script type=\"application\/ld+json\" class=\"yoast-schema-graph\">{\"@context\":\"https:\/\/schema.org\",\"@graph\":[{\"@type\":\"WebPage\",\"@id\":\"https:\/\/petarde.lv\/product\/divi-izgaismoti-simboli\/\",\"url\":\"https:\/\/petarde.lv\/product\/divi-izgaismoti-simboli\/\",\"name\":\"Divi izgaismoti simboli - sirdis, cipari, inici\u0101\u013ci\",\"isPartOf\":{\"@id\":\"https:\/\/petarde.lv\/#website\"},\"primaryImageOfPage\":{\"@id\":\"https:\/\/petarde.lv\/product\/divi-izgaismoti-simboli\/#primaryimage\"},\"image\":{\"@id\":\"https:\/\/petarde.lv\/product\/divi-izgaismoti-simboli\/#primaryimage\"},\"thumbnailUrl\":\"https:\/\/petarde.lv\/wp-content\/uploads\/2025\/09\/50sovs.jpg\",\"datePublished\":\"2025-09-19T12:16:15+00:00\",\"dateModified\":\"2025-09-21T09:14:54+00:00\",\"description\":\"Divi izgaismoti simboli - tie var b\u016bt jaunlaul\u0101to inici\u0101\u013ci vai divas sirdis k\u0101zu pas\u0101kumos vai tie var b\u016bt divi cipari dzim\u0161anas dienas ball\u012bt\u0113s.\",\"breadcrumb\":{\"@id\":\"https:\/\/petarde.lv\/product\/divi-izgaismoti-simboli\/#breadcrumb\"},\"inLanguage\":\"ru-RU\",\"potentialAction\":[{\"@type\":\"ReadAction\",\"target\":[\"https:\/\/petarde.lv\/product\/divi-izgaismoti-simboli\/\"]}]},{\"@type\":\"ImageObject\",\"inLanguage\":\"ru-RU\",\"@id\":\"https:\/\/petarde.lv\/product\/divi-izgaismoti-simboli\/#primaryimage\",\"url\":\"https:\/\/petarde.lv\/wp-content\/uploads\/2025\/09\/50sovs.jpg\",\"contentUrl\":\"https:\/\/petarde.lv\/wp-content\/uploads\/2025\/09\/50sovs.jpg\",\"width\":800,\"height\":800,\"caption\":\"Petarde, sal\u016bts, pirotehnikas \u0161ovs\"},{\"@type\":\"BreadcrumbList\",\"@id\":\"https:\/\/petarde.lv\/product\/divi-izgaismoti-simboli\/#breadcrumb\",\"itemListElement\":[{\"@type\":\"ListItem\",\"position\":1,\"name\":\"Home\",\"item\":\"https:\/\/petarde.lv\/\"},{\"@type\":\"ListItem\",\"position\":2,\"name\":\"SHOP\",\"item\":\"https:\/\/petarde.lv\/en\/shop\/\"},{\"@type\":\"ListItem\",\"position\":3,\"name\":\"Divi izgaismoti simboli\"}]},{\"@type\":\"WebSite\",\"@id\":\"https:\/\/petarde.lv\/#website\",\"url\":\"https:\/\/petarde.lv\/\",\"name\":\"Petarde.lv\",\"description\":\"Pirotehnika, sal\u016bts un petardes sv\u0113tkiem vis\u0101 Latvij\u0101\",\"publisher\":{\"@id\":\"https:\/\/petarde.lv\/#organization\"},\"alternateName\":\"Pirotehnika\",\"potentialAction\":[{\"@type\":\"SearchAction\",\"target\":{\"@type\":\"EntryPoint\",\"urlTemplate\":\"https:\/\/petarde.lv\/?s={search_term_string}\"},\"query-input\":{\"@type\":\"PropertyValueSpecification\",\"valueRequired\":true,\"valueName\":\"search_term_string\"}}],\"inLanguage\":\"ru-RU\"},{\"@type\":\"Organization\",\"@id\":\"https:\/\/petarde.lv\/#organization\",\"name\":\"Petarde.lv\",\"url\":\"https:\/\/petarde.lv\/\",\"logo\":{\"@type\":\"ImageObject\",\"inLanguage\":\"ru-RU\",\"@id\":\"https:\/\/petarde.lv\/#\/schema\/logo\/image\/\",\"url\":\"https:\/\/petarde.lv\/wp-content\/uploads\/2025\/09\/logucis.jpg\",\"contentUrl\":\"https:\/\/petarde.lv\/wp-content\/uploads\/2025\/09\/logucis.jpg\",\"width\":600,\"height\":247,\"caption\":\"Petarde.lv\"},\"image\":{\"@id\":\"https:\/\/petarde.lv\/#\/schema\/logo\/image\/\"},\"sameAs\":[\"https:\/\/www.facebook.com\/petarde.lv\/\",\"https:\/\/www.youtube.com\/channel\/UCBIjpcRoPzs7Puz8ehdQ-mw\"],\"description\":\"Petarde Ltd ir viens no vado\u0161ajiem pirotehnikas tirgot\u0101jiem Latvij\u0101 ar daudzu gadu pieredzi.\",\"email\":\"janis.petarde@inbox.lv\",\"telephone\":\"+371 27809809\",\"legalName\":\"SIA Petarde Ltd\",\"foundingDate\":\"2006-11-08\",\"taxID\":\"40003872737\",\"numberOfEmployees\":{\"@type\":\"QuantitativeValue\",\"minValue\":\"1\",\"maxValue\":\"10\"},\"publishingPrinciples\":\"https:\/\/petarde.lv\/privacy-policy\/\",\"ownershipFundingInfo\":\"https:\/\/petarde.lv\/refund_returns-2\/\",\"actionableFeedbackPolicy\":\"https:\/\/petarde.lv\/privacy-policy\/\",\"correctionsPolicy\":\"https:\/\/petarde.lv\/privacy-policy\/\",\"ethicsPolicy\":\"https:\/\/petarde.lv\/privacy-policy\/\",\"diversityPolicy\":\"https:\/\/petarde.lv\/privacy-policy\/\",\"diversityStaffingReport\":\"https:\/\/petarde.lv\/privacy-policy\/\"}]}<\/script>\n<!-- \/ Yoast SEO Premium plugin. -->","yoast_head_json":{"title":"Divi izgaismoti simboli - sirdis, cipari, inici\u0101\u013ci","description":"Divi izgaismoti simboli - tie var b\u016bt jaunlaul\u0101to inici\u0101\u013ci vai divas sirdis k\u0101zu pas\u0101kumos vai tie var b\u016bt divi cipari dzim\u0161anas dienas ball\u012bt\u0113s.","robots":{"index":"index","follow":"follow","max-snippet":"max-snippet:-1","max-image-preview":"max-image-preview:large","max-video-preview":"max-video-preview:-1"},"canonical":"https:\/\/petarde.lv\/ru\/product\/divi-izgaismoti-simboli\/","og_locale":"ru_RU","og_type":"article","og_title":"Divi izgaismoti simboli","og_description":"Divi izgaismoti simboli - tie var b\u016bt jaunlaul\u0101to inici\u0101\u013ci vai divas sirdis k\u0101zu pas\u0101kumos vai tie var b\u016bt divi cipari dzim\u0161anas dienas ball\u012bt\u0113s.","og_url":"https:\/\/petarde.lv\/ru\/product\/divi-izgaismoti-simboli\/","og_site_name":"Petarde","article_publisher":"https:\/\/www.facebook.com\/petarde.lv\/","article_modified_time":"2025-09-21T09:14:54+00:00","og_image":[{"width":800,"height":800,"url":"https:\/\/petarde.lv\/wp-content\/uploads\/2025\/09\/50sovs.jpg","type":"image\/jpeg"}],"twitter_card":"summary_large_image","schema":{"@context":"https:\/\/schema.org","@graph":[{"@type":"WebPage","@id":"https:\/\/petarde.lv\/product\/divi-izgaismoti-simboli\/","url":"https:\/\/petarde.lv\/product\/divi-izgaismoti-simboli\/","name":"Divi izgaismoti simboli - sirdis, cipari, inici\u0101\u013ci","isPartOf":{"@id":"https:\/\/petarde.lv\/#website"},"primaryImageOfPage":{"@id":"https:\/\/petarde.lv\/product\/divi-izgaismoti-simboli\/#primaryimage"},"image":{"@id":"https:\/\/petarde.lv\/product\/divi-izgaismoti-simboli\/#primaryimage"},"thumbnailUrl":"https:\/\/petarde.lv\/wp-content\/uploads\/2025\/09\/50sovs.jpg","datePublished":"2025-09-19T12:16:15+00:00","dateModified":"2025-09-21T09:14:54+00:00","description":"Divi izgaismoti simboli - tie var b\u016bt jaunlaul\u0101to inici\u0101\u013ci vai divas sirdis k\u0101zu pas\u0101kumos vai tie var b\u016bt divi cipari dzim\u0161anas dienas ball\u012bt\u0113s.","breadcrumb":{"@id":"https:\/\/petarde.lv\/product\/divi-izgaismoti-simboli\/#breadcrumb"},"inLanguage":"ru-RU","potentialAction":[{"@type":"ReadAction","target":["https:\/\/petarde.lv\/product\/divi-izgaismoti-simboli\/"]}]},{"@type":"ImageObject","inLanguage":"ru-RU","@id":"https:\/\/petarde.lv\/product\/divi-izgaismoti-simboli\/#primaryimage","url":"https:\/\/petarde.lv\/wp-content\/uploads\/2025\/09\/50sovs.jpg","contentUrl":"https:\/\/petarde.lv\/wp-content\/uploads\/2025\/09\/50sovs.jpg","width":800,"height":800,"caption":"Petarde, sal\u016bts, pirotehnikas \u0161ovs"},{"@type":"BreadcrumbList","@id":"https:\/\/petarde.lv\/product\/divi-izgaismoti-simboli\/#breadcrumb","itemListElement":[{"@type":"ListItem","position":1,"name":"Home","item":"https:\/\/petarde.lv\/"},{"@type":"ListItem","position":2,"name":"SHOP","item":"https:\/\/petarde.lv\/en\/shop\/"},{"@type":"ListItem","position":3,"name":"Divi izgaismoti simboli"}]},{"@type":"WebSite","@id":"https:\/\/petarde.lv\/#website","url":"https:\/\/petarde.lv\/","name":"Petarde.lv","description":"Pirotehnika, sal\u016bts un petardes sv\u0113tkiem vis\u0101 Latvij\u0101","publisher":{"@id":"https:\/\/petarde.lv\/#organization"},"alternateName":"Pirotehnika","potentialAction":[{"@type":"SearchAction","target":{"@type":"EntryPoint","urlTemplate":"https:\/\/petarde.lv\/?s={search_term_string}"},"query-input":{"@type":"PropertyValueSpecification","valueRequired":true,"valueName":"search_term_string"}}],"inLanguage":"ru-RU"},{"@type":"Organization","@id":"https:\/\/petarde.lv\/#organization","name":"Petarde.lv","url":"https:\/\/petarde.lv\/","logo":{"@type":"ImageObject","inLanguage":"ru-RU","@id":"https:\/\/petarde.lv\/#\/schema\/logo\/image\/","url":"https:\/\/petarde.lv\/wp-content\/uploads\/2025\/09\/logucis.jpg","contentUrl":"https:\/\/petarde.lv\/wp-content\/uploads\/2025\/09\/logucis.jpg","width":600,"height":247,"caption":"Petarde.lv"},"image":{"@id":"https:\/\/petarde.lv\/#\/schema\/logo\/image\/"},"sameAs":["https:\/\/www.facebook.com\/petarde.lv\/","https:\/\/www.youtube.com\/channel\/UCBIjpcRoPzs7Puz8ehdQ-mw"],"description":"Petarde Ltd ir viens no vado\u0161ajiem pirotehnikas tirgot\u0101jiem Latvij\u0101 ar daudzu gadu pieredzi.","email":"janis.petarde@inbox.lv","telephone":"+371 27809809","legalName":"SIA Petarde Ltd","foundingDate":"2006-11-08","taxID":"40003872737","numberOfEmployees":{"@type":"QuantitativeValue","minValue":"1","maxValue":"10"},"publishingPrinciples":"https:\/\/petarde.lv\/privacy-policy\/","ownershipFundingInfo":"https:\/\/petarde.lv\/refund_returns-2\/","actionableFeedbackPolicy":"https:\/\/petarde.lv\/privacy-policy\/","correctionsPolicy":"https:\/\/petarde.lv\/privacy-policy\/","ethicsPolicy":"https:\/\/petarde.lv\/privacy-policy\/","diversityPolicy":"https:\/\/petarde.lv\/privacy-policy\/","diversityStaffingReport":"https:\/\/petarde.lv\/privacy-policy\/"}]}},"_links":{"self":[{"href":"https:\/\/petarde.lv\/ru\/wp-json\/wp\/v2\/product\/3667","targetHints":{"allow":["GET"]}}],"collection":[{"href":"https:\/\/petarde.lv\/ru\/wp-json\/wp\/v2\/product"}],"about":[{"href":"https:\/\/petarde.lv\/ru\/wp-json\/wp\/v2\/types\/product"}],"replies":[{"embeddable":true,"href":"https:\/\/petarde.lv\/ru\/wp-json\/wp\/v2\/comments?post=3667"}],"version-history":[{"count":0,"href":"https:\/\/petarde.lv\/ru\/wp-json\/wp\/v2\/product\/3667\/revisions"}],"wp:featuredmedia":[{"embeddable":true,"href":"https:\/\/petarde.lv\/ru\/wp-json\/wp\/v2\/media\/4403"}],"wp:attachment":[{"href":"https:\/\/petarde.lv\/ru\/wp-json\/wp\/v2\/media?parent=3667"}],"wp:term":[{"taxonomy":"product_brand","embeddable":true,"href":"https:\/\/petarde.lv\/ru\/wp-json\/wp\/v2\/product_brand?post=3667"},{"taxonomy":"product_cat","embeddable":true,"href":"https:\/\/petarde.lv\/ru\/wp-json\/wp\/v2\/product_cat?post=3667"},{"taxonomy":"product_tag","embeddable":true,"href":"https:\/\/petarde.lv\/ru\/wp-json\/wp\/v2\/product_tag?post=3667"}],"curies":[{"name":"wp","href":"https:\/\/api.w.org\/{rel}","templated":true}]}}