{"id":3568,"date":"2025-09-19T12:16:02","date_gmt":"2025-09-19T12:16:02","guid":{"rendered":"https:\/\/petarde.lv\/?post_type=product&#038;p=3568"},"modified":"2025-09-19T12:16:07","modified_gmt":"2025-09-19T12:16:07","slug":"moon-traveller","status":"publish","type":"product","link":"https:\/\/petarde.lv\/ru\/product\/moon-traveller\/","title":{"rendered":"Moon Traveller"},"content":{"rendered":"<h2><span style=\"font-family: times new roman,times,serif; color: #800000;\">\u0414\u043e\u0441\u0442\u0430\u0432\u043a\u0430 \u043d\u0430 \u0434\u043e\u043c \u043f\u0438\u0440\u043e\u0442\u0435\u0445\u043d\u0438\u0447\u0435\u0441\u043a\u0438\u0445 \u0438\u0437\u0434\u0435\u043b\u0438\u0439, \u043f\u0440\u0438\u043e\u0431\u0440\u0435\u0442\u0435\u043d\u043d\u044b\u0445 \u0447\u0435\u0440\u0435\u0437 \u0418\u043d\u0442\u0435\u0440\u043d\u0435\u0442, \u0432 \u0441\u043e\u043e\u0442\u0432\u0435\u0442\u0441\u0442\u0432\u0438\u0438 \u0441 \u0437\u0430\u043a\u043e\u043d\u043e\u0434\u0430\u0442\u0435\u043b\u044c\u0441\u0442\u0432\u043e\u043c \u041b\u0438\u0442\u043e\u0432\u0441\u043a\u043e\u0439 \u0420\u0435\u0441\u043f\u0443\u0431\u043b\u0438\u043a\u0438 \u041d\u0415 \u0432\u043e\u0437\u043c\u043e\u0436\u043d\u0430! \u041f\u0440\u0438\u043e\u0431\u0440\u0435\u0442\u0435\u043d\u043d\u0443\u044e \u043f\u0438\u0440\u043e\u0442\u0435\u0445\u043d\u0438\u043a\u0443 \u043c\u043e\u0436\u043d\u043e \u0437\u0430\u0431\u0440\u0430\u0442\u044c \u0422\u041e\u041b\u042c\u041a\u041e \u0438\u0437 \u043c\u0430\u0433\u0430\u0437\u0438\u043d\u043e\u0432 \u043f\u0438\u0440\u043e\u0442\u0435\u0445\u043d\u0438\u043a\u0438.<\/span><\/h2>\n<h2>\u0418\u043d\u0441\u0442\u0440\u0443\u043a\u0446\u0438\u044f \u043f\u043e \u043f\u0440\u0438\u043c\u0435\u043d\u0435\u043d\u0438\u044e<\/h2>\n<p>\u041f\u043e\u043a\u0443\u043f\u043a\u0430 \u0440\u0430\u0437\u0440\u0435\u0448\u0435\u043d\u0430 \u0441 18 \u043b\u0435\u0442.<\/p>\n<p>\u0425\u0440\u0430\u043d\u0438\u0442\u044c \u0432 \u0441\u0443\u0445\u043e\u043c \u043c\u0435\u0441\u0442\u0435.<\/p>\n<p>\u0422\u043e\u043b\u044c\u043a\u043e \u0434\u043b\u044f \u043d\u0430\u0440\u0443\u0436\u043d\u043e\u0433\u043e \u043f\u0440\u0438\u043c\u0435\u043d\u0435\u043d\u0438\u044f.<\/p>\n<p>Novietot uz cietas stabilas virsmas. No\u0146emt deg\u013ca aizsargapvalku un izstiept\u0101 rok\u0101, nep\u0101rliecoties p\u0101r bateriju, aizdedzin\u0101t deg\u013ca galu. Nekav\u0113joties att\u0101lin\u0101ties 8m. Neaizdeg\u0161an\u0101s gad\u012bjum\u0101 netuvoties 15 min. P\u0113c tam nog\u0101d\u0101t atpaka\u013c izplat\u012bt\u0101jam.<\/p>","protected":false},"excerpt":{"rendered":"<p>\u041a\u0430\u043b\u0438\u0431\u0440: 1,2\u2033<\/p>\n<p>\u041a\u043e\u043b\u0438\u0447\u0435\u0441\u0442\u0432\u043e \u0432\u044b\u0441\u0442\u0440\u0435\u043b\u043e\u0432: 25<\/p>\n<p>Ilgums: ~42 sekundes<\/p>\n<p>\u042d\u0444\u0444\u0435\u043a\u0442:<br \/>\nA: daudzkr\u0101saina d\u0101lija ar zelta mirdzumiem un sarkanu asti;<br \/>\nB: daudzkr\u0101saina d\u0101lija ar brok\u0101tu un za\u013cu asti;<br \/>\nC: daudzkr\u0101sainas d\u0101lijas ar krizant\u0113m\u0101m un sprak\u0161\u0137o\u0161u asti;<br \/>\nD: zelta zvaigznes ar daudzkr\u0101sainiem un baltiem mirdzumiem un sarkanu asti.<\/p>\n<p>\u0421\u0434\u0435\u043b\u0430\u043d\u043e \u0432 \u041a\u0438\u0442\u0430\u0435.<\/p>","protected":false},"featured_media":1452,"comment_status":"closed","ping_status":"closed","template":"","meta":{"site-sidebar-layout":"default","site-content-layout":"","ast-site-content-layout":"default","site-content-style":"default","site-sidebar-style":"default","ast-global-header-display":"","ast-banner-title-visibility":"","ast-main-header-display":"","ast-hfb-above-header-display":"","ast-hfb-below-header-display":"","ast-hfb-mobile-header-display":"","site-post-title":"","ast-breadcrumbs-content":"","ast-featured-img":"","footer-sml-layout":"","theme-transparent-header-meta":"","adv-header-id-meta":"","stick-header-meta":"","header-above-stick-meta":"","header-main-stick-meta":"","header-below-stick-meta":"","astra-migrate-meta-layouts":"default","ast-page-background-enabled":"default","ast-page-background-meta":{"desktop":{"background-color":"var(--ast-global-color-4)","background-image":"","background-repeat":"repeat","background-position":"center center","background-size":"auto","background-attachment":"scroll","background-type":"","background-media":"","overlay-type":"","overlay-color":"","overlay-opacity":"","overlay-gradient":""},"tablet":{"background-color":"","background-image":"","background-repeat":"repeat","background-position":"center center","background-size":"auto","background-attachment":"scroll","background-type":"","background-media":"","overlay-type":"","overlay-color":"","overlay-opacity":"","overlay-gradient":""},"mobile":{"background-color":"","background-image":"","background-repeat":"repeat","background-position":"center center","background-size":"auto","background-attachment":"scroll","background-type":"","background-media":"","overlay-type":"","overlay-color":"","overlay-opacity":"","overlay-gradient":""}},"ast-content-background-meta":{"desktop":{"background-color":"var(--ast-global-color-5)","background-image":"","background-repeat":"repeat","background-position":"center center","background-size":"auto","background-attachment":"scroll","background-type":"","background-media":"","overlay-type":"","overlay-color":"","overlay-opacity":"","overlay-gradient":""},"tablet":{"background-color":"var(--ast-global-color-5)","background-image":"","background-repeat":"repeat","background-position":"center center","background-size":"auto","background-attachment":"scroll","background-type":"","background-media":"","overlay-type":"","overlay-color":"","overlay-opacity":"","overlay-gradient":""},"mobile":{"background-color":"var(--ast-global-color-5)","background-image":"","background-repeat":"repeat","background-position":"center center","background-size":"auto","background-attachment":"scroll","background-type":"","background-media":"","overlay-type":"","overlay-color":"","overlay-opacity":"","overlay-gradient":""}}},"product_brand":[],"product_cat":[54],"product_tag":[34],"class_list":{"0":"post-3568","1":"product","2":"type-product","3":"status-publish","4":"has-post-thumbnail","6":"product_cat-baterijas","7":"product_tag-pirotehnika","8":"desktop-align-center","9":"tablet-align-center","10":"mobile-align-center","11":"ast-product-gallery-layout-horizontal-slider","12":"ast-product-tabs-layout-accordion","14":"first","15":"outofstock","16":"shipping-taxable","17":"purchasable","18":"product-type-simple"},"yoast_head":"<!-- This site is optimized with the Yoast SEO Premium plugin v26.4 (Yoast SEO v26.4) - https:\/\/yoast.com\/wordpress\/plugins\/seo\/ -->\n<title>Sal\u016bta baterija Moon traveller<\/title>\n<meta name=\"robots\" content=\"index, follow, max-snippet:-1, max-image-preview:large, max-video-preview:-1\" \/>\n<link rel=\"canonical\" href=\"https:\/\/petarde.lv\/ru\/product\/moon-traveller\/\" \/>\n<meta property=\"og:locale\" content=\"ru_RU\" \/>\n<meta property=\"og:type\" content=\"article\" \/>\n<meta property=\"og:title\" content=\"Moon Traveller\" \/>\n<meta property=\"og:description\" content=\"Kalibrs: 1,2&quot;  \u0160\u0101vienu skaits: 25  Ilgums: ~42 sekundes  Efekts: A: daudzkr\u0101saina d\u0101lija ar zelta mirdzumiem un sarkanu asti; B: daudzkr\u0101saina d\u0101lija ar brok\u0101tu un za\u013cu asti; C: daudzkr\u0101sainas d\u0101lijas ar krizant\u0113m\u0101m un sprak\u0161\u0137o\u0161u asti; D: zelta zvaigznes ar daudzkr\u0101sainiem un baltiem mirdzumiem un sarkanu asti.  Ra\u017eots \u0136\u012bn\u0101. 2. kategorija\" \/>\n<meta property=\"og:url\" content=\"https:\/\/petarde.lv\/ru\/product\/moon-traveller\/\" \/>\n<meta property=\"og:site_name\" content=\"Petarde\" \/>\n<meta property=\"article:publisher\" content=\"https:\/\/www.facebook.com\/petarde.lv\/\" \/>\n<meta property=\"article:modified_time\" content=\"2025-09-19T12:16:07+00:00\" \/>\n<meta property=\"og:image\" content=\"https:\/\/petarde.lv\/wp-content\/uploads\/2025\/09\/wsi-imageoptim-Baterija-Moon-Traveller.jpg\" \/>\n\t<meta property=\"og:image:width\" content=\"300\" \/>\n\t<meta property=\"og:image:height\" content=\"300\" \/>\n\t<meta property=\"og:image:type\" content=\"image\/jpeg\" \/>\n<meta name=\"twitter:card\" content=\"summary_large_image\" \/>\n<script type=\"application\/ld+json\" class=\"yoast-schema-graph\">{\"@context\":\"https:\/\/schema.org\",\"@graph\":[{\"@type\":\"WebPage\",\"@id\":\"https:\/\/petarde.lv\/product\/moon-traveller\/\",\"url\":\"https:\/\/petarde.lv\/product\/moon-traveller\/\",\"name\":\"Sal\u016bta baterija Moon traveller\",\"isPartOf\":{\"@id\":\"https:\/\/petarde.lv\/#website\"},\"primaryImageOfPage\":{\"@id\":\"https:\/\/petarde.lv\/product\/moon-traveller\/#primaryimage\"},\"image\":{\"@id\":\"https:\/\/petarde.lv\/product\/moon-traveller\/#primaryimage\"},\"thumbnailUrl\":\"https:\/\/petarde.lv\/wp-content\/uploads\/2025\/09\/wsi-imageoptim-Baterija-Moon-Traveller.jpg\",\"datePublished\":\"2025-09-19T12:16:02+00:00\",\"dateModified\":\"2025-09-19T12:16:07+00:00\",\"breadcrumb\":{\"@id\":\"https:\/\/petarde.lv\/product\/moon-traveller\/#breadcrumb\"},\"inLanguage\":\"ru-RU\",\"potentialAction\":[{\"@type\":\"ReadAction\",\"target\":[\"https:\/\/petarde.lv\/product\/moon-traveller\/\"]}]},{\"@type\":\"ImageObject\",\"inLanguage\":\"ru-RU\",\"@id\":\"https:\/\/petarde.lv\/product\/moon-traveller\/#primaryimage\",\"url\":\"https:\/\/petarde.lv\/wp-content\/uploads\/2025\/09\/wsi-imageoptim-Baterija-Moon-Traveller.jpg\",\"contentUrl\":\"https:\/\/petarde.lv\/wp-content\/uploads\/2025\/09\/wsi-imageoptim-Baterija-Moon-Traveller.jpg\",\"width\":300,\"height\":300},{\"@type\":\"BreadcrumbList\",\"@id\":\"https:\/\/petarde.lv\/product\/moon-traveller\/#breadcrumb\",\"itemListElement\":[{\"@type\":\"ListItem\",\"position\":1,\"name\":\"Home\",\"item\":\"https:\/\/petarde.lv\/\"},{\"@type\":\"ListItem\",\"position\":2,\"name\":\"SHOP\",\"item\":\"https:\/\/petarde.lv\/en\/shop\/\"},{\"@type\":\"ListItem\",\"position\":3,\"name\":\"Moon Traveller\"}]},{\"@type\":\"WebSite\",\"@id\":\"https:\/\/petarde.lv\/#website\",\"url\":\"https:\/\/petarde.lv\/\",\"name\":\"Petarde.lv\",\"description\":\"Pirotehnika, sal\u016bts un petardes sv\u0113tkiem vis\u0101 Latvij\u0101\",\"publisher\":{\"@id\":\"https:\/\/petarde.lv\/#organization\"},\"alternateName\":\"Pirotehnika\",\"potentialAction\":[{\"@type\":\"SearchAction\",\"target\":{\"@type\":\"EntryPoint\",\"urlTemplate\":\"https:\/\/petarde.lv\/?s={search_term_string}\"},\"query-input\":{\"@type\":\"PropertyValueSpecification\",\"valueRequired\":true,\"valueName\":\"search_term_string\"}}],\"inLanguage\":\"ru-RU\"},{\"@type\":\"Organization\",\"@id\":\"https:\/\/petarde.lv\/#organization\",\"name\":\"Petarde.lv\",\"url\":\"https:\/\/petarde.lv\/\",\"logo\":{\"@type\":\"ImageObject\",\"inLanguage\":\"ru-RU\",\"@id\":\"https:\/\/petarde.lv\/#\/schema\/logo\/image\/\",\"url\":\"https:\/\/petarde.lv\/wp-content\/uploads\/2025\/09\/logucis.jpg\",\"contentUrl\":\"https:\/\/petarde.lv\/wp-content\/uploads\/2025\/09\/logucis.jpg\",\"width\":600,\"height\":247,\"caption\":\"Petarde.lv\"},\"image\":{\"@id\":\"https:\/\/petarde.lv\/#\/schema\/logo\/image\/\"},\"sameAs\":[\"https:\/\/www.facebook.com\/petarde.lv\/\",\"https:\/\/www.youtube.com\/channel\/UCBIjpcRoPzs7Puz8ehdQ-mw\"],\"description\":\"Petarde Ltd ir viens no vado\u0161ajiem pirotehnikas tirgot\u0101jiem Latvij\u0101 ar daudzu gadu pieredzi.\",\"email\":\"janis.petarde@inbox.lv\",\"telephone\":\"+371 27809809\",\"legalName\":\"SIA Petarde Ltd\",\"foundingDate\":\"2006-11-08\",\"taxID\":\"40003872737\",\"numberOfEmployees\":{\"@type\":\"QuantitativeValue\",\"minValue\":\"1\",\"maxValue\":\"10\"},\"publishingPrinciples\":\"https:\/\/petarde.lv\/privacy-policy\/\",\"ownershipFundingInfo\":\"https:\/\/petarde.lv\/refund_returns-2\/\",\"actionableFeedbackPolicy\":\"https:\/\/petarde.lv\/privacy-policy\/\",\"correctionsPolicy\":\"https:\/\/petarde.lv\/privacy-policy\/\",\"ethicsPolicy\":\"https:\/\/petarde.lv\/privacy-policy\/\",\"diversityPolicy\":\"https:\/\/petarde.lv\/privacy-policy\/\",\"diversityStaffingReport\":\"https:\/\/petarde.lv\/privacy-policy\/\"}]}<\/script>\n<!-- \/ Yoast SEO Premium plugin. -->","yoast_head_json":{"title":"Sal\u016bta baterija Moon traveller","robots":{"index":"index","follow":"follow","max-snippet":"max-snippet:-1","max-image-preview":"max-image-preview:large","max-video-preview":"max-video-preview:-1"},"canonical":"https:\/\/petarde.lv\/ru\/product\/moon-traveller\/","og_locale":"ru_RU","og_type":"article","og_title":"Moon Traveller","og_description":"Kalibrs: 1,2\"  \u0160\u0101vienu skaits: 25  Ilgums: ~42 sekundes  Efekts: A: daudzkr\u0101saina d\u0101lija ar zelta mirdzumiem un sarkanu asti; B: daudzkr\u0101saina d\u0101lija ar brok\u0101tu un za\u013cu asti; C: daudzkr\u0101sainas d\u0101lijas ar krizant\u0113m\u0101m un sprak\u0161\u0137o\u0161u asti; D: zelta zvaigznes ar daudzkr\u0101sainiem un baltiem mirdzumiem un sarkanu asti.  Ra\u017eots \u0136\u012bn\u0101. 2. kategorija","og_url":"https:\/\/petarde.lv\/ru\/product\/moon-traveller\/","og_site_name":"Petarde","article_publisher":"https:\/\/www.facebook.com\/petarde.lv\/","article_modified_time":"2025-09-19T12:16:07+00:00","og_image":[{"width":300,"height":300,"url":"https:\/\/petarde.lv\/wp-content\/uploads\/2025\/09\/wsi-imageoptim-Baterija-Moon-Traveller.jpg","type":"image\/jpeg"}],"twitter_card":"summary_large_image","schema":{"@context":"https:\/\/schema.org","@graph":[{"@type":"WebPage","@id":"https:\/\/petarde.lv\/product\/moon-traveller\/","url":"https:\/\/petarde.lv\/product\/moon-traveller\/","name":"Sal\u016bta baterija Moon traveller","isPartOf":{"@id":"https:\/\/petarde.lv\/#website"},"primaryImageOfPage":{"@id":"https:\/\/petarde.lv\/product\/moon-traveller\/#primaryimage"},"image":{"@id":"https:\/\/petarde.lv\/product\/moon-traveller\/#primaryimage"},"thumbnailUrl":"https:\/\/petarde.lv\/wp-content\/uploads\/2025\/09\/wsi-imageoptim-Baterija-Moon-Traveller.jpg","datePublished":"2025-09-19T12:16:02+00:00","dateModified":"2025-09-19T12:16:07+00:00","breadcrumb":{"@id":"https:\/\/petarde.lv\/product\/moon-traveller\/#breadcrumb"},"inLanguage":"ru-RU","potentialAction":[{"@type":"ReadAction","target":["https:\/\/petarde.lv\/product\/moon-traveller\/"]}]},{"@type":"ImageObject","inLanguage":"ru-RU","@id":"https:\/\/petarde.lv\/product\/moon-traveller\/#primaryimage","url":"https:\/\/petarde.lv\/wp-content\/uploads\/2025\/09\/wsi-imageoptim-Baterija-Moon-Traveller.jpg","contentUrl":"https:\/\/petarde.lv\/wp-content\/uploads\/2025\/09\/wsi-imageoptim-Baterija-Moon-Traveller.jpg","width":300,"height":300},{"@type":"BreadcrumbList","@id":"https:\/\/petarde.lv\/product\/moon-traveller\/#breadcrumb","itemListElement":[{"@type":"ListItem","position":1,"name":"Home","item":"https:\/\/petarde.lv\/"},{"@type":"ListItem","position":2,"name":"SHOP","item":"https:\/\/petarde.lv\/en\/shop\/"},{"@type":"ListItem","position":3,"name":"Moon Traveller"}]},{"@type":"WebSite","@id":"https:\/\/petarde.lv\/#website","url":"https:\/\/petarde.lv\/","name":"Petarde.lv","description":"Pirotehnika, sal\u016bts un petardes sv\u0113tkiem vis\u0101 Latvij\u0101","publisher":{"@id":"https:\/\/petarde.lv\/#organization"},"alternateName":"Pirotehnika","potentialAction":[{"@type":"SearchAction","target":{"@type":"EntryPoint","urlTemplate":"https:\/\/petarde.lv\/?s={search_term_string}"},"query-input":{"@type":"PropertyValueSpecification","valueRequired":true,"valueName":"search_term_string"}}],"inLanguage":"ru-RU"},{"@type":"Organization","@id":"https:\/\/petarde.lv\/#organization","name":"Petarde.lv","url":"https:\/\/petarde.lv\/","logo":{"@type":"ImageObject","inLanguage":"ru-RU","@id":"https:\/\/petarde.lv\/#\/schema\/logo\/image\/","url":"https:\/\/petarde.lv\/wp-content\/uploads\/2025\/09\/logucis.jpg","contentUrl":"https:\/\/petarde.lv\/wp-content\/uploads\/2025\/09\/logucis.jpg","width":600,"height":247,"caption":"Petarde.lv"},"image":{"@id":"https:\/\/petarde.lv\/#\/schema\/logo\/image\/"},"sameAs":["https:\/\/www.facebook.com\/petarde.lv\/","https:\/\/www.youtube.com\/channel\/UCBIjpcRoPzs7Puz8ehdQ-mw"],"description":"Petarde Ltd ir viens no vado\u0161ajiem pirotehnikas tirgot\u0101jiem Latvij\u0101 ar daudzu gadu pieredzi.","email":"janis.petarde@inbox.lv","telephone":"+371 27809809","legalName":"SIA Petarde Ltd","foundingDate":"2006-11-08","taxID":"40003872737","numberOfEmployees":{"@type":"QuantitativeValue","minValue":"1","maxValue":"10"},"publishingPrinciples":"https:\/\/petarde.lv\/privacy-policy\/","ownershipFundingInfo":"https:\/\/petarde.lv\/refund_returns-2\/","actionableFeedbackPolicy":"https:\/\/petarde.lv\/privacy-policy\/","correctionsPolicy":"https:\/\/petarde.lv\/privacy-policy\/","ethicsPolicy":"https:\/\/petarde.lv\/privacy-policy\/","diversityPolicy":"https:\/\/petarde.lv\/privacy-policy\/","diversityStaffingReport":"https:\/\/petarde.lv\/privacy-policy\/"}]}},"_links":{"self":[{"href":"https:\/\/petarde.lv\/ru\/wp-json\/wp\/v2\/product\/3568","targetHints":{"allow":["GET"]}}],"collection":[{"href":"https:\/\/petarde.lv\/ru\/wp-json\/wp\/v2\/product"}],"about":[{"href":"https:\/\/petarde.lv\/ru\/wp-json\/wp\/v2\/types\/product"}],"replies":[{"embeddable":true,"href":"https:\/\/petarde.lv\/ru\/wp-json\/wp\/v2\/comments?post=3568"}],"version-history":[{"count":0,"href":"https:\/\/petarde.lv\/ru\/wp-json\/wp\/v2\/product\/3568\/revisions"}],"wp:featuredmedia":[{"embeddable":true,"href":"https:\/\/petarde.lv\/ru\/wp-json\/wp\/v2\/media\/1452"}],"wp:attachment":[{"href":"https:\/\/petarde.lv\/ru\/wp-json\/wp\/v2\/media?parent=3568"}],"wp:term":[{"taxonomy":"product_brand","embeddable":true,"href":"https:\/\/petarde.lv\/ru\/wp-json\/wp\/v2\/product_brand?post=3568"},{"taxonomy":"product_cat","embeddable":true,"href":"https:\/\/petarde.lv\/ru\/wp-json\/wp\/v2\/product_cat?post=3568"},{"taxonomy":"product_tag","embeddable":true,"href":"https:\/\/petarde.lv\/ru\/wp-json\/wp\/v2\/product_tag?post=3568"}],"curies":[{"name":"wp","href":"https:\/\/api.w.org\/{rel}","templated":true}]}}