{"id":4079,"date":"2025-09-19T12:17:03","date_gmt":"2025-09-19T12:17:03","guid":{"rendered":"https:\/\/petarde.lv\/?post_type=product&#038;p=4079"},"modified":"2025-09-21T18:30:30","modified_gmt":"2025-09-21T18:30:30","slug":"romiesu-svece-5-savieni","status":"publish","type":"product","link":"https:\/\/petarde.lv\/en\/product\/romiesu-svece-5-savieni\/","title":{"rendered":"Romie\u0161u svece 5 \u0161\u0101vieni"},"content":{"rendered":"<p class=\"p1\"><b>Home delivery of pyrotechnic articles purchased on the Internet is NOT possible according to the legislation of the Republic of Lithuania! Pyrotechnics purchased can ONLY be collected from pyrotechnic shops.<\/b><b><\/b><\/p>\n<p class=\"p1\">\u0160is izstr\u0101d\u0101jums ir pirotehnika un to ir aizliegts s\u016bt\u012bt caur pastu un Omnivu.<\/p>","protected":false},"excerpt":{"rendered":"<p class=\"p1\">Calibre: 0,8\u2033<br \/>\n\u0160\u0101vienu skaits:\u00a05<br \/>\nMade in China.<\/p>\n<p class=\"p1\"><b>Instructions for use<br \/>\n<\/b>Purchase is permitted from the age of 18.<br \/>\nStore in a dry place.<br \/>\nFor outdoor use only.<br \/>\nBury the Roman candle 1\/3 in the ground or tie it to a stick driven into the ground, light the fuse and move 10 m away.<\/p>","protected":false},"featured_media":1930,"comment_status":"closed","ping_status":"closed","template":"","meta":{"site-sidebar-layout":"default","site-content-layout":"","ast-site-content-layout":"default","site-content-style":"default","site-sidebar-style":"default","ast-global-header-display":"","ast-banner-title-visibility":"","ast-main-header-display":"","ast-hfb-above-header-display":"","ast-hfb-below-header-display":"","ast-hfb-mobile-header-display":"","site-post-title":"","ast-breadcrumbs-content":"","ast-featured-img":"","footer-sml-layout":"","theme-transparent-header-meta":"default","adv-header-id-meta":"","stick-header-meta":"default","header-above-stick-meta":"","header-main-stick-meta":"","header-below-stick-meta":"","astra-migrate-meta-layouts":"set","ast-page-background-enabled":"default","ast-page-background-meta":{"desktop":{"background-color":"var(--ast-global-color-4)","background-image":"","background-repeat":"repeat","background-position":"center center","background-size":"auto","background-attachment":"scroll","background-type":"","background-media":"","overlay-type":"","overlay-color":"","overlay-opacity":"","overlay-gradient":""},"tablet":{"background-color":"","background-image":"","background-repeat":"repeat","background-position":"center center","background-size":"auto","background-attachment":"scroll","background-type":"","background-media":"","overlay-type":"","overlay-color":"","overlay-opacity":"","overlay-gradient":""},"mobile":{"background-color":"","background-image":"","background-repeat":"repeat","background-position":"center center","background-size":"auto","background-attachment":"scroll","background-type":"","background-media":"","overlay-type":"","overlay-color":"","overlay-opacity":"","overlay-gradient":""}},"ast-content-background-meta":{"desktop":{"background-color":"var(--ast-global-color-5)","background-image":"","background-repeat":"repeat","background-position":"center center","background-size":"auto","background-attachment":"scroll","background-type":"","background-media":"","overlay-type":"","overlay-color":"","overlay-opacity":"","overlay-gradient":""},"tablet":{"background-color":"var(--ast-global-color-5)","background-image":"","background-repeat":"repeat","background-position":"center center","background-size":"auto","background-attachment":"scroll","background-type":"","background-media":"","overlay-type":"","overlay-color":"","overlay-opacity":"","overlay-gradient":""},"mobile":{"background-color":"var(--ast-global-color-5)","background-image":"","background-repeat":"repeat","background-position":"center center","background-size":"auto","background-attachment":"scroll","background-type":"","background-media":"","overlay-type":"","overlay-color":"","overlay-opacity":"","overlay-gradient":""}}},"product_brand":[],"product_cat":[61],"product_tag":[34],"class_list":{"0":"post-4079","1":"product","2":"type-product","3":"status-publish","4":"has-post-thumbnail","6":"product_cat-romiesu-sveces","7":"product_tag-pirotehnika","8":"desktop-align-center","9":"tablet-align-center","10":"mobile-align-center","11":"ast-product-gallery-layout-horizontal-slider","12":"ast-product-tabs-layout-accordion","14":"first","15":"instock","16":"shipping-taxable","17":"purchasable","18":"product-type-simple"},"yoast_head":"<!-- This site is optimized with the Yoast SEO Premium plugin v26.4 (Yoast SEO v26.4) - https:\/\/yoast.com\/wordpress\/plugins\/seo\/ -->\n<title>Romie\u0161u svece 5 \u0161\u0101vieni - Petarde<\/title>\n<meta name=\"robots\" content=\"index, follow, max-snippet:-1, max-image-preview:large, max-video-preview:-1\" \/>\n<link rel=\"canonical\" href=\"https:\/\/petarde.lv\/en\/product\/romiesu-svece-5-savieni\/\" \/>\n<meta property=\"og:locale\" content=\"en_US\" \/>\n<meta property=\"og:type\" content=\"article\" \/>\n<meta property=\"og:title\" content=\"Romie\u0161u svece 5 \u0161\u0101vieni\" \/>\n<meta property=\"og:description\" content=\"Kalibrs: 0,8&quot; \u0160\u0101vienu skaits:\u00a05 Ra\u017eots \u0136\u012bn\u0101. 3. kategorija. Lieto\u0161anas instrukcija Ieg\u0101d\u0101ties at\u013cauts no 18.gadu vecuma. Uzglab\u0101t saus\u0101 viet\u0101. Tikai \u0101ra lieto\u0161anai. Romas sveci par 1\/3 ierociet zem\u0113 vai piesieniet zem\u0113 iedz\u012btam stienim, aizdedziniet degli un att\u0101linieties 10m att\u0101lum\u0101.\" \/>\n<meta property=\"og:url\" content=\"https:\/\/petarde.lv\/en\/product\/romiesu-svece-5-savieni\/\" \/>\n<meta property=\"og:site_name\" content=\"Petarde\" \/>\n<meta property=\"article:publisher\" content=\"https:\/\/www.facebook.com\/petarde.lv\/\" \/>\n<meta property=\"article:modified_time\" content=\"2025-09-21T18:30:30+00:00\" \/>\n<meta property=\"og:image\" content=\"https:\/\/petarde.lv\/wp-content\/uploads\/2025\/09\/5sav-romas-svece.png\" \/>\n\t<meta property=\"og:image:width\" content=\"600\" \/>\n\t<meta property=\"og:image:height\" content=\"600\" \/>\n\t<meta property=\"og:image:type\" content=\"image\/png\" \/>\n<meta name=\"twitter:card\" content=\"summary_large_image\" \/>\n<script type=\"application\/ld+json\" class=\"yoast-schema-graph\">{\"@context\":\"https:\/\/schema.org\",\"@graph\":[{\"@type\":\"WebPage\",\"@id\":\"https:\/\/petarde.lv\/product\/romiesu-svece-5-savieni\/\",\"url\":\"https:\/\/petarde.lv\/product\/romiesu-svece-5-savieni\/\",\"name\":\"Romie\u0161u svece 5 \u0161\u0101vieni - Petarde\",\"isPartOf\":{\"@id\":\"https:\/\/petarde.lv\/#website\"},\"primaryImageOfPage\":{\"@id\":\"https:\/\/petarde.lv\/product\/romiesu-svece-5-savieni\/#primaryimage\"},\"image\":{\"@id\":\"https:\/\/petarde.lv\/product\/romiesu-svece-5-savieni\/#primaryimage\"},\"thumbnailUrl\":\"https:\/\/petarde.lv\/wp-content\/uploads\/2025\/09\/5sav-romas-svece.png\",\"datePublished\":\"2025-09-19T12:17:03+00:00\",\"dateModified\":\"2025-09-21T18:30:30+00:00\",\"breadcrumb\":{\"@id\":\"https:\/\/petarde.lv\/product\/romiesu-svece-5-savieni\/#breadcrumb\"},\"inLanguage\":\"en-US\",\"potentialAction\":[{\"@type\":\"ReadAction\",\"target\":[\"https:\/\/petarde.lv\/product\/romiesu-svece-5-savieni\/\"]}]},{\"@type\":\"ImageObject\",\"inLanguage\":\"en-US\",\"@id\":\"https:\/\/petarde.lv\/product\/romiesu-svece-5-savieni\/#primaryimage\",\"url\":\"https:\/\/petarde.lv\/wp-content\/uploads\/2025\/09\/5sav-romas-svece.png\",\"contentUrl\":\"https:\/\/petarde.lv\/wp-content\/uploads\/2025\/09\/5sav-romas-svece.png\",\"width\":600,\"height\":600},{\"@type\":\"BreadcrumbList\",\"@id\":\"https:\/\/petarde.lv\/product\/romiesu-svece-5-savieni\/#breadcrumb\",\"itemListElement\":[{\"@type\":\"ListItem\",\"position\":1,\"name\":\"Home\",\"item\":\"https:\/\/petarde.lv\/\"},{\"@type\":\"ListItem\",\"position\":2,\"name\":\"SHOP\",\"item\":\"https:\/\/petarde.lv\/en\/shop\/\"},{\"@type\":\"ListItem\",\"position\":3,\"name\":\"Romie\u0161u svece 5 \u0161\u0101vieni\"}]},{\"@type\":\"WebSite\",\"@id\":\"https:\/\/petarde.lv\/#website\",\"url\":\"https:\/\/petarde.lv\/\",\"name\":\"Petarde.lv\",\"description\":\"Pirotehnika, sal\u016bts un petardes sv\u0113tkiem vis\u0101 Latvij\u0101\",\"publisher\":{\"@id\":\"https:\/\/petarde.lv\/#organization\"},\"alternateName\":\"Pirotehnika\",\"potentialAction\":[{\"@type\":\"SearchAction\",\"target\":{\"@type\":\"EntryPoint\",\"urlTemplate\":\"https:\/\/petarde.lv\/?s={search_term_string}\"},\"query-input\":{\"@type\":\"PropertyValueSpecification\",\"valueRequired\":true,\"valueName\":\"search_term_string\"}}],\"inLanguage\":\"en-US\"},{\"@type\":\"Organization\",\"@id\":\"https:\/\/petarde.lv\/#organization\",\"name\":\"Petarde.lv\",\"url\":\"https:\/\/petarde.lv\/\",\"logo\":{\"@type\":\"ImageObject\",\"inLanguage\":\"en-US\",\"@id\":\"https:\/\/petarde.lv\/#\/schema\/logo\/image\/\",\"url\":\"https:\/\/petarde.lv\/wp-content\/uploads\/2025\/09\/logucis.jpg\",\"contentUrl\":\"https:\/\/petarde.lv\/wp-content\/uploads\/2025\/09\/logucis.jpg\",\"width\":600,\"height\":247,\"caption\":\"Petarde.lv\"},\"image\":{\"@id\":\"https:\/\/petarde.lv\/#\/schema\/logo\/image\/\"},\"sameAs\":[\"https:\/\/www.facebook.com\/petarde.lv\/\",\"https:\/\/www.youtube.com\/channel\/UCBIjpcRoPzs7Puz8ehdQ-mw\"],\"description\":\"Petarde Ltd ir viens no vado\u0161ajiem pirotehnikas tirgot\u0101jiem Latvij\u0101 ar daudzu gadu pieredzi.\",\"email\":\"janis.petarde@inbox.lv\",\"telephone\":\"+371 27809809\",\"legalName\":\"SIA Petarde Ltd\",\"foundingDate\":\"2006-11-08\",\"taxID\":\"40003872737\",\"numberOfEmployees\":{\"@type\":\"QuantitativeValue\",\"minValue\":\"1\",\"maxValue\":\"10\"},\"publishingPrinciples\":\"https:\/\/petarde.lv\/privacy-policy\/\",\"ownershipFundingInfo\":\"https:\/\/petarde.lv\/refund_returns-2\/\",\"actionableFeedbackPolicy\":\"https:\/\/petarde.lv\/privacy-policy\/\",\"correctionsPolicy\":\"https:\/\/petarde.lv\/privacy-policy\/\",\"ethicsPolicy\":\"https:\/\/petarde.lv\/privacy-policy\/\",\"diversityPolicy\":\"https:\/\/petarde.lv\/privacy-policy\/\",\"diversityStaffingReport\":\"https:\/\/petarde.lv\/privacy-policy\/\"}]}<\/script>\n<!-- \/ Yoast SEO Premium plugin. -->","yoast_head_json":{"title":"Romie\u0161u svece 5 \u0161\u0101vieni - Petarde","robots":{"index":"index","follow":"follow","max-snippet":"max-snippet:-1","max-image-preview":"max-image-preview:large","max-video-preview":"max-video-preview:-1"},"canonical":"https:\/\/petarde.lv\/en\/product\/romiesu-svece-5-savieni\/","og_locale":"en_US","og_type":"article","og_title":"Romie\u0161u svece 5 \u0161\u0101vieni","og_description":"Kalibrs: 0,8\" \u0160\u0101vienu skaits:\u00a05 Ra\u017eots \u0136\u012bn\u0101. 3. kategorija. Lieto\u0161anas instrukcija Ieg\u0101d\u0101ties at\u013cauts no 18.gadu vecuma. Uzglab\u0101t saus\u0101 viet\u0101. Tikai \u0101ra lieto\u0161anai. Romas sveci par 1\/3 ierociet zem\u0113 vai piesieniet zem\u0113 iedz\u012btam stienim, aizdedziniet degli un att\u0101linieties 10m att\u0101lum\u0101.","og_url":"https:\/\/petarde.lv\/en\/product\/romiesu-svece-5-savieni\/","og_site_name":"Petarde","article_publisher":"https:\/\/www.facebook.com\/petarde.lv\/","article_modified_time":"2025-09-21T18:30:30+00:00","og_image":[{"width":600,"height":600,"url":"https:\/\/petarde.lv\/wp-content\/uploads\/2025\/09\/5sav-romas-svece.png","type":"image\/png"}],"twitter_card":"summary_large_image","schema":{"@context":"https:\/\/schema.org","@graph":[{"@type":"WebPage","@id":"https:\/\/petarde.lv\/product\/romiesu-svece-5-savieni\/","url":"https:\/\/petarde.lv\/product\/romiesu-svece-5-savieni\/","name":"Romie\u0161u svece 5 \u0161\u0101vieni - Petarde","isPartOf":{"@id":"https:\/\/petarde.lv\/#website"},"primaryImageOfPage":{"@id":"https:\/\/petarde.lv\/product\/romiesu-svece-5-savieni\/#primaryimage"},"image":{"@id":"https:\/\/petarde.lv\/product\/romiesu-svece-5-savieni\/#primaryimage"},"thumbnailUrl":"https:\/\/petarde.lv\/wp-content\/uploads\/2025\/09\/5sav-romas-svece.png","datePublished":"2025-09-19T12:17:03+00:00","dateModified":"2025-09-21T18:30:30+00:00","breadcrumb":{"@id":"https:\/\/petarde.lv\/product\/romiesu-svece-5-savieni\/#breadcrumb"},"inLanguage":"en-US","potentialAction":[{"@type":"ReadAction","target":["https:\/\/petarde.lv\/product\/romiesu-svece-5-savieni\/"]}]},{"@type":"ImageObject","inLanguage":"en-US","@id":"https:\/\/petarde.lv\/product\/romiesu-svece-5-savieni\/#primaryimage","url":"https:\/\/petarde.lv\/wp-content\/uploads\/2025\/09\/5sav-romas-svece.png","contentUrl":"https:\/\/petarde.lv\/wp-content\/uploads\/2025\/09\/5sav-romas-svece.png","width":600,"height":600},{"@type":"BreadcrumbList","@id":"https:\/\/petarde.lv\/product\/romiesu-svece-5-savieni\/#breadcrumb","itemListElement":[{"@type":"ListItem","position":1,"name":"Home","item":"https:\/\/petarde.lv\/"},{"@type":"ListItem","position":2,"name":"SHOP","item":"https:\/\/petarde.lv\/en\/shop\/"},{"@type":"ListItem","position":3,"name":"Romie\u0161u svece 5 \u0161\u0101vieni"}]},{"@type":"WebSite","@id":"https:\/\/petarde.lv\/#website","url":"https:\/\/petarde.lv\/","name":"Petarde.lv","description":"Pirotehnika, sal\u016bts un petardes sv\u0113tkiem vis\u0101 Latvij\u0101","publisher":{"@id":"https:\/\/petarde.lv\/#organization"},"alternateName":"Pirotehnika","potentialAction":[{"@type":"SearchAction","target":{"@type":"EntryPoint","urlTemplate":"https:\/\/petarde.lv\/?s={search_term_string}"},"query-input":{"@type":"PropertyValueSpecification","valueRequired":true,"valueName":"search_term_string"}}],"inLanguage":"en-US"},{"@type":"Organization","@id":"https:\/\/petarde.lv\/#organization","name":"Petarde.lv","url":"https:\/\/petarde.lv\/","logo":{"@type":"ImageObject","inLanguage":"en-US","@id":"https:\/\/petarde.lv\/#\/schema\/logo\/image\/","url":"https:\/\/petarde.lv\/wp-content\/uploads\/2025\/09\/logucis.jpg","contentUrl":"https:\/\/petarde.lv\/wp-content\/uploads\/2025\/09\/logucis.jpg","width":600,"height":247,"caption":"Petarde.lv"},"image":{"@id":"https:\/\/petarde.lv\/#\/schema\/logo\/image\/"},"sameAs":["https:\/\/www.facebook.com\/petarde.lv\/","https:\/\/www.youtube.com\/channel\/UCBIjpcRoPzs7Puz8ehdQ-mw"],"description":"Petarde Ltd ir viens no vado\u0161ajiem pirotehnikas tirgot\u0101jiem Latvij\u0101 ar daudzu gadu pieredzi.","email":"janis.petarde@inbox.lv","telephone":"+371 27809809","legalName":"SIA Petarde Ltd","foundingDate":"2006-11-08","taxID":"40003872737","numberOfEmployees":{"@type":"QuantitativeValue","minValue":"1","maxValue":"10"},"publishingPrinciples":"https:\/\/petarde.lv\/privacy-policy\/","ownershipFundingInfo":"https:\/\/petarde.lv\/refund_returns-2\/","actionableFeedbackPolicy":"https:\/\/petarde.lv\/privacy-policy\/","correctionsPolicy":"https:\/\/petarde.lv\/privacy-policy\/","ethicsPolicy":"https:\/\/petarde.lv\/privacy-policy\/","diversityPolicy":"https:\/\/petarde.lv\/privacy-policy\/","diversityStaffingReport":"https:\/\/petarde.lv\/privacy-policy\/"}]}},"_links":{"self":[{"href":"https:\/\/petarde.lv\/en\/wp-json\/wp\/v2\/product\/4079","targetHints":{"allow":["GET"]}}],"collection":[{"href":"https:\/\/petarde.lv\/en\/wp-json\/wp\/v2\/product"}],"about":[{"href":"https:\/\/petarde.lv\/en\/wp-json\/wp\/v2\/types\/product"}],"replies":[{"embeddable":true,"href":"https:\/\/petarde.lv\/en\/wp-json\/wp\/v2\/comments?post=4079"}],"version-history":[{"count":0,"href":"https:\/\/petarde.lv\/en\/wp-json\/wp\/v2\/product\/4079\/revisions"}],"wp:featuredmedia":[{"embeddable":true,"href":"https:\/\/petarde.lv\/en\/wp-json\/wp\/v2\/media\/1930"}],"wp:attachment":[{"href":"https:\/\/petarde.lv\/en\/wp-json\/wp\/v2\/media?parent=4079"}],"wp:term":[{"taxonomy":"product_brand","embeddable":true,"href":"https:\/\/petarde.lv\/en\/wp-json\/wp\/v2\/product_brand?post=4079"},{"taxonomy":"product_cat","embeddable":true,"href":"https:\/\/petarde.lv\/en\/wp-json\/wp\/v2\/product_cat?post=4079"},{"taxonomy":"product_tag","embeddable":true,"href":"https:\/\/petarde.lv\/en\/wp-json\/wp\/v2\/product_tag?post=4079"}],"curies":[{"name":"wp","href":"https:\/\/api.w.org\/{rel}","templated":true}]}}