{"id":3921,"date":"2025-09-19T12:16:45","date_gmt":"2025-09-19T12:16:45","guid":{"rendered":"https:\/\/petarde.lv\/?post_type=product&#038;p=3921"},"modified":"2025-10-03T09:30:37","modified_gmt":"2025-10-03T09:30:37","slug":"toxic","status":"publish","type":"product","link":"https:\/\/petarde.lv\/en\/product\/toxic\/","title":{"rendered":"Toxic"},"content":{"rendered":"<p class=\"p1\"><b>Home delivery of pyrotechnic articles purchased on the Internet is NOT possible according to the legislation of the Republic of Lithuania! Pyrotechnics purchased can ONLY be collected from pyrotechnic shops.<\/b><b><\/b><\/p>\n<p class=\"p1\"><b>Instructions for use<br \/>\n<\/b>Purchase is permitted from the age of 18.<br \/>\nStore in a dry place.<br \/>\nFor outdoor use only.<br \/>\nPlace on a solid, stable surface, remove the fuse protection cover and, with an outstretched arm, ignite the tip of the fuse without leaning over the battery. Immediately retreat at least 15 meters. In case of failure to ignite, do not approach for 15 minutes. Afterwards, return the item to the distributor.<\/p>","protected":false},"excerpt":{"rendered":"<p>Kalibrs: 1.0&#8243;<\/p>\n<p>\u0160\u0101vienu skaits:\u00a0320<\/p>\n<p>Ilgums: ~180 sek. (3min)<\/p>\n<p>Effects:<\/p>\n<p>\u013boti daudz da\u017e\u0101du efektu, daudz v\u0113dek\u013cu<\/p>\n<p>Made in China.<\/p>","protected":false},"featured_media":1824,"comment_status":"closed","ping_status":"closed","template":"","meta":{"site-sidebar-layout":"default","site-content-layout":"","ast-site-content-layout":"default","site-content-style":"default","site-sidebar-style":"default","ast-global-header-display":"","ast-banner-title-visibility":"","ast-main-header-display":"","ast-hfb-above-header-display":"","ast-hfb-below-header-display":"","ast-hfb-mobile-header-display":"","site-post-title":"","ast-breadcrumbs-content":"","ast-featured-img":"","footer-sml-layout":"","theme-transparent-header-meta":"default","adv-header-id-meta":"","stick-header-meta":"default","header-above-stick-meta":"","header-main-stick-meta":"","header-below-stick-meta":"","astra-migrate-meta-layouts":"set","ast-page-background-enabled":"default","ast-page-background-meta":{"desktop":{"background-color":"var(--ast-global-color-4)","background-image":"","background-repeat":"repeat","background-position":"center center","background-size":"auto","background-attachment":"scroll","background-type":"","background-media":"","overlay-type":"","overlay-color":"","overlay-opacity":"","overlay-gradient":""},"tablet":{"background-color":"","background-image":"","background-repeat":"repeat","background-position":"center center","background-size":"auto","background-attachment":"scroll","background-type":"","background-media":"","overlay-type":"","overlay-color":"","overlay-opacity":"","overlay-gradient":""},"mobile":{"background-color":"","background-image":"","background-repeat":"repeat","background-position":"center center","background-size":"auto","background-attachment":"scroll","background-type":"","background-media":"","overlay-type":"","overlay-color":"","overlay-opacity":"","overlay-gradient":""}},"ast-content-background-meta":{"desktop":{"background-color":"var(--ast-global-color-5)","background-image":"","background-repeat":"repeat","background-position":"center center","background-size":"auto","background-attachment":"scroll","background-type":"","background-media":"","overlay-type":"","overlay-color":"","overlay-opacity":"","overlay-gradient":""},"tablet":{"background-color":"var(--ast-global-color-5)","background-image":"","background-repeat":"repeat","background-position":"center center","background-size":"auto","background-attachment":"scroll","background-type":"","background-media":"","overlay-type":"","overlay-color":"","overlay-opacity":"","overlay-gradient":""},"mobile":{"background-color":"var(--ast-global-color-5)","background-image":"","background-repeat":"repeat","background-position":"center center","background-size":"auto","background-attachment":"scroll","background-type":"","background-media":"","overlay-type":"","overlay-color":"","overlay-opacity":"","overlay-gradient":""}}},"product_brand":[],"product_cat":[54],"product_tag":[34],"class_list":{"0":"post-3921","1":"product","2":"type-product","3":"status-publish","4":"has-post-thumbnail","6":"product_cat-baterijas","7":"product_tag-pirotehnika","8":"desktop-align-center","9":"tablet-align-center","10":"mobile-align-center","11":"ast-product-gallery-layout-horizontal-slider","12":"ast-product-tabs-layout-accordion","14":"first","15":"instock","16":"shipping-taxable","17":"purchasable","18":"product-type-simple"},"yoast_head":"<!-- This site is optimized with the Yoast SEO Premium plugin v26.4 (Yoast SEO v26.4) - https:\/\/yoast.com\/wordpress\/plugins\/seo\/ -->\n<title>Toxic - Petarde<\/title>\n<meta name=\"robots\" content=\"index, follow, max-snippet:-1, max-image-preview:large, max-video-preview:-1\" \/>\n<link rel=\"canonical\" href=\"https:\/\/petarde.lv\/en\/product\/toxic\/\" \/>\n<meta property=\"og:locale\" content=\"en_US\" \/>\n<meta property=\"og:type\" content=\"article\" \/>\n<meta property=\"og:title\" content=\"Toxic\" \/>\n<meta property=\"og:description\" content=\"Kalibrs: 1.0&quot;  \u0160\u0101vienu skaits:\u00a0320  Ilgums: ~180 sek. (3min)  Effekts:  \u013boti daudz da\u017e\u0101du efektu, daudz v\u0113dek\u013cu  Ra\u017eots \u0136\u012bn\u0101. 2. kategorija\" \/>\n<meta property=\"og:url\" content=\"https:\/\/petarde.lv\/en\/product\/toxic\/\" \/>\n<meta property=\"og:site_name\" content=\"Petarde\" \/>\n<meta property=\"article:publisher\" content=\"https:\/\/www.facebook.com\/petarde.lv\/\" \/>\n<meta property=\"article:modified_time\" content=\"2025-10-03T09:30:37+00:00\" \/>\n<meta property=\"og:image\" content=\"https:\/\/petarde.lv\/wp-content\/uploads\/2025\/09\/toxic.png\" \/>\n\t<meta property=\"og:image:width\" content=\"300\" \/>\n\t<meta property=\"og:image:height\" content=\"300\" \/>\n\t<meta property=\"og:image:type\" content=\"image\/png\" \/>\n<meta name=\"twitter:card\" content=\"summary_large_image\" \/>\n<script type=\"application\/ld+json\" class=\"yoast-schema-graph\">{\"@context\":\"https:\/\/schema.org\",\"@graph\":[{\"@type\":\"WebPage\",\"@id\":\"https:\/\/petarde.lv\/product\/toxic\/\",\"url\":\"https:\/\/petarde.lv\/product\/toxic\/\",\"name\":\"Toxic - Petarde\",\"isPartOf\":{\"@id\":\"https:\/\/petarde.lv\/#website\"},\"primaryImageOfPage\":{\"@id\":\"https:\/\/petarde.lv\/product\/toxic\/#primaryimage\"},\"image\":{\"@id\":\"https:\/\/petarde.lv\/product\/toxic\/#primaryimage\"},\"thumbnailUrl\":\"https:\/\/petarde.lv\/wp-content\/uploads\/2025\/09\/toxic.png\",\"datePublished\":\"2025-09-19T12:16:45+00:00\",\"dateModified\":\"2025-10-03T09:30:37+00:00\",\"breadcrumb\":{\"@id\":\"https:\/\/petarde.lv\/product\/toxic\/#breadcrumb\"},\"inLanguage\":\"en-US\",\"potentialAction\":[{\"@type\":\"ReadAction\",\"target\":[\"https:\/\/petarde.lv\/product\/toxic\/\"]}]},{\"@type\":\"ImageObject\",\"inLanguage\":\"en-US\",\"@id\":\"https:\/\/petarde.lv\/product\/toxic\/#primaryimage\",\"url\":\"https:\/\/petarde.lv\/wp-content\/uploads\/2025\/09\/toxic.png\",\"contentUrl\":\"https:\/\/petarde.lv\/wp-content\/uploads\/2025\/09\/toxic.png\",\"width\":300,\"height\":300,\"caption\":\"Petarde.lv\"},{\"@type\":\"BreadcrumbList\",\"@id\":\"https:\/\/petarde.lv\/product\/toxic\/#breadcrumb\",\"itemListElement\":[{\"@type\":\"ListItem\",\"position\":1,\"name\":\"Home\",\"item\":\"https:\/\/petarde.lv\/\"},{\"@type\":\"ListItem\",\"position\":2,\"name\":\"SHOP\",\"item\":\"https:\/\/petarde.lv\/en\/shop\/\"},{\"@type\":\"ListItem\",\"position\":3,\"name\":\"Toxic\"}]},{\"@type\":\"WebSite\",\"@id\":\"https:\/\/petarde.lv\/#website\",\"url\":\"https:\/\/petarde.lv\/\",\"name\":\"Petarde.lv\",\"description\":\"Pirotehnika, sal\u016bts un petardes sv\u0113tkiem vis\u0101 Latvij\u0101\",\"publisher\":{\"@id\":\"https:\/\/petarde.lv\/#organization\"},\"alternateName\":\"Pirotehnika\",\"potentialAction\":[{\"@type\":\"SearchAction\",\"target\":{\"@type\":\"EntryPoint\",\"urlTemplate\":\"https:\/\/petarde.lv\/?s={search_term_string}\"},\"query-input\":{\"@type\":\"PropertyValueSpecification\",\"valueRequired\":true,\"valueName\":\"search_term_string\"}}],\"inLanguage\":\"en-US\"},{\"@type\":\"Organization\",\"@id\":\"https:\/\/petarde.lv\/#organization\",\"name\":\"Petarde.lv\",\"url\":\"https:\/\/petarde.lv\/\",\"logo\":{\"@type\":\"ImageObject\",\"inLanguage\":\"en-US\",\"@id\":\"https:\/\/petarde.lv\/#\/schema\/logo\/image\/\",\"url\":\"https:\/\/petarde.lv\/wp-content\/uploads\/2025\/09\/logucis.jpg\",\"contentUrl\":\"https:\/\/petarde.lv\/wp-content\/uploads\/2025\/09\/logucis.jpg\",\"width\":600,\"height\":247,\"caption\":\"Petarde.lv\"},\"image\":{\"@id\":\"https:\/\/petarde.lv\/#\/schema\/logo\/image\/\"},\"sameAs\":[\"https:\/\/www.facebook.com\/petarde.lv\/\",\"https:\/\/www.youtube.com\/channel\/UCBIjpcRoPzs7Puz8ehdQ-mw\"],\"description\":\"Petarde Ltd ir viens no vado\u0161ajiem pirotehnikas tirgot\u0101jiem Latvij\u0101 ar daudzu gadu pieredzi.\",\"email\":\"janis.petarde@inbox.lv\",\"telephone\":\"+371 27809809\",\"legalName\":\"SIA Petarde Ltd\",\"foundingDate\":\"2006-11-08\",\"taxID\":\"40003872737\",\"numberOfEmployees\":{\"@type\":\"QuantitativeValue\",\"minValue\":\"1\",\"maxValue\":\"10\"},\"publishingPrinciples\":\"https:\/\/petarde.lv\/privacy-policy\/\",\"ownershipFundingInfo\":\"https:\/\/petarde.lv\/refund_returns-2\/\",\"actionableFeedbackPolicy\":\"https:\/\/petarde.lv\/privacy-policy\/\",\"correctionsPolicy\":\"https:\/\/petarde.lv\/privacy-policy\/\",\"ethicsPolicy\":\"https:\/\/petarde.lv\/privacy-policy\/\",\"diversityPolicy\":\"https:\/\/petarde.lv\/privacy-policy\/\",\"diversityStaffingReport\":\"https:\/\/petarde.lv\/privacy-policy\/\"}]}<\/script>\n<!-- \/ Yoast SEO Premium plugin. -->","yoast_head_json":{"title":"Toxic - Petarde","robots":{"index":"index","follow":"follow","max-snippet":"max-snippet:-1","max-image-preview":"max-image-preview:large","max-video-preview":"max-video-preview:-1"},"canonical":"https:\/\/petarde.lv\/en\/product\/toxic\/","og_locale":"en_US","og_type":"article","og_title":"Toxic","og_description":"Kalibrs: 1.0\"  \u0160\u0101vienu skaits:\u00a0320  Ilgums: ~180 sek. (3min)  Effekts:  \u013boti daudz da\u017e\u0101du efektu, daudz v\u0113dek\u013cu  Ra\u017eots \u0136\u012bn\u0101. 2. kategorija","og_url":"https:\/\/petarde.lv\/en\/product\/toxic\/","og_site_name":"Petarde","article_publisher":"https:\/\/www.facebook.com\/petarde.lv\/","article_modified_time":"2025-10-03T09:30:37+00:00","og_image":[{"width":300,"height":300,"url":"https:\/\/petarde.lv\/wp-content\/uploads\/2025\/09\/toxic.png","type":"image\/png"}],"twitter_card":"summary_large_image","schema":{"@context":"https:\/\/schema.org","@graph":[{"@type":"WebPage","@id":"https:\/\/petarde.lv\/product\/toxic\/","url":"https:\/\/petarde.lv\/product\/toxic\/","name":"Toxic - Petarde","isPartOf":{"@id":"https:\/\/petarde.lv\/#website"},"primaryImageOfPage":{"@id":"https:\/\/petarde.lv\/product\/toxic\/#primaryimage"},"image":{"@id":"https:\/\/petarde.lv\/product\/toxic\/#primaryimage"},"thumbnailUrl":"https:\/\/petarde.lv\/wp-content\/uploads\/2025\/09\/toxic.png","datePublished":"2025-09-19T12:16:45+00:00","dateModified":"2025-10-03T09:30:37+00:00","breadcrumb":{"@id":"https:\/\/petarde.lv\/product\/toxic\/#breadcrumb"},"inLanguage":"en-US","potentialAction":[{"@type":"ReadAction","target":["https:\/\/petarde.lv\/product\/toxic\/"]}]},{"@type":"ImageObject","inLanguage":"en-US","@id":"https:\/\/petarde.lv\/product\/toxic\/#primaryimage","url":"https:\/\/petarde.lv\/wp-content\/uploads\/2025\/09\/toxic.png","contentUrl":"https:\/\/petarde.lv\/wp-content\/uploads\/2025\/09\/toxic.png","width":300,"height":300,"caption":"Petarde.lv"},{"@type":"BreadcrumbList","@id":"https:\/\/petarde.lv\/product\/toxic\/#breadcrumb","itemListElement":[{"@type":"ListItem","position":1,"name":"Home","item":"https:\/\/petarde.lv\/"},{"@type":"ListItem","position":2,"name":"SHOP","item":"https:\/\/petarde.lv\/en\/shop\/"},{"@type":"ListItem","position":3,"name":"Toxic"}]},{"@type":"WebSite","@id":"https:\/\/petarde.lv\/#website","url":"https:\/\/petarde.lv\/","name":"Petarde.lv","description":"Pirotehnika, sal\u016bts un petardes sv\u0113tkiem vis\u0101 Latvij\u0101","publisher":{"@id":"https:\/\/petarde.lv\/#organization"},"alternateName":"Pirotehnika","potentialAction":[{"@type":"SearchAction","target":{"@type":"EntryPoint","urlTemplate":"https:\/\/petarde.lv\/?s={search_term_string}"},"query-input":{"@type":"PropertyValueSpecification","valueRequired":true,"valueName":"search_term_string"}}],"inLanguage":"en-US"},{"@type":"Organization","@id":"https:\/\/petarde.lv\/#organization","name":"Petarde.lv","url":"https:\/\/petarde.lv\/","logo":{"@type":"ImageObject","inLanguage":"en-US","@id":"https:\/\/petarde.lv\/#\/schema\/logo\/image\/","url":"https:\/\/petarde.lv\/wp-content\/uploads\/2025\/09\/logucis.jpg","contentUrl":"https:\/\/petarde.lv\/wp-content\/uploads\/2025\/09\/logucis.jpg","width":600,"height":247,"caption":"Petarde.lv"},"image":{"@id":"https:\/\/petarde.lv\/#\/schema\/logo\/image\/"},"sameAs":["https:\/\/www.facebook.com\/petarde.lv\/","https:\/\/www.youtube.com\/channel\/UCBIjpcRoPzs7Puz8ehdQ-mw"],"description":"Petarde Ltd ir viens no vado\u0161ajiem pirotehnikas tirgot\u0101jiem Latvij\u0101 ar daudzu gadu pieredzi.","email":"janis.petarde@inbox.lv","telephone":"+371 27809809","legalName":"SIA Petarde Ltd","foundingDate":"2006-11-08","taxID":"40003872737","numberOfEmployees":{"@type":"QuantitativeValue","minValue":"1","maxValue":"10"},"publishingPrinciples":"https:\/\/petarde.lv\/privacy-policy\/","ownershipFundingInfo":"https:\/\/petarde.lv\/refund_returns-2\/","actionableFeedbackPolicy":"https:\/\/petarde.lv\/privacy-policy\/","correctionsPolicy":"https:\/\/petarde.lv\/privacy-policy\/","ethicsPolicy":"https:\/\/petarde.lv\/privacy-policy\/","diversityPolicy":"https:\/\/petarde.lv\/privacy-policy\/","diversityStaffingReport":"https:\/\/petarde.lv\/privacy-policy\/"}]}},"_links":{"self":[{"href":"https:\/\/petarde.lv\/en\/wp-json\/wp\/v2\/product\/3921","targetHints":{"allow":["GET"]}}],"collection":[{"href":"https:\/\/petarde.lv\/en\/wp-json\/wp\/v2\/product"}],"about":[{"href":"https:\/\/petarde.lv\/en\/wp-json\/wp\/v2\/types\/product"}],"replies":[{"embeddable":true,"href":"https:\/\/petarde.lv\/en\/wp-json\/wp\/v2\/comments?post=3921"}],"version-history":[{"count":0,"href":"https:\/\/petarde.lv\/en\/wp-json\/wp\/v2\/product\/3921\/revisions"}],"wp:featuredmedia":[{"embeddable":true,"href":"https:\/\/petarde.lv\/en\/wp-json\/wp\/v2\/media\/1824"}],"wp:attachment":[{"href":"https:\/\/petarde.lv\/en\/wp-json\/wp\/v2\/media?parent=3921"}],"wp:term":[{"taxonomy":"product_brand","embeddable":true,"href":"https:\/\/petarde.lv\/en\/wp-json\/wp\/v2\/product_brand?post=3921"},{"taxonomy":"product_cat","embeddable":true,"href":"https:\/\/petarde.lv\/en\/wp-json\/wp\/v2\/product_cat?post=3921"},{"taxonomy":"product_tag","embeddable":true,"href":"https:\/\/petarde.lv\/en\/wp-json\/wp\/v2\/product_tag?post=3921"}],"curies":[{"name":"wp","href":"https:\/\/api.w.org\/{rel}","templated":true}]}}