{"id":3799,"date":"2025-09-19T12:16:31","date_gmt":"2025-09-19T12:16:31","guid":{"rendered":"https:\/\/petarde.lv\/?post_type=product&#038;p=3799"},"modified":"2025-09-19T12:16:34","modified_gmt":"2025-09-19T12:16:34","slug":"krasainas-dumu-sveces","status":"publish","type":"product","link":"https:\/\/petarde.lv\/en\/product\/krasainas-dumu-sveces\/","title":{"rendered":"Kr\u0101sainas d\u016bmu sveces"},"content":{"rendered":"<h2>Kr\u0101sainas d\u016bmu sveces &#8211; lieto\u0161anas instrukcija<\/h2>\n<p>Kr\u0101sainas d\u016bmu sveces at\u013cauts ieg\u0101d\u0101ties no 18.gadu vecuma.<\/p>\n<p>Store in a dry place.<\/p>\n<p>For outdoor use only.<\/p>\n<p>Place on a hard, stable surface, remove the fuse from the paper, and ignite it with matches or a lighter. In case of failure to ignite, do not approach for 15 minutes. Afterwards, return it to the distributor.<\/p>","protected":false},"excerpt":{"rendered":"<p>Kr\u0101sainas d\u016bmu sveces. Pieejamas 11 da\u017e\u0101das kr\u0101sas &#8211; balta, zila, sarkana, za\u013ca, tum\u0161i za\u013ca, dzeltena, oran\u017ea, violeta, roz\u0101, gai\u0161i roz\u0101, melna.<br \/>\nCena nor\u0101d\u012bta par 1gab.<br \/>\nS\u0101k darboties aizdedzinot degli ar s\u0113rkoci\u0146u, \u0161\u0137iltav\u0101m.<br \/>\nDeg\u0161anas ilgums: 40-60sek.<\/p>\n<p>Ra\u017eots \u0136\u012bn\u0101. T1. kategorija.<\/p>","protected":false},"featured_media":1674,"comment_status":"closed","ping_status":"closed","template":"","meta":{"site-sidebar-layout":"default","site-content-layout":"","ast-site-content-layout":"default","site-content-style":"default","site-sidebar-style":"default","ast-global-header-display":"","ast-banner-title-visibility":"","ast-main-header-display":"","ast-hfb-above-header-display":"","ast-hfb-below-header-display":"","ast-hfb-mobile-header-display":"","site-post-title":"","ast-breadcrumbs-content":"","ast-featured-img":"","footer-sml-layout":"","theme-transparent-header-meta":"","adv-header-id-meta":"","stick-header-meta":"","header-above-stick-meta":"","header-main-stick-meta":"","header-below-stick-meta":"","astra-migrate-meta-layouts":"default","ast-page-background-enabled":"default","ast-page-background-meta":{"desktop":{"background-color":"var(--ast-global-color-4)","background-image":"","background-repeat":"repeat","background-position":"center center","background-size":"auto","background-attachment":"scroll","background-type":"","background-media":"","overlay-type":"","overlay-color":"","overlay-opacity":"","overlay-gradient":""},"tablet":{"background-color":"","background-image":"","background-repeat":"repeat","background-position":"center center","background-size":"auto","background-attachment":"scroll","background-type":"","background-media":"","overlay-type":"","overlay-color":"","overlay-opacity":"","overlay-gradient":""},"mobile":{"background-color":"","background-image":"","background-repeat":"repeat","background-position":"center center","background-size":"auto","background-attachment":"scroll","background-type":"","background-media":"","overlay-type":"","overlay-color":"","overlay-opacity":"","overlay-gradient":""}},"ast-content-background-meta":{"desktop":{"background-color":"var(--ast-global-color-5)","background-image":"","background-repeat":"repeat","background-position":"center center","background-size":"auto","background-attachment":"scroll","background-type":"","background-media":"","overlay-type":"","overlay-color":"","overlay-opacity":"","overlay-gradient":""},"tablet":{"background-color":"var(--ast-global-color-5)","background-image":"","background-repeat":"repeat","background-position":"center center","background-size":"auto","background-attachment":"scroll","background-type":"","background-media":"","overlay-type":"","overlay-color":"","overlay-opacity":"","overlay-gradient":""},"mobile":{"background-color":"var(--ast-global-color-5)","background-image":"","background-repeat":"repeat","background-position":"center center","background-size":"auto","background-attachment":"scroll","background-type":"","background-media":"","overlay-type":"","overlay-color":"","overlay-opacity":"","overlay-gradient":""}}},"product_brand":[],"product_cat":[62],"product_tag":[102,103,34],"class_list":{"0":"post-3799","1":"product","2":"type-product","3":"status-publish","4":"has-post-thumbnail","6":"product_cat-citi-pirotehniskie-izstradajumi","7":"product_tag-dumu-sveces","8":"product_tag-krasainas-dumu-sveces","9":"product_tag-pirotehnika","10":"desktop-align-center","11":"tablet-align-center","12":"mobile-align-center","13":"ast-product-gallery-layout-horizontal-slider","14":"ast-product-tabs-layout-accordion","16":"first","17":"instock","18":"shipping-taxable","19":"purchasable","20":"product-type-simple"},"yoast_head":"<!-- This site is optimized with the Yoast SEO Premium plugin v26.4 (Yoast SEO v26.4) - https:\/\/yoast.com\/wordpress\/plugins\/seo\/ -->\n<title>Kr\u0101sainas d\u016bmu sveces - foto sesij\u0101m, specefektiem<\/title>\n<meta name=\"description\" content=\"Kr\u0101sainas d\u016bmu sveces. Pieejamas 11kr\u0101sas - sarkana, zila, balta, dzeltena, oran\u017ea, violeta, roz\u0101, gai\u0161i roz\u0101, za\u013ca, tum\u0161i za\u013ca, melna. Deg - 60 sek.\" \/>\n<meta name=\"robots\" content=\"index, follow, max-snippet:-1, max-image-preview:large, max-video-preview:-1\" \/>\n<link rel=\"canonical\" href=\"https:\/\/petarde.lv\/en\/product\/krasainas-dumu-sveces\/\" \/>\n<meta property=\"og:locale\" content=\"en_US\" \/>\n<meta property=\"og:type\" content=\"article\" \/>\n<meta property=\"og:title\" content=\"Kr\u0101sainas d\u016bmu sveces\" \/>\n<meta property=\"og:description\" content=\"Kr\u0101sainas d\u016bmu sveces. Pieejamas 11kr\u0101sas - sarkana, zila, balta, dzeltena, oran\u017ea, violeta, roz\u0101, gai\u0161i roz\u0101, za\u013ca, tum\u0161i za\u013ca, melna. Deg - 60 sek.\" \/>\n<meta property=\"og:url\" content=\"https:\/\/petarde.lv\/en\/product\/krasainas-dumu-sveces\/\" \/>\n<meta property=\"og:site_name\" content=\"Petarde\" \/>\n<meta property=\"article:publisher\" content=\"https:\/\/www.facebook.com\/petarde.lv\/\" \/>\n<meta property=\"article:modified_time\" content=\"2025-09-19T12:16:34+00:00\" \/>\n<meta property=\"og:image\" content=\"https:\/\/petarde.lv\/wp-content\/uploads\/2025\/09\/wsi-imageoptim-dumu-sveces300.jpg\" \/>\n\t<meta property=\"og:image:width\" content=\"300\" \/>\n\t<meta property=\"og:image:height\" content=\"300\" \/>\n\t<meta property=\"og:image:type\" content=\"image\/jpeg\" \/>\n<meta name=\"twitter:card\" content=\"summary_large_image\" \/>\n<script type=\"application\/ld+json\" class=\"yoast-schema-graph\">{\"@context\":\"https:\/\/schema.org\",\"@graph\":[{\"@type\":\"WebPage\",\"@id\":\"https:\/\/petarde.lv\/product\/krasainas-dumu-sveces\/\",\"url\":\"https:\/\/petarde.lv\/product\/krasainas-dumu-sveces\/\",\"name\":\"Kr\u0101sainas d\u016bmu sveces - foto sesij\u0101m, specefektiem\",\"isPartOf\":{\"@id\":\"https:\/\/petarde.lv\/#website\"},\"primaryImageOfPage\":{\"@id\":\"https:\/\/petarde.lv\/product\/krasainas-dumu-sveces\/#primaryimage\"},\"image\":{\"@id\":\"https:\/\/petarde.lv\/product\/krasainas-dumu-sveces\/#primaryimage\"},\"thumbnailUrl\":\"https:\/\/petarde.lv\/wp-content\/uploads\/2025\/09\/wsi-imageoptim-dumu-sveces300.jpg\",\"datePublished\":\"2025-09-19T12:16:31+00:00\",\"dateModified\":\"2025-09-19T12:16:34+00:00\",\"description\":\"Kr\u0101sainas d\u016bmu sveces. Pieejamas 11kr\u0101sas - sarkana, zila, balta, dzeltena, oran\u017ea, violeta, roz\u0101, gai\u0161i roz\u0101, za\u013ca, tum\u0161i za\u013ca, melna. Deg - 60 sek.\",\"breadcrumb\":{\"@id\":\"https:\/\/petarde.lv\/product\/krasainas-dumu-sveces\/#breadcrumb\"},\"inLanguage\":\"en-US\",\"potentialAction\":[{\"@type\":\"ReadAction\",\"target\":[\"https:\/\/petarde.lv\/product\/krasainas-dumu-sveces\/\"]}]},{\"@type\":\"ImageObject\",\"inLanguage\":\"en-US\",\"@id\":\"https:\/\/petarde.lv\/product\/krasainas-dumu-sveces\/#primaryimage\",\"url\":\"https:\/\/petarde.lv\/wp-content\/uploads\/2025\/09\/wsi-imageoptim-dumu-sveces300.jpg\",\"contentUrl\":\"https:\/\/petarde.lv\/wp-content\/uploads\/2025\/09\/wsi-imageoptim-dumu-sveces300.jpg\",\"width\":300,\"height\":300},{\"@type\":\"BreadcrumbList\",\"@id\":\"https:\/\/petarde.lv\/product\/krasainas-dumu-sveces\/#breadcrumb\",\"itemListElement\":[{\"@type\":\"ListItem\",\"position\":1,\"name\":\"Home\",\"item\":\"https:\/\/petarde.lv\/\"},{\"@type\":\"ListItem\",\"position\":2,\"name\":\"SHOP\",\"item\":\"https:\/\/petarde.lv\/en\/shop\/\"},{\"@type\":\"ListItem\",\"position\":3,\"name\":\"Kr\u0101sainas d\u016bmu sveces\"}]},{\"@type\":\"WebSite\",\"@id\":\"https:\/\/petarde.lv\/#website\",\"url\":\"https:\/\/petarde.lv\/\",\"name\":\"Petarde.lv\",\"description\":\"Pirotehnika, sal\u016bts un petardes sv\u0113tkiem vis\u0101 Latvij\u0101\",\"publisher\":{\"@id\":\"https:\/\/petarde.lv\/#organization\"},\"alternateName\":\"Pirotehnika\",\"potentialAction\":[{\"@type\":\"SearchAction\",\"target\":{\"@type\":\"EntryPoint\",\"urlTemplate\":\"https:\/\/petarde.lv\/?s={search_term_string}\"},\"query-input\":{\"@type\":\"PropertyValueSpecification\",\"valueRequired\":true,\"valueName\":\"search_term_string\"}}],\"inLanguage\":\"en-US\"},{\"@type\":\"Organization\",\"@id\":\"https:\/\/petarde.lv\/#organization\",\"name\":\"Petarde.lv\",\"url\":\"https:\/\/petarde.lv\/\",\"logo\":{\"@type\":\"ImageObject\",\"inLanguage\":\"en-US\",\"@id\":\"https:\/\/petarde.lv\/#\/schema\/logo\/image\/\",\"url\":\"https:\/\/petarde.lv\/wp-content\/uploads\/2025\/09\/logucis.jpg\",\"contentUrl\":\"https:\/\/petarde.lv\/wp-content\/uploads\/2025\/09\/logucis.jpg\",\"width\":600,\"height\":247,\"caption\":\"Petarde.lv\"},\"image\":{\"@id\":\"https:\/\/petarde.lv\/#\/schema\/logo\/image\/\"},\"sameAs\":[\"https:\/\/www.facebook.com\/petarde.lv\/\",\"https:\/\/www.youtube.com\/channel\/UCBIjpcRoPzs7Puz8ehdQ-mw\"],\"description\":\"Petarde Ltd ir viens no vado\u0161ajiem pirotehnikas tirgot\u0101jiem Latvij\u0101 ar daudzu gadu pieredzi.\",\"email\":\"janis.petarde@inbox.lv\",\"telephone\":\"+371 27809809\",\"legalName\":\"SIA Petarde Ltd\",\"foundingDate\":\"2006-11-08\",\"taxID\":\"40003872737\",\"numberOfEmployees\":{\"@type\":\"QuantitativeValue\",\"minValue\":\"1\",\"maxValue\":\"10\"},\"publishingPrinciples\":\"https:\/\/petarde.lv\/privacy-policy\/\",\"ownershipFundingInfo\":\"https:\/\/petarde.lv\/refund_returns-2\/\",\"actionableFeedbackPolicy\":\"https:\/\/petarde.lv\/privacy-policy\/\",\"correctionsPolicy\":\"https:\/\/petarde.lv\/privacy-policy\/\",\"ethicsPolicy\":\"https:\/\/petarde.lv\/privacy-policy\/\",\"diversityPolicy\":\"https:\/\/petarde.lv\/privacy-policy\/\",\"diversityStaffingReport\":\"https:\/\/petarde.lv\/privacy-policy\/\"}]}<\/script>\n<!-- \/ Yoast SEO Premium plugin. -->","yoast_head_json":{"title":"Kr\u0101sainas d\u016bmu sveces - foto sesij\u0101m, specefektiem","description":"Kr\u0101sainas d\u016bmu sveces. Pieejamas 11kr\u0101sas - sarkana, zila, balta, dzeltena, oran\u017ea, violeta, roz\u0101, gai\u0161i roz\u0101, za\u013ca, tum\u0161i za\u013ca, melna. Deg - 60 sek.","robots":{"index":"index","follow":"follow","max-snippet":"max-snippet:-1","max-image-preview":"max-image-preview:large","max-video-preview":"max-video-preview:-1"},"canonical":"https:\/\/petarde.lv\/en\/product\/krasainas-dumu-sveces\/","og_locale":"en_US","og_type":"article","og_title":"Kr\u0101sainas d\u016bmu sveces","og_description":"Kr\u0101sainas d\u016bmu sveces. Pieejamas 11kr\u0101sas - sarkana, zila, balta, dzeltena, oran\u017ea, violeta, roz\u0101, gai\u0161i roz\u0101, za\u013ca, tum\u0161i za\u013ca, melna. Deg - 60 sek.","og_url":"https:\/\/petarde.lv\/en\/product\/krasainas-dumu-sveces\/","og_site_name":"Petarde","article_publisher":"https:\/\/www.facebook.com\/petarde.lv\/","article_modified_time":"2025-09-19T12:16:34+00:00","og_image":[{"width":300,"height":300,"url":"https:\/\/petarde.lv\/wp-content\/uploads\/2025\/09\/wsi-imageoptim-dumu-sveces300.jpg","type":"image\/jpeg"}],"twitter_card":"summary_large_image","schema":{"@context":"https:\/\/schema.org","@graph":[{"@type":"WebPage","@id":"https:\/\/petarde.lv\/product\/krasainas-dumu-sveces\/","url":"https:\/\/petarde.lv\/product\/krasainas-dumu-sveces\/","name":"Kr\u0101sainas d\u016bmu sveces - foto sesij\u0101m, specefektiem","isPartOf":{"@id":"https:\/\/petarde.lv\/#website"},"primaryImageOfPage":{"@id":"https:\/\/petarde.lv\/product\/krasainas-dumu-sveces\/#primaryimage"},"image":{"@id":"https:\/\/petarde.lv\/product\/krasainas-dumu-sveces\/#primaryimage"},"thumbnailUrl":"https:\/\/petarde.lv\/wp-content\/uploads\/2025\/09\/wsi-imageoptim-dumu-sveces300.jpg","datePublished":"2025-09-19T12:16:31+00:00","dateModified":"2025-09-19T12:16:34+00:00","description":"Kr\u0101sainas d\u016bmu sveces. Pieejamas 11kr\u0101sas - sarkana, zila, balta, dzeltena, oran\u017ea, violeta, roz\u0101, gai\u0161i roz\u0101, za\u013ca, tum\u0161i za\u013ca, melna. Deg - 60 sek.","breadcrumb":{"@id":"https:\/\/petarde.lv\/product\/krasainas-dumu-sveces\/#breadcrumb"},"inLanguage":"en-US","potentialAction":[{"@type":"ReadAction","target":["https:\/\/petarde.lv\/product\/krasainas-dumu-sveces\/"]}]},{"@type":"ImageObject","inLanguage":"en-US","@id":"https:\/\/petarde.lv\/product\/krasainas-dumu-sveces\/#primaryimage","url":"https:\/\/petarde.lv\/wp-content\/uploads\/2025\/09\/wsi-imageoptim-dumu-sveces300.jpg","contentUrl":"https:\/\/petarde.lv\/wp-content\/uploads\/2025\/09\/wsi-imageoptim-dumu-sveces300.jpg","width":300,"height":300},{"@type":"BreadcrumbList","@id":"https:\/\/petarde.lv\/product\/krasainas-dumu-sveces\/#breadcrumb","itemListElement":[{"@type":"ListItem","position":1,"name":"Home","item":"https:\/\/petarde.lv\/"},{"@type":"ListItem","position":2,"name":"SHOP","item":"https:\/\/petarde.lv\/en\/shop\/"},{"@type":"ListItem","position":3,"name":"Kr\u0101sainas d\u016bmu sveces"}]},{"@type":"WebSite","@id":"https:\/\/petarde.lv\/#website","url":"https:\/\/petarde.lv\/","name":"Petarde.lv","description":"Pirotehnika, sal\u016bts un petardes sv\u0113tkiem vis\u0101 Latvij\u0101","publisher":{"@id":"https:\/\/petarde.lv\/#organization"},"alternateName":"Pirotehnika","potentialAction":[{"@type":"SearchAction","target":{"@type":"EntryPoint","urlTemplate":"https:\/\/petarde.lv\/?s={search_term_string}"},"query-input":{"@type":"PropertyValueSpecification","valueRequired":true,"valueName":"search_term_string"}}],"inLanguage":"en-US"},{"@type":"Organization","@id":"https:\/\/petarde.lv\/#organization","name":"Petarde.lv","url":"https:\/\/petarde.lv\/","logo":{"@type":"ImageObject","inLanguage":"en-US","@id":"https:\/\/petarde.lv\/#\/schema\/logo\/image\/","url":"https:\/\/petarde.lv\/wp-content\/uploads\/2025\/09\/logucis.jpg","contentUrl":"https:\/\/petarde.lv\/wp-content\/uploads\/2025\/09\/logucis.jpg","width":600,"height":247,"caption":"Petarde.lv"},"image":{"@id":"https:\/\/petarde.lv\/#\/schema\/logo\/image\/"},"sameAs":["https:\/\/www.facebook.com\/petarde.lv\/","https:\/\/www.youtube.com\/channel\/UCBIjpcRoPzs7Puz8ehdQ-mw"],"description":"Petarde Ltd ir viens no vado\u0161ajiem pirotehnikas tirgot\u0101jiem Latvij\u0101 ar daudzu gadu pieredzi.","email":"janis.petarde@inbox.lv","telephone":"+371 27809809","legalName":"SIA Petarde Ltd","foundingDate":"2006-11-08","taxID":"40003872737","numberOfEmployees":{"@type":"QuantitativeValue","minValue":"1","maxValue":"10"},"publishingPrinciples":"https:\/\/petarde.lv\/privacy-policy\/","ownershipFundingInfo":"https:\/\/petarde.lv\/refund_returns-2\/","actionableFeedbackPolicy":"https:\/\/petarde.lv\/privacy-policy\/","correctionsPolicy":"https:\/\/petarde.lv\/privacy-policy\/","ethicsPolicy":"https:\/\/petarde.lv\/privacy-policy\/","diversityPolicy":"https:\/\/petarde.lv\/privacy-policy\/","diversityStaffingReport":"https:\/\/petarde.lv\/privacy-policy\/"}]}},"_links":{"self":[{"href":"https:\/\/petarde.lv\/en\/wp-json\/wp\/v2\/product\/3799","targetHints":{"allow":["GET"]}}],"collection":[{"href":"https:\/\/petarde.lv\/en\/wp-json\/wp\/v2\/product"}],"about":[{"href":"https:\/\/petarde.lv\/en\/wp-json\/wp\/v2\/types\/product"}],"replies":[{"embeddable":true,"href":"https:\/\/petarde.lv\/en\/wp-json\/wp\/v2\/comments?post=3799"}],"version-history":[{"count":0,"href":"https:\/\/petarde.lv\/en\/wp-json\/wp\/v2\/product\/3799\/revisions"}],"wp:featuredmedia":[{"embeddable":true,"href":"https:\/\/petarde.lv\/en\/wp-json\/wp\/v2\/media\/1674"}],"wp:attachment":[{"href":"https:\/\/petarde.lv\/en\/wp-json\/wp\/v2\/media?parent=3799"}],"wp:term":[{"taxonomy":"product_brand","embeddable":true,"href":"https:\/\/petarde.lv\/en\/wp-json\/wp\/v2\/product_brand?post=3799"},{"taxonomy":"product_cat","embeddable":true,"href":"https:\/\/petarde.lv\/en\/wp-json\/wp\/v2\/product_cat?post=3799"},{"taxonomy":"product_tag","embeddable":true,"href":"https:\/\/petarde.lv\/en\/wp-json\/wp\/v2\/product_tag?post=3799"}],"curies":[{"name":"wp","href":"https:\/\/api.w.org\/{rel}","templated":true}]}}