{"id":3792,"date":"2025-09-19T12:16:31","date_gmt":"2025-09-19T12:16:31","guid":{"rendered":"https:\/\/petarde.lv\/?post_type=product&#038;p=3792"},"modified":"2025-12-29T15:59:35","modified_gmt":"2025-12-29T15:59:35","slug":"gorgeous-color","status":"publish","type":"product","link":"https:\/\/petarde.lv\/en\/product\/gorgeous-color\/","title":{"rendered":"Gorgeous color"},"content":{"rendered":"<h2><span style=\"font-family: times new roman,times,serif; color: #800000;\">Pirotehnikas internetveikal\u0101 ieg\u0101d\u0101to pirotehnisko izstr\u0101d\u0101jumu pieg\u0101de uz m\u0101j\u0101m, saska\u0146\u0101 ar LR likumdo\u0161anu, NAV iesp\u0113jama! Ieg\u0101d\u0101to pirotehniku var sa\u0146emt TIKAI pirotehnikas veikalos.<\/span><\/h2>\n<h2>Instructions for use<\/h2>\n<p>Purchase is permitted from the age of 18.<\/p>\n<p>Store in a dry place.<\/p>\n<p>For outdoor use only.<\/p>\n<p>Place on a solid, stable surface, remove the fuse protection cover and, with an outstretched arm, ignite the tip of the fuse without leaning over the battery. Immediately retreat at least 15 meters. In case of failure to ignite, do not approach for 15 minutes. Afterwards, return the item to the distributor.<\/p>","protected":false},"excerpt":{"rendered":"<p>Calibre: 1\u2033<\/p>\n<p>\u0160\u0101vienu skaits:\u00a049<\/p>\n<p>Ilgums: ~62. sek.<\/p>\n<p>Effects:<\/p>\n<p>A: daudzkr\u0101sainas zvaigznes ar sarkanu asti;<br \/>\nB: brok\u0101ta kronis ar lietus efektu un sarkanu asti;<br \/>\nC: za\u013ca palma ar zelta mirdzumiem un za\u013cu asti;<br \/>\nD: zilas zvaigznes ar baltiem mirdzumiem un sprak\u0161\u0137iem;<br \/>\nE: sudraba palma ar sarkan\u0101m zvaigzn\u0113m un sarkanu asti;<br \/>\nF: brok\u0101ta kronis ar baltiem mirdzumiem;<br \/>\nG: balti un zili mirdzumi ar sprak\u0161\u0137iem un zilu asti;<\/p>\n<p>Made in China.<\/p>","protected":false},"featured_media":5171,"comment_status":"closed","ping_status":"closed","template":"","meta":{"site-sidebar-layout":"default","site-content-layout":"","ast-site-content-layout":"default","site-content-style":"default","site-sidebar-style":"default","ast-global-header-display":"","ast-banner-title-visibility":"","ast-main-header-display":"","ast-hfb-above-header-display":"","ast-hfb-below-header-display":"","ast-hfb-mobile-header-display":"","site-post-title":"","ast-breadcrumbs-content":"","ast-featured-img":"","footer-sml-layout":"","theme-transparent-header-meta":"default","adv-header-id-meta":"","stick-header-meta":"default","header-above-stick-meta":"","header-main-stick-meta":"","header-below-stick-meta":"","astra-migrate-meta-layouts":"set","ast-page-background-enabled":"default","ast-page-background-meta":{"desktop":{"background-color":"var(--ast-global-color-4)","background-image":"","background-repeat":"repeat","background-position":"center center","background-size":"auto","background-attachment":"scroll","background-type":"","background-media":"","overlay-type":"","overlay-color":"","overlay-opacity":"","overlay-gradient":""},"tablet":{"background-color":"","background-image":"","background-repeat":"repeat","background-position":"center center","background-size":"auto","background-attachment":"scroll","background-type":"","background-media":"","overlay-type":"","overlay-color":"","overlay-opacity":"","overlay-gradient":""},"mobile":{"background-color":"","background-image":"","background-repeat":"repeat","background-position":"center center","background-size":"auto","background-attachment":"scroll","background-type":"","background-media":"","overlay-type":"","overlay-color":"","overlay-opacity":"","overlay-gradient":""}},"ast-content-background-meta":{"desktop":{"background-color":"var(--ast-global-color-5)","background-image":"","background-repeat":"repeat","background-position":"center center","background-size":"auto","background-attachment":"scroll","background-type":"","background-media":"","overlay-type":"","overlay-color":"","overlay-opacity":"","overlay-gradient":""},"tablet":{"background-color":"var(--ast-global-color-5)","background-image":"","background-repeat":"repeat","background-position":"center center","background-size":"auto","background-attachment":"scroll","background-type":"","background-media":"","overlay-type":"","overlay-color":"","overlay-opacity":"","overlay-gradient":""},"mobile":{"background-color":"var(--ast-global-color-5)","background-image":"","background-repeat":"repeat","background-position":"center center","background-size":"auto","background-attachment":"scroll","background-type":"","background-media":"","overlay-type":"","overlay-color":"","overlay-opacity":"","overlay-gradient":""}}},"product_brand":[],"product_cat":[54],"product_tag":[34],"class_list":{"0":"post-3792","1":"product","2":"type-product","3":"status-publish","4":"has-post-thumbnail","6":"product_cat-baterijas","7":"product_tag-pirotehnika","8":"desktop-align-center","9":"tablet-align-center","10":"mobile-align-center","11":"ast-product-gallery-layout-horizontal-slider","12":"ast-product-tabs-layout-accordion","14":"first","15":"outofstock","16":"shipping-taxable","17":"purchasable","18":"product-type-simple"},"yoast_head":"<!-- This site is optimized with the Yoast SEO Premium plugin v26.4 (Yoast SEO v26.4) - https:\/\/yoast.com\/wordpress\/plugins\/seo\/ -->\n<title>Sal\u016btu baterija Gorgeous color<\/title>\n<meta name=\"robots\" content=\"index, follow, max-snippet:-1, max-image-preview:large, max-video-preview:-1\" \/>\n<link rel=\"canonical\" href=\"https:\/\/petarde.lv\/en\/product\/gorgeous-color\/\" \/>\n<meta property=\"og:locale\" content=\"en_US\" \/>\n<meta property=\"og:type\" content=\"article\" \/>\n<meta property=\"og:title\" content=\"Gorgeous color\" \/>\n<meta property=\"og:description\" content=\"Kalibrs: 1&quot;  \u0160\u0101vienu skaits:\u00a049  Ilgums: ~62. sek.  Effekts:  A: daudzkr\u0101sainas zvaigznes ar sarkanu asti; B: brok\u0101ta kronis ar lietus efektu un sarkanu asti; C: za\u013ca palma ar zelta mirdzumiem un za\u013cu asti; D: zilas zvaigznes ar baltiem mirdzumiem un sprak\u0161\u0137iem; E: sudraba palma ar sarkan\u0101m zvaigzn\u0113m un sarkanu asti; F: brok\u0101ta kronis ar baltiem mirdzumiem; G: balti un zili mirdzumi ar sprak\u0161\u0137iem un zilu asti;  Ra\u017eots \u0136\u012bn\u0101. 2. kategorija\" \/>\n<meta property=\"og:url\" content=\"https:\/\/petarde.lv\/en\/product\/gorgeous-color\/\" \/>\n<meta property=\"og:site_name\" content=\"Petarde\" \/>\n<meta property=\"article:publisher\" content=\"https:\/\/www.facebook.com\/petarde.lv\/\" \/>\n<meta property=\"article:modified_time\" content=\"2025-12-29T15:59:35+00:00\" \/>\n<meta property=\"og:image\" content=\"https:\/\/petarde.lv\/wp-content\/uploads\/2025\/09\/gorgeous-color.png\" \/>\n\t<meta property=\"og:image:width\" content=\"800\" \/>\n\t<meta property=\"og:image:height\" content=\"800\" \/>\n\t<meta property=\"og:image:type\" content=\"image\/png\" \/>\n<meta name=\"twitter:card\" content=\"summary_large_image\" \/>\n<meta name=\"twitter:label1\" content=\"Est. reading time\" \/>\n\t<meta name=\"twitter:data1\" content=\"1 minute\" \/>\n<script type=\"application\/ld+json\" class=\"yoast-schema-graph\">{\"@context\":\"https:\/\/schema.org\",\"@graph\":[{\"@type\":\"WebPage\",\"@id\":\"https:\/\/petarde.lv\/product\/gorgeous-color\/\",\"url\":\"https:\/\/petarde.lv\/product\/gorgeous-color\/\",\"name\":\"Sal\u016btu baterija Gorgeous color\",\"isPartOf\":{\"@id\":\"https:\/\/petarde.lv\/#website\"},\"primaryImageOfPage\":{\"@id\":\"https:\/\/petarde.lv\/product\/gorgeous-color\/#primaryimage\"},\"image\":{\"@id\":\"https:\/\/petarde.lv\/product\/gorgeous-color\/#primaryimage\"},\"thumbnailUrl\":\"https:\/\/petarde.lv\/wp-content\/uploads\/2025\/09\/gorgeous-color.png\",\"datePublished\":\"2025-09-19T12:16:31+00:00\",\"dateModified\":\"2025-12-29T15:59:35+00:00\",\"breadcrumb\":{\"@id\":\"https:\/\/petarde.lv\/product\/gorgeous-color\/#breadcrumb\"},\"inLanguage\":\"en-US\",\"potentialAction\":[{\"@type\":\"ReadAction\",\"target\":[\"https:\/\/petarde.lv\/product\/gorgeous-color\/\"]}]},{\"@type\":\"ImageObject\",\"inLanguage\":\"en-US\",\"@id\":\"https:\/\/petarde.lv\/product\/gorgeous-color\/#primaryimage\",\"url\":\"https:\/\/petarde.lv\/wp-content\/uploads\/2025\/09\/gorgeous-color.png\",\"contentUrl\":\"https:\/\/petarde.lv\/wp-content\/uploads\/2025\/09\/gorgeous-color.png\",\"width\":800,\"height\":800,\"caption\":\"Sv\u0113tku sal\u016bts, petardes, pirotehnika\"},{\"@type\":\"BreadcrumbList\",\"@id\":\"https:\/\/petarde.lv\/product\/gorgeous-color\/#breadcrumb\",\"itemListElement\":[{\"@type\":\"ListItem\",\"position\":1,\"name\":\"Home\",\"item\":\"https:\/\/petarde.lv\/\"},{\"@type\":\"ListItem\",\"position\":2,\"name\":\"SHOP\",\"item\":\"https:\/\/petarde.lv\/en\/shop\/\"},{\"@type\":\"ListItem\",\"position\":3,\"name\":\"Gorgeous color\"}]},{\"@type\":\"WebSite\",\"@id\":\"https:\/\/petarde.lv\/#website\",\"url\":\"https:\/\/petarde.lv\/\",\"name\":\"Petarde.lv\",\"description\":\"Pirotehnika, sal\u016bts un petardes sv\u0113tkiem vis\u0101 Latvij\u0101\",\"publisher\":{\"@id\":\"https:\/\/petarde.lv\/#organization\"},\"alternateName\":\"Pirotehnika\",\"potentialAction\":[{\"@type\":\"SearchAction\",\"target\":{\"@type\":\"EntryPoint\",\"urlTemplate\":\"https:\/\/petarde.lv\/?s={search_term_string}\"},\"query-input\":{\"@type\":\"PropertyValueSpecification\",\"valueRequired\":true,\"valueName\":\"search_term_string\"}}],\"inLanguage\":\"en-US\"},{\"@type\":\"Organization\",\"@id\":\"https:\/\/petarde.lv\/#organization\",\"name\":\"Petarde.lv\",\"url\":\"https:\/\/petarde.lv\/\",\"logo\":{\"@type\":\"ImageObject\",\"inLanguage\":\"en-US\",\"@id\":\"https:\/\/petarde.lv\/#\/schema\/logo\/image\/\",\"url\":\"https:\/\/petarde.lv\/wp-content\/uploads\/2025\/09\/logucis.jpg\",\"contentUrl\":\"https:\/\/petarde.lv\/wp-content\/uploads\/2025\/09\/logucis.jpg\",\"width\":600,\"height\":247,\"caption\":\"Petarde.lv\"},\"image\":{\"@id\":\"https:\/\/petarde.lv\/#\/schema\/logo\/image\/\"},\"sameAs\":[\"https:\/\/www.facebook.com\/petarde.lv\/\",\"https:\/\/www.youtube.com\/channel\/UCBIjpcRoPzs7Puz8ehdQ-mw\"],\"description\":\"Petarde Ltd ir viens no vado\u0161ajiem pirotehnikas tirgot\u0101jiem Latvij\u0101 ar daudzu gadu pieredzi.\",\"email\":\"janis.petarde@inbox.lv\",\"telephone\":\"+371 27809809\",\"legalName\":\"SIA Petarde Ltd\",\"foundingDate\":\"2006-11-08\",\"taxID\":\"40003872737\",\"numberOfEmployees\":{\"@type\":\"QuantitativeValue\",\"minValue\":\"1\",\"maxValue\":\"10\"},\"publishingPrinciples\":\"https:\/\/petarde.lv\/privacy-policy\/\",\"ownershipFundingInfo\":\"https:\/\/petarde.lv\/refund_returns-2\/\",\"actionableFeedbackPolicy\":\"https:\/\/petarde.lv\/privacy-policy\/\",\"correctionsPolicy\":\"https:\/\/petarde.lv\/privacy-policy\/\",\"ethicsPolicy\":\"https:\/\/petarde.lv\/privacy-policy\/\",\"diversityPolicy\":\"https:\/\/petarde.lv\/privacy-policy\/\",\"diversityStaffingReport\":\"https:\/\/petarde.lv\/privacy-policy\/\"}]}<\/script>\n<!-- \/ Yoast SEO Premium plugin. -->","yoast_head_json":{"title":"Sal\u016btu baterija Gorgeous color","robots":{"index":"index","follow":"follow","max-snippet":"max-snippet:-1","max-image-preview":"max-image-preview:large","max-video-preview":"max-video-preview:-1"},"canonical":"https:\/\/petarde.lv\/en\/product\/gorgeous-color\/","og_locale":"en_US","og_type":"article","og_title":"Gorgeous color","og_description":"Kalibrs: 1\"  \u0160\u0101vienu skaits:\u00a049  Ilgums: ~62. sek.  Effekts:  A: daudzkr\u0101sainas zvaigznes ar sarkanu asti; B: brok\u0101ta kronis ar lietus efektu un sarkanu asti; C: za\u013ca palma ar zelta mirdzumiem un za\u013cu asti; D: zilas zvaigznes ar baltiem mirdzumiem un sprak\u0161\u0137iem; E: sudraba palma ar sarkan\u0101m zvaigzn\u0113m un sarkanu asti; F: brok\u0101ta kronis ar baltiem mirdzumiem; G: balti un zili mirdzumi ar sprak\u0161\u0137iem un zilu asti;  Ra\u017eots \u0136\u012bn\u0101. 2. kategorija","og_url":"https:\/\/petarde.lv\/en\/product\/gorgeous-color\/","og_site_name":"Petarde","article_publisher":"https:\/\/www.facebook.com\/petarde.lv\/","article_modified_time":"2025-12-29T15:59:35+00:00","og_image":[{"width":800,"height":800,"url":"https:\/\/petarde.lv\/wp-content\/uploads\/2025\/09\/gorgeous-color.png","type":"image\/png"}],"twitter_card":"summary_large_image","twitter_misc":{"Est. reading time":"1 minute"},"schema":{"@context":"https:\/\/schema.org","@graph":[{"@type":"WebPage","@id":"https:\/\/petarde.lv\/product\/gorgeous-color\/","url":"https:\/\/petarde.lv\/product\/gorgeous-color\/","name":"Sal\u016btu baterija Gorgeous color","isPartOf":{"@id":"https:\/\/petarde.lv\/#website"},"primaryImageOfPage":{"@id":"https:\/\/petarde.lv\/product\/gorgeous-color\/#primaryimage"},"image":{"@id":"https:\/\/petarde.lv\/product\/gorgeous-color\/#primaryimage"},"thumbnailUrl":"https:\/\/petarde.lv\/wp-content\/uploads\/2025\/09\/gorgeous-color.png","datePublished":"2025-09-19T12:16:31+00:00","dateModified":"2025-12-29T15:59:35+00:00","breadcrumb":{"@id":"https:\/\/petarde.lv\/product\/gorgeous-color\/#breadcrumb"},"inLanguage":"en-US","potentialAction":[{"@type":"ReadAction","target":["https:\/\/petarde.lv\/product\/gorgeous-color\/"]}]},{"@type":"ImageObject","inLanguage":"en-US","@id":"https:\/\/petarde.lv\/product\/gorgeous-color\/#primaryimage","url":"https:\/\/petarde.lv\/wp-content\/uploads\/2025\/09\/gorgeous-color.png","contentUrl":"https:\/\/petarde.lv\/wp-content\/uploads\/2025\/09\/gorgeous-color.png","width":800,"height":800,"caption":"Sv\u0113tku sal\u016bts, petardes, pirotehnika"},{"@type":"BreadcrumbList","@id":"https:\/\/petarde.lv\/product\/gorgeous-color\/#breadcrumb","itemListElement":[{"@type":"ListItem","position":1,"name":"Home","item":"https:\/\/petarde.lv\/"},{"@type":"ListItem","position":2,"name":"SHOP","item":"https:\/\/petarde.lv\/en\/shop\/"},{"@type":"ListItem","position":3,"name":"Gorgeous color"}]},{"@type":"WebSite","@id":"https:\/\/petarde.lv\/#website","url":"https:\/\/petarde.lv\/","name":"Petarde.lv","description":"Pirotehnika, sal\u016bts un petardes sv\u0113tkiem vis\u0101 Latvij\u0101","publisher":{"@id":"https:\/\/petarde.lv\/#organization"},"alternateName":"Pirotehnika","potentialAction":[{"@type":"SearchAction","target":{"@type":"EntryPoint","urlTemplate":"https:\/\/petarde.lv\/?s={search_term_string}"},"query-input":{"@type":"PropertyValueSpecification","valueRequired":true,"valueName":"search_term_string"}}],"inLanguage":"en-US"},{"@type":"Organization","@id":"https:\/\/petarde.lv\/#organization","name":"Petarde.lv","url":"https:\/\/petarde.lv\/","logo":{"@type":"ImageObject","inLanguage":"en-US","@id":"https:\/\/petarde.lv\/#\/schema\/logo\/image\/","url":"https:\/\/petarde.lv\/wp-content\/uploads\/2025\/09\/logucis.jpg","contentUrl":"https:\/\/petarde.lv\/wp-content\/uploads\/2025\/09\/logucis.jpg","width":600,"height":247,"caption":"Petarde.lv"},"image":{"@id":"https:\/\/petarde.lv\/#\/schema\/logo\/image\/"},"sameAs":["https:\/\/www.facebook.com\/petarde.lv\/","https:\/\/www.youtube.com\/channel\/UCBIjpcRoPzs7Puz8ehdQ-mw"],"description":"Petarde Ltd ir viens no vado\u0161ajiem pirotehnikas tirgot\u0101jiem Latvij\u0101 ar daudzu gadu pieredzi.","email":"janis.petarde@inbox.lv","telephone":"+371 27809809","legalName":"SIA Petarde Ltd","foundingDate":"2006-11-08","taxID":"40003872737","numberOfEmployees":{"@type":"QuantitativeValue","minValue":"1","maxValue":"10"},"publishingPrinciples":"https:\/\/petarde.lv\/privacy-policy\/","ownershipFundingInfo":"https:\/\/petarde.lv\/refund_returns-2\/","actionableFeedbackPolicy":"https:\/\/petarde.lv\/privacy-policy\/","correctionsPolicy":"https:\/\/petarde.lv\/privacy-policy\/","ethicsPolicy":"https:\/\/petarde.lv\/privacy-policy\/","diversityPolicy":"https:\/\/petarde.lv\/privacy-policy\/","diversityStaffingReport":"https:\/\/petarde.lv\/privacy-policy\/"}]}},"_links":{"self":[{"href":"https:\/\/petarde.lv\/en\/wp-json\/wp\/v2\/product\/3792","targetHints":{"allow":["GET"]}}],"collection":[{"href":"https:\/\/petarde.lv\/en\/wp-json\/wp\/v2\/product"}],"about":[{"href":"https:\/\/petarde.lv\/en\/wp-json\/wp\/v2\/types\/product"}],"replies":[{"embeddable":true,"href":"https:\/\/petarde.lv\/en\/wp-json\/wp\/v2\/comments?post=3792"}],"version-history":[{"count":1,"href":"https:\/\/petarde.lv\/en\/wp-json\/wp\/v2\/product\/3792\/revisions"}],"predecessor-version":[{"id":5172,"href":"https:\/\/petarde.lv\/en\/wp-json\/wp\/v2\/product\/3792\/revisions\/5172"}],"wp:featuredmedia":[{"embeddable":true,"href":"https:\/\/petarde.lv\/en\/wp-json\/wp\/v2\/media\/5171"}],"wp:attachment":[{"href":"https:\/\/petarde.lv\/en\/wp-json\/wp\/v2\/media?parent=3792"}],"wp:term":[{"taxonomy":"product_brand","embeddable":true,"href":"https:\/\/petarde.lv\/en\/wp-json\/wp\/v2\/product_brand?post=3792"},{"taxonomy":"product_cat","embeddable":true,"href":"https:\/\/petarde.lv\/en\/wp-json\/wp\/v2\/product_cat?post=3792"},{"taxonomy":"product_tag","embeddable":true,"href":"https:\/\/petarde.lv\/en\/wp-json\/wp\/v2\/product_tag?post=3792"}],"curies":[{"name":"wp","href":"https:\/\/api.w.org\/{rel}","templated":true}]}}