{"id":3,"date":"2025-09-16T06:27:06","date_gmt":"2025-09-16T06:27:06","guid":{"rendered":"https:\/\/petarde.lv\/?page_id=3"},"modified":"2025-09-22T20:00:51","modified_gmt":"2025-09-22T20:00:51","slug":"privacy-policy","status":"publish","type":"page","link":"https:\/\/petarde.lv\/en\/privacy-policy\/","title":{"rendered":"Privacy Policy"},"content":{"rendered":"<div data-elementor-type=\"wp-page\" data-elementor-id=\"3\" class=\"elementor elementor-3\" data-elementor-post-type=\"page\">\n\t\t\t\t<div class=\"elementor-element elementor-element-1a5b9b79 e-flex e-con-boxed e-con e-parent\" data-id=\"1a5b9b79\" data-element_type=\"container\">\n\t\t\t\t\t<div class=\"e-con-inner\">\n\t\t<div class=\"elementor-element elementor-element-60c0634 e-con-full e-flex e-con e-child\" data-id=\"60c0634\" data-element_type=\"container\">\n\t\t\t\t<div class=\"elementor-element elementor-element-3dc3ed8 elementor-widget elementor-widget-heading\" data-id=\"3dc3ed8\" data-element_type=\"widget\" data-widget_type=\"heading.default\">\n\t\t\t\t\t<h2 class=\"elementor-heading-title elementor-size-default\">PRIVACY POLICY<\/h2>\t\t\t\t<\/div>\n\t\t\t\t<\/div>\n\t\t\t\t<div class=\"elementor-element elementor-element-2ff51c12 elementor-widget elementor-widget-text-editor\" data-id=\"2ff51c12\" data-element_type=\"widget\" data-widget_type=\"text-editor.default\">\n\t\t\t\t\t\t\t\t\t<p class=\"p1\"><span style=\"font-style: inherit; font-weight: inherit;\">This privacy policy explains how <\/span><b style=\"font-style: inherit;\">SIA Petarde<\/b><span style=\"font-style: inherit; font-weight: inherit;\"> (hereinafter referred to as <\/span><i style=\"font-weight: inherit;\">We<\/i><span style=\"font-style: inherit; font-weight: inherit;\">, <\/span><i style=\"font-weight: inherit;\">Company<\/i><span style=\"font-style: inherit; font-weight: inherit;\">) processes and protects personal data collected through our website\u00a0 <\/span><a style=\"font-style: inherit; font-weight: inherit; background-color: #ffffff;\" href=\"http:\/\/www.ugunosana.com\/\"><span class=\"s1\"><b>teal-ant-851413.hostersite.com<\/b><\/span><\/a><span style=\"font-style: inherit; font-weight: inherit;\"> (hereinafter referred to as <\/span><i style=\"font-weight: inherit;\">website<\/i><span style=\"font-style: inherit; font-weight: inherit;\">).<\/span><\/p><p class=\"p2\">If you have any questions about the processing of your personal data, please contact us by email: <b>info@petarde.lv<\/b>.<\/p><p class=\"p2\">By using our website, you acknowledge that you have read this privacy policy and consent to the processing of your personal data in accordance with its terms.<\/p><p class=\"p1\"><b>1. Purposes of the treatment<\/b><\/p><p class=\"p2\">We process your personal data to:<\/p><ul class=\"ul1\"><li class=\"li2\">provide you with the services and information you have requested;<\/li><li class=\"li2\">process your orders and prepare the necessary documents;<\/li><li class=\"li2\">provide customer support and communication with you;<\/li><li class=\"li2\">prevent security threats or fraudulent activities;<\/li><li class=\"li2\">send you newsletters and updates (if you have given your explicit consent to receive them);<\/li><li class=\"li2\">analyse website traffic statistics and improve customer experience.<\/li><\/ul><p class=\"p1\"><b>2. How we obtain the data<\/b><\/p><p class=\"p2\">Personal data is collected if:<\/p><ul class=\"ul1\"><li class=\"li2\">you voluntarily provide them to us, for example by filling in forms on our website or contacting us by email;<\/li><li class=\"li2\">they are provided by your activities on the websites (such as placing an order).<\/li><\/ul><p class=\"p1\"><b>3. Transfer of personal data to third parties<\/b><\/p><p class=\"p2\">We <b>we do not transfer your personal data to third parties<\/b>except where:<\/p><ul class=\"ul1\"><li class=\"li2\">the law enforcement or supervisory authorities of the Republic of Latvia so request in order to prevent or investigate a crime;<\/li><li class=\"li2\">it is necessary for the fulfilment of obligations under laws and regulations.<\/li><\/ul><p class=\"p1\"><b>4. Data retention period<\/b><\/p><p class=\"p2\">We keep your personal data only for as long as it is necessary for the purposes of obtaining it and as required by applicable laws and regulations.<\/p><p class=\"p1\"><b>5. Your rights<\/b><\/p><p class=\"p2\">You have the right at any time to:<\/p><ul class=\"ul1\"><li class=\"li2\">access to information about your personal data;<\/li><li class=\"li2\">request the rectification or erasure of your personal data;<\/li><li class=\"li2\">request the restriction of the processing of personal data;<\/li><li class=\"li2\">withdraw your consent to data processing (where processing is based on consent);<\/li><li class=\"li2\">lodge a complaint with the data protection supervisory authority <b>State Data Inspectorate<\/b> (www.dvi.gov.lv).<\/li><\/ul><p class=\"p2\">To exercise your rights, please contact us at <b>info@petarde.lv<\/b>.<\/p><p class=\"p1\"><b>6. Changes to the Privacy Policy<\/b><\/p><p class=\"p2\">We reserve the right to update or amend this Privacy Policy at any time to comply with legal requirements and to improve the data protection process.<\/p><p class=\"p2\">If significant changes are made, we will inform you on the website.<\/p>\t\t\t\t\t\t\t\t<\/div>\n\t\t\t\t\t<\/div>\n\t\t\t\t<\/div>\n\t\t\t\t<\/div>","protected":false},"excerpt":{"rendered":"<p>PRIV\u0100TUMA POLITIKA \u0160\u012b priv\u0101tuma politika skaidro, k\u0101 SIA Petarde (turpm\u0101k \u2013 m\u0113s, uz\u0146\u0113mums) apstr\u0101d\u0101 un aizsarg\u0101 personas datus, kas ieg\u016bti, [&hellip;]<\/p>\n","protected":false},"author":1,"featured_media":0,"parent":0,"menu_order":0,"comment_status":"closed","ping_status":"closed","template":"","meta":{"site-sidebar-layout":"default","site-content-layout":"","ast-site-content-layout":"default","site-content-style":"default","site-sidebar-style":"default","ast-global-header-display":"","ast-banner-title-visibility":"","ast-main-header-display":"","ast-hfb-above-header-display":"","ast-hfb-below-header-display":"","ast-hfb-mobile-header-display":"","site-post-title":"disabled","ast-breadcrumbs-content":"","ast-featured-img":"","footer-sml-layout":"","theme-transparent-header-meta":"","adv-header-id-meta":"","stick-header-meta":"","header-above-stick-meta":"","header-main-stick-meta":"","header-below-stick-meta":"","astra-migrate-meta-layouts":"default","ast-page-background-enabled":"default","ast-page-background-meta":{"desktop":{"background-color":"var(--ast-global-color-4)","background-image":"","background-repeat":"repeat","background-position":"center center","background-size":"auto","background-attachment":"scroll","background-type":"","background-media":"","overlay-type":"","overlay-color":"","overlay-opacity":"","overlay-gradient":""},"tablet":{"background-color":"","background-image":"","background-repeat":"repeat","background-position":"center center","background-size":"auto","background-attachment":"scroll","background-type":"","background-media":"","overlay-type":"","overlay-color":"","overlay-opacity":"","overlay-gradient":""},"mobile":{"background-color":"","background-image":"","background-repeat":"repeat","background-position":"center center","background-size":"auto","background-attachment":"scroll","background-type":"","background-media":"","overlay-type":"","overlay-color":"","overlay-opacity":"","overlay-gradient":""}},"ast-content-background-meta":{"desktop":{"background-color":"var(--ast-global-color-5)","background-image":"","background-repeat":"repeat","background-position":"center center","background-size":"auto","background-attachment":"scroll","background-type":"","background-media":"","overlay-type":"","overlay-color":"","overlay-opacity":"","overlay-gradient":""},"tablet":{"background-color":"var(--ast-global-color-5)","background-image":"","background-repeat":"repeat","background-position":"center center","background-size":"auto","background-attachment":"scroll","background-type":"","background-media":"","overlay-type":"","overlay-color":"","overlay-opacity":"","overlay-gradient":""},"mobile":{"background-color":"var(--ast-global-color-5)","background-image":"","background-repeat":"repeat","background-position":"center center","background-size":"auto","background-attachment":"scroll","background-type":"","background-media":"","overlay-type":"","overlay-color":"","overlay-opacity":"","overlay-gradient":""}},"footnotes":""},"class_list":["post-3","page","type-page","status-publish","hentry"],"yoast_head":"<!-- This site is optimized with the Yoast SEO Premium plugin v26.4 (Yoast SEO v26.4) - https:\/\/yoast.com\/wordpress\/plugins\/seo\/ -->\n<title>Priv\u0101tuma politika - Petarde<\/title>\n<meta name=\"robots\" content=\"index, follow, max-snippet:-1, max-image-preview:large, max-video-preview:-1\" \/>\n<link rel=\"canonical\" href=\"https:\/\/petarde.lv\/en\/privacy-policy\/\" \/>\n<meta property=\"og:locale\" content=\"en_US\" \/>\n<meta property=\"og:type\" content=\"article\" \/>\n<meta property=\"og:title\" content=\"Priv\u0101tuma politika\" \/>\n<meta property=\"og:description\" content=\"PRIV\u0100TUMA POLITIKA \u0160\u012b priv\u0101tuma politika skaidro, k\u0101 SIA Petarde (turpm\u0101k \u2013 m\u0113s, uz\u0146\u0113mums) apstr\u0101d\u0101 un aizsarg\u0101 personas datus, kas ieg\u016bti, [&hellip;]\" \/>\n<meta property=\"og:url\" content=\"https:\/\/petarde.lv\/en\/privacy-policy\/\" \/>\n<meta property=\"og:site_name\" content=\"Petarde\" \/>\n<meta property=\"article:publisher\" content=\"https:\/\/www.facebook.com\/petarde.lv\/\" \/>\n<meta property=\"article:modified_time\" content=\"2025-09-22T20:00:51+00:00\" \/>\n<meta property=\"og:image\" content=\"https:\/\/petarde.lv\/wp-content\/uploads\/2025\/12\/petarde.jpg\" \/>\n\t<meta property=\"og:image:width\" content=\"1344\" \/>\n\t<meta property=\"og:image:height\" content=\"814\" \/>\n\t<meta property=\"og:image:type\" content=\"image\/jpeg\" \/>\n<meta name=\"twitter:card\" content=\"summary_large_image\" \/>\n<meta name=\"twitter:label1\" content=\"Est. reading time\" \/>\n\t<meta name=\"twitter:data1\" content=\"2 minutes\" \/>\n<script type=\"application\/ld+json\" class=\"yoast-schema-graph\">{\"@context\":\"https:\/\/schema.org\",\"@graph\":[{\"@type\":\"WebPage\",\"@id\":\"https:\/\/petarde.lv\/privacy-policy\/\",\"url\":\"https:\/\/petarde.lv\/privacy-policy\/\",\"name\":\"Priv\u0101tuma politika - Petarde\",\"isPartOf\":{\"@id\":\"https:\/\/petarde.lv\/#website\"},\"datePublished\":\"2025-09-16T06:27:06+00:00\",\"dateModified\":\"2025-09-22T20:00:51+00:00\",\"breadcrumb\":{\"@id\":\"https:\/\/petarde.lv\/privacy-policy\/#breadcrumb\"},\"inLanguage\":\"en-US\",\"potentialAction\":[{\"@type\":\"ReadAction\",\"target\":[\"https:\/\/petarde.lv\/privacy-policy\/\"]}]},{\"@type\":\"BreadcrumbList\",\"@id\":\"https:\/\/petarde.lv\/privacy-policy\/#breadcrumb\",\"itemListElement\":[{\"@type\":\"ListItem\",\"position\":1,\"name\":\"Home\",\"item\":\"https:\/\/petarde.lv\/\"},{\"@type\":\"ListItem\",\"position\":2,\"name\":\"Priv\u0101tuma politika\"}]},{\"@type\":\"WebSite\",\"@id\":\"https:\/\/petarde.lv\/#website\",\"url\":\"https:\/\/petarde.lv\/\",\"name\":\"Petarde.lv\",\"description\":\"Pirotehnika, sal\u016bts un petardes sv\u0113tkiem vis\u0101 Latvij\u0101\",\"publisher\":{\"@id\":\"https:\/\/petarde.lv\/#organization\"},\"alternateName\":\"Pirotehnika\",\"potentialAction\":[{\"@type\":\"SearchAction\",\"target\":{\"@type\":\"EntryPoint\",\"urlTemplate\":\"https:\/\/petarde.lv\/?s={search_term_string}\"},\"query-input\":{\"@type\":\"PropertyValueSpecification\",\"valueRequired\":true,\"valueName\":\"search_term_string\"}}],\"inLanguage\":\"en-US\"},{\"@type\":\"Organization\",\"@id\":\"https:\/\/petarde.lv\/#organization\",\"name\":\"Petarde.lv\",\"url\":\"https:\/\/petarde.lv\/\",\"logo\":{\"@type\":\"ImageObject\",\"inLanguage\":\"en-US\",\"@id\":\"https:\/\/petarde.lv\/#\/schema\/logo\/image\/\",\"url\":\"https:\/\/petarde.lv\/wp-content\/uploads\/2025\/09\/logucis.jpg\",\"contentUrl\":\"https:\/\/petarde.lv\/wp-content\/uploads\/2025\/09\/logucis.jpg\",\"width\":600,\"height\":247,\"caption\":\"Petarde.lv\"},\"image\":{\"@id\":\"https:\/\/petarde.lv\/#\/schema\/logo\/image\/\"},\"sameAs\":[\"https:\/\/www.facebook.com\/petarde.lv\/\",\"https:\/\/www.youtube.com\/channel\/UCBIjpcRoPzs7Puz8ehdQ-mw\"],\"description\":\"Petarde Ltd ir viens no vado\u0161ajiem pirotehnikas tirgot\u0101jiem Latvij\u0101 ar daudzu gadu pieredzi.\",\"email\":\"janis.petarde@inbox.lv\",\"telephone\":\"+371 27809809\",\"legalName\":\"SIA Petarde Ltd\",\"foundingDate\":\"2006-11-08\",\"taxID\":\"40003872737\",\"numberOfEmployees\":{\"@type\":\"QuantitativeValue\",\"minValue\":\"1\",\"maxValue\":\"10\"},\"publishingPrinciples\":\"https:\/\/petarde.lv\/privacy-policy\/\",\"ownershipFundingInfo\":\"https:\/\/petarde.lv\/refund_returns-2\/\",\"actionableFeedbackPolicy\":\"https:\/\/petarde.lv\/privacy-policy\/\",\"correctionsPolicy\":\"https:\/\/petarde.lv\/privacy-policy\/\",\"ethicsPolicy\":\"https:\/\/petarde.lv\/privacy-policy\/\",\"diversityPolicy\":\"https:\/\/petarde.lv\/privacy-policy\/\",\"diversityStaffingReport\":\"https:\/\/petarde.lv\/privacy-policy\/\"}]}<\/script>\n<!-- \/ Yoast SEO Premium plugin. -->","yoast_head_json":{"title":"Priv\u0101tuma politika - Petarde","robots":{"index":"index","follow":"follow","max-snippet":"max-snippet:-1","max-image-preview":"max-image-preview:large","max-video-preview":"max-video-preview:-1"},"canonical":"https:\/\/petarde.lv\/en\/privacy-policy\/","og_locale":"en_US","og_type":"article","og_title":"Priv\u0101tuma politika","og_description":"PRIV\u0100TUMA POLITIKA \u0160\u012b priv\u0101tuma politika skaidro, k\u0101 SIA Petarde (turpm\u0101k \u2013 m\u0113s, uz\u0146\u0113mums) apstr\u0101d\u0101 un aizsarg\u0101 personas datus, kas ieg\u016bti, [&hellip;]","og_url":"https:\/\/petarde.lv\/en\/privacy-policy\/","og_site_name":"Petarde","article_publisher":"https:\/\/www.facebook.com\/petarde.lv\/","article_modified_time":"2025-09-22T20:00:51+00:00","og_image":[{"width":1344,"height":814,"url":"https:\/\/petarde.lv\/wp-content\/uploads\/2025\/12\/petarde.jpg","type":"image\/jpeg"}],"twitter_card":"summary_large_image","twitter_misc":{"Est. reading time":"2 minutes"},"schema":{"@context":"https:\/\/schema.org","@graph":[{"@type":"WebPage","@id":"https:\/\/petarde.lv\/privacy-policy\/","url":"https:\/\/petarde.lv\/privacy-policy\/","name":"Priv\u0101tuma politika - Petarde","isPartOf":{"@id":"https:\/\/petarde.lv\/#website"},"datePublished":"2025-09-16T06:27:06+00:00","dateModified":"2025-09-22T20:00:51+00:00","breadcrumb":{"@id":"https:\/\/petarde.lv\/privacy-policy\/#breadcrumb"},"inLanguage":"en-US","potentialAction":[{"@type":"ReadAction","target":["https:\/\/petarde.lv\/privacy-policy\/"]}]},{"@type":"BreadcrumbList","@id":"https:\/\/petarde.lv\/privacy-policy\/#breadcrumb","itemListElement":[{"@type":"ListItem","position":1,"name":"Home","item":"https:\/\/petarde.lv\/"},{"@type":"ListItem","position":2,"name":"Priv\u0101tuma politika"}]},{"@type":"WebSite","@id":"https:\/\/petarde.lv\/#website","url":"https:\/\/petarde.lv\/","name":"Petarde.lv","description":"Pirotehnika, sal\u016bts un petardes sv\u0113tkiem vis\u0101 Latvij\u0101","publisher":{"@id":"https:\/\/petarde.lv\/#organization"},"alternateName":"Pirotehnika","potentialAction":[{"@type":"SearchAction","target":{"@type":"EntryPoint","urlTemplate":"https:\/\/petarde.lv\/?s={search_term_string}"},"query-input":{"@type":"PropertyValueSpecification","valueRequired":true,"valueName":"search_term_string"}}],"inLanguage":"en-US"},{"@type":"Organization","@id":"https:\/\/petarde.lv\/#organization","name":"Petarde.lv","url":"https:\/\/petarde.lv\/","logo":{"@type":"ImageObject","inLanguage":"en-US","@id":"https:\/\/petarde.lv\/#\/schema\/logo\/image\/","url":"https:\/\/petarde.lv\/wp-content\/uploads\/2025\/09\/logucis.jpg","contentUrl":"https:\/\/petarde.lv\/wp-content\/uploads\/2025\/09\/logucis.jpg","width":600,"height":247,"caption":"Petarde.lv"},"image":{"@id":"https:\/\/petarde.lv\/#\/schema\/logo\/image\/"},"sameAs":["https:\/\/www.facebook.com\/petarde.lv\/","https:\/\/www.youtube.com\/channel\/UCBIjpcRoPzs7Puz8ehdQ-mw"],"description":"Petarde Ltd ir viens no vado\u0161ajiem pirotehnikas tirgot\u0101jiem Latvij\u0101 ar daudzu gadu pieredzi.","email":"janis.petarde@inbox.lv","telephone":"+371 27809809","legalName":"SIA Petarde Ltd","foundingDate":"2006-11-08","taxID":"40003872737","numberOfEmployees":{"@type":"QuantitativeValue","minValue":"1","maxValue":"10"},"publishingPrinciples":"https:\/\/petarde.lv\/privacy-policy\/","ownershipFundingInfo":"https:\/\/petarde.lv\/refund_returns-2\/","actionableFeedbackPolicy":"https:\/\/petarde.lv\/privacy-policy\/","correctionsPolicy":"https:\/\/petarde.lv\/privacy-policy\/","ethicsPolicy":"https:\/\/petarde.lv\/privacy-policy\/","diversityPolicy":"https:\/\/petarde.lv\/privacy-policy\/","diversityStaffingReport":"https:\/\/petarde.lv\/privacy-policy\/"}]}},"_links":{"self":[{"href":"https:\/\/petarde.lv\/en\/wp-json\/wp\/v2\/pages\/3","targetHints":{"allow":["GET"]}}],"collection":[{"href":"https:\/\/petarde.lv\/en\/wp-json\/wp\/v2\/pages"}],"about":[{"href":"https:\/\/petarde.lv\/en\/wp-json\/wp\/v2\/types\/page"}],"author":[{"embeddable":true,"href":"https:\/\/petarde.lv\/en\/wp-json\/wp\/v2\/users\/1"}],"replies":[{"embeddable":true,"href":"https:\/\/petarde.lv\/en\/wp-json\/wp\/v2\/comments?post=3"}],"version-history":[{"count":0,"href":"https:\/\/petarde.lv\/en\/wp-json\/wp\/v2\/pages\/3\/revisions"}],"wp:attachment":[{"href":"https:\/\/petarde.lv\/en\/wp-json\/wp\/v2\/media?parent=3"}],"curies":[{"name":"wp","href":"https:\/\/api.w.org\/{rel}","templated":true}]}}