{"id":16,"date":"2024-03-28T09:56:18","date_gmt":"2024-03-28T09:56:18","guid":{"rendered":"https:\/\/petarde.lv\/?page_id=16"},"modified":"2025-09-22T20:18:37","modified_gmt":"2025-09-22T20:18:37","slug":"refund_returns-2","status":"publish","type":"page","link":"https:\/\/petarde.lv\/en\/refund_returns-2\/","title":{"rendered":"Distance Contract"},"content":{"rendered":"<div data-elementor-type=\"wp-page\" data-elementor-id=\"16\" class=\"elementor elementor-16\" data-elementor-post-type=\"page\">\n\t\t\t\t<div class=\"elementor-element elementor-element-3039905c e-flex e-con-boxed e-con e-parent\" data-id=\"3039905c\" data-element_type=\"container\">\n\t\t\t\t\t<div class=\"e-con-inner\">\n\t\t\t\t<div class=\"elementor-element elementor-element-2a9fa2c elementor-widget elementor-widget-heading\" data-id=\"2a9fa2c\" data-element_type=\"widget\" data-widget_type=\"heading.default\">\n\t\t\t\t\t<h2 class=\"elementor-heading-title elementor-size-default\">Distance Contract<\/h2>\t\t\t\t<\/div>\n\t\t\t\t<div class=\"elementor-element elementor-element-70fc2ee elementor-widget elementor-widget-text-editor\" data-id=\"70fc2ee\" data-element_type=\"widget\" data-widget_type=\"text-editor.default\">\n\t\t\t\t\t\t\t\t\t\n<p class=\"p3\">This Agreement is concluded between the Internet Commerce Site <span class=\"s2\"><b>teal-ant-851413.hostersite.com<\/b><\/span> owner <span class=\"s2\"><b>Petarde Ltd<\/b><\/span>, registration no. <span class=\"s2\"><b>40003872737<\/b><\/span>, registered on 8 November 2006, registered office at: <span class=\"s2\"><b>76 Unijas Street, Riga, LV-1082<\/b><\/span> (hereinafter referred to as <span class=\"s2\"><b>Seller<\/b><\/span>), and <span class=\"s2\"><b>Buyers<\/b><\/span>who places an order and makes a purchase on an online shopping site <span class=\"s2\"><b>teal-ant-851413.hostersite.com<\/b><\/span> or order by phone.<\/p>\n<p class=\"p3\">The Buyer shall order, purchase and pay for, and the Seller shall sell, pyrotechnics, fireworks, lanterns, confetti and other festive paraphernalia (hereinafter referred to as <span class=\"s2\"><b>Products<\/b><\/span>) in accordance with the terms of this Agreement (hereinafter referred to as <span class=\"s2\"><b>Contract<\/b><\/span>).<\/p>\n<p class=\"p3\">The Buyer shall order the Goods by completing the relevant order form on the Seller's website <span class=\"s2\"><b>teal-ant-851413.hostersite.com<\/b><\/span>. When placing an order, the Buyer undertakes to provide precise information - name, surname or company name and contact details. Personal data relating to the ordering of goods shall not be passed on to third parties. By <span class=\"s2\"><b>privacy policy<\/b><\/span> can be found here.<\/p>\n<p class=\"p3\">When placing an order by telephone, the Customer shall state his name, surname, telephone number, the date of receipt of the Goods ordered and, if possible, a specific time. Personal data relating to the ordering of the Goods shall not be passed on to third parties.<\/p>\n<p class=\"p3\">The Seller shall make a reservation for the Goods and the Buyer may collect the Goods at the Seller's shop address selected and specified by the Buyer. <span class=\"s2\"><b>Delivery of pyrotechnic articles to the address (home, workplace, etc.) indicated by the Buyer is not allowed<\/b><\/span> in accordance with the legislation of the Republic of Latvia. The goods are reserved for the amount indicated on the Seller's website at the time of reservation. The goods are reserved for one week, unless the Buyer has specified a specific date for collection of the goods.<\/p>\n<p class=\"p3\">The Seller shall send an e-mail to the e-mail address provided by the Buyer for the reservation of the Goods and confirmation that the Goods are in the Shop.<\/p>\n<p class=\"p3\">The buyer pays for the purchase as a prepayment by bank transfer or upon receipt of the goods by cash or credit card. The Buyer shall inform the Seller of the chosen method of payment by completing the order form.<\/p>\n<p class=\"p3\">Orders may be placed by the Buyer 24 hours a day, but the Seller shall process orders within one working day of receipt of the order. The Seller shall send the Buyer a confirmation of acceptance of the order by e-mail.<\/p>\n<p class=\"p3\">Upon receipt of the goods, the Buyer shall check the appearance of the goods received, their dimensions, whether they are damaged and whether the ordered goods correspond to the expected ones. The Buyer may refuse the ordered pyrotechnics until the goods are received (upon leaving the Seller's shop premises). Thereafter, the Goods shall only be returned or exchanged if the Goods are defective due to the fault of the manufacturer. Otherwise, the Goods will not be accepted back from the Buyer because the Seller cannot be sure that the Goods have been properly stored and transported.<\/p>\n<p class=\"p3\">Only persons aged 18 years and over may receive pyrotechnic articles. The Seller shall be entitled to verify the age of the Buyer by asking for proof of identity. The Seller shall cancel the order and the Goods shall not be delivered if the person is under 18 years of age or if the Seller is in doubt as to the Buyer's age and the Buyer is unable to produce proof of identity.<\/p>\n<p class=\"p3\">When ordering a fireworks service, the Buyer may withdraw from the service until it has been provided. If the Buyer cancels within the last 24 hours before the service is provided, the Buyer shall bear the Seller's preparation and\/or transport costs.<\/p>\n<p class=\"p3\">Goods other than pyrotechnics may be returned or exchanged by the Buyer within 14 (fourteen) days from the date of receipt of the goods. In this case, the return delivery costs shall be borne by the Buyer.<\/p>\n<p class=\"p3\">If the Buyer wishes to exercise the right of withdrawal, the following conditions must be taken into account:<\/p>\n<ul>\n<li>\n<p class=\"p1\">The returned product must not be used (due to the specific nature of the product).<\/p>\n<\/li>\n<li>\n<p class=\"p1\">If the condition of the returned goods has deteriorated due to improper storage, the Buyer is not entitled to exercise the right of withdrawal.<\/p>\n<\/li>\n<li>\n<p class=\"p1\">The Buyer is obliged to preserve and not damage the original packaging of the goods.<\/p>\n<\/li>\n<li>\n<p class=\"p1\">To exercise the right of withdrawal, the Buyer must contact the Seller by e-mail <span class=\"s1\"><b>info@petarde.lv<\/b><\/span>.<\/p>\n<p class=\"p1\">The Buyer receives a cancellation form from the Seller, which is filled in and sent to the e-mail address indicated above.<\/p>\n<\/li>\n<\/ul>\n<p class=\"p3\">The Seller shall transfer the money for the returned goods to the bank account specified by the Buyer in the withdrawal form within 14 (fourteen) calendar days after the termination of the contract and receipt of the goods specified in the withdrawal form at the Seller's warehouse or store.<\/p>\n<p class=\"p3\">The average lead time is 1 (one) to 6 (six) days, but the Seller reserves the right to refuse an order if the goods are out of stock in the Seller's stores or warehouse at the time of ordering and order processing. This applies in particular to seasonal sales in December.<\/p>\n<p class=\"p3\">This Agreement is concluded in accordance with the laws and regulations of the Republic of Latvia, and in the event of any disputes shall be settled in the courts of the Republic of Latvia. The Buyer acknowledges that it has read the terms of this Agreement and undertakes to observe and comply with them.<\/p>\n<p class=\"p3\">The Buyer is informed that the Seller has the right to unilaterally change the terms of this Agreement at any time by publishing the current version on the website <span class=\"s2\"><b>teal-ant-851413.hostersite.com<\/b><\/span>.<\/p>\n\t\t\t\t\t\t\t\t<\/div>\n\t\t\t\t\t<\/div>\n\t\t\t\t<\/div>\n\t\t\t\t<\/div>","protected":false},"excerpt":{"rendered":"<p>Distances l\u012bgums \u0160is l\u012bgums tiek sl\u0113gts starp interneta tirdzniec\u012bbas vietnes petarde.lv \u012bpa\u0161nieku SIA \u201cPetarde Ltd\u201d, re\u0123istr\u0101cijas Nr. 40003872737, re\u0123istr\u0113tu 2006. [&hellip;]<\/p>\n","protected":false},"author":1,"featured_media":0,"parent":0,"menu_order":0,"comment_status":"closed","ping_status":"closed","template":"","meta":{"site-sidebar-layout":"default","site-content-layout":"","ast-site-content-layout":"default","site-content-style":"default","site-sidebar-style":"default","ast-global-header-display":"","ast-banner-title-visibility":"","ast-main-header-display":"","ast-hfb-above-header-display":"","ast-hfb-below-header-display":"","ast-hfb-mobile-header-display":"","site-post-title":"disabled","ast-breadcrumbs-content":"","ast-featured-img":"","footer-sml-layout":"","theme-transparent-header-meta":"","adv-header-id-meta":"","stick-header-meta":"","header-above-stick-meta":"","header-main-stick-meta":"","header-below-stick-meta":"","astra-migrate-meta-layouts":"default","ast-page-background-enabled":"default","ast-page-background-meta":{"desktop":{"background-color":"var(--ast-global-color-4)","background-image":"","background-repeat":"repeat","background-position":"center center","background-size":"auto","background-attachment":"scroll","background-type":"","background-media":"","overlay-type":"","overlay-color":"","overlay-opacity":"","overlay-gradient":""},"tablet":{"background-color":"","background-image":"","background-repeat":"repeat","background-position":"center center","background-size":"auto","background-attachment":"scroll","background-type":"","background-media":"","overlay-type":"","overlay-color":"","overlay-opacity":"","overlay-gradient":""},"mobile":{"background-color":"","background-image":"","background-repeat":"repeat","background-position":"center center","background-size":"auto","background-attachment":"scroll","background-type":"","background-media":"","overlay-type":"","overlay-color":"","overlay-opacity":"","overlay-gradient":""}},"ast-content-background-meta":{"desktop":{"background-color":"var(--ast-global-color-5)","background-image":"","background-repeat":"repeat","background-position":"center center","background-size":"auto","background-attachment":"scroll","background-type":"","background-media":"","overlay-type":"","overlay-color":"","overlay-opacity":"","overlay-gradient":""},"tablet":{"background-color":"var(--ast-global-color-5)","background-image":"","background-repeat":"repeat","background-position":"center center","background-size":"auto","background-attachment":"scroll","background-type":"","background-media":"","overlay-type":"","overlay-color":"","overlay-opacity":"","overlay-gradient":""},"mobile":{"background-color":"var(--ast-global-color-5)","background-image":"","background-repeat":"repeat","background-position":"center center","background-size":"auto","background-attachment":"scroll","background-type":"","background-media":"","overlay-type":"","overlay-color":"","overlay-opacity":"","overlay-gradient":""}},"footnotes":""},"class_list":["post-16","page","type-page","status-publish","hentry"],"yoast_head":"<!-- This site is optimized with the Yoast SEO Premium plugin v26.4 (Yoast SEO v26.4) - https:\/\/yoast.com\/wordpress\/plugins\/seo\/ -->\n<title>Distances l\u012bgums - Petarde<\/title>\n<meta name=\"robots\" content=\"index, follow, max-snippet:-1, max-image-preview:large, max-video-preview:-1\" \/>\n<link rel=\"canonical\" href=\"https:\/\/petarde.lv\/en\/refund_returns-2\/\" \/>\n<meta property=\"og:locale\" content=\"en_US\" \/>\n<meta property=\"og:type\" content=\"article\" \/>\n<meta property=\"og:title\" content=\"Distances l\u012bgums\" \/>\n<meta property=\"og:description\" content=\"Distances l\u012bgums \u0160is l\u012bgums tiek sl\u0113gts starp interneta tirdzniec\u012bbas vietnes petarde.lv \u012bpa\u0161nieku SIA \u201cPetarde Ltd\u201d, re\u0123istr\u0101cijas Nr. 40003872737, re\u0123istr\u0113tu 2006. [&hellip;]\" \/>\n<meta property=\"og:url\" content=\"https:\/\/petarde.lv\/en\/refund_returns-2\/\" \/>\n<meta property=\"og:site_name\" content=\"Petarde\" \/>\n<meta property=\"article:publisher\" content=\"https:\/\/www.facebook.com\/petarde.lv\/\" \/>\n<meta property=\"article:modified_time\" content=\"2025-09-22T20:18:37+00:00\" \/>\n<meta property=\"og:image\" content=\"https:\/\/petarde.lv\/wp-content\/uploads\/2025\/12\/petarde.jpg\" \/>\n\t<meta property=\"og:image:width\" content=\"1344\" \/>\n\t<meta property=\"og:image:height\" content=\"814\" \/>\n\t<meta property=\"og:image:type\" content=\"image\/jpeg\" \/>\n<meta name=\"twitter:card\" content=\"summary_large_image\" \/>\n<meta name=\"twitter:label1\" content=\"Est. reading time\" \/>\n\t<meta name=\"twitter:data1\" content=\"3 minutes\" \/>\n<script type=\"application\/ld+json\" class=\"yoast-schema-graph\">{\"@context\":\"https:\/\/schema.org\",\"@graph\":[{\"@type\":\"WebPage\",\"@id\":\"https:\/\/petarde.lv\/refund_returns-2\/\",\"url\":\"https:\/\/petarde.lv\/refund_returns-2\/\",\"name\":\"Distances l\u012bgums - Petarde\",\"isPartOf\":{\"@id\":\"https:\/\/petarde.lv\/#website\"},\"datePublished\":\"2024-03-28T09:56:18+00:00\",\"dateModified\":\"2025-09-22T20:18:37+00:00\",\"breadcrumb\":{\"@id\":\"https:\/\/petarde.lv\/refund_returns-2\/#breadcrumb\"},\"inLanguage\":\"en-US\",\"potentialAction\":[{\"@type\":\"ReadAction\",\"target\":[\"https:\/\/petarde.lv\/refund_returns-2\/\"]}]},{\"@type\":\"BreadcrumbList\",\"@id\":\"https:\/\/petarde.lv\/refund_returns-2\/#breadcrumb\",\"itemListElement\":[{\"@type\":\"ListItem\",\"position\":1,\"name\":\"Home\",\"item\":\"https:\/\/petarde.lv\/\"},{\"@type\":\"ListItem\",\"position\":2,\"name\":\"Distances l\u012bgums\"}]},{\"@type\":\"WebSite\",\"@id\":\"https:\/\/petarde.lv\/#website\",\"url\":\"https:\/\/petarde.lv\/\",\"name\":\"Petarde.lv\",\"description\":\"Pirotehnika, sal\u016bts un petardes sv\u0113tkiem vis\u0101 Latvij\u0101\",\"publisher\":{\"@id\":\"https:\/\/petarde.lv\/#organization\"},\"alternateName\":\"Pirotehnika\",\"potentialAction\":[{\"@type\":\"SearchAction\",\"target\":{\"@type\":\"EntryPoint\",\"urlTemplate\":\"https:\/\/petarde.lv\/?s={search_term_string}\"},\"query-input\":{\"@type\":\"PropertyValueSpecification\",\"valueRequired\":true,\"valueName\":\"search_term_string\"}}],\"inLanguage\":\"en-US\"},{\"@type\":\"Organization\",\"@id\":\"https:\/\/petarde.lv\/#organization\",\"name\":\"Petarde.lv\",\"url\":\"https:\/\/petarde.lv\/\",\"logo\":{\"@type\":\"ImageObject\",\"inLanguage\":\"en-US\",\"@id\":\"https:\/\/petarde.lv\/#\/schema\/logo\/image\/\",\"url\":\"https:\/\/petarde.lv\/wp-content\/uploads\/2025\/09\/logucis.jpg\",\"contentUrl\":\"https:\/\/petarde.lv\/wp-content\/uploads\/2025\/09\/logucis.jpg\",\"width\":600,\"height\":247,\"caption\":\"Petarde.lv\"},\"image\":{\"@id\":\"https:\/\/petarde.lv\/#\/schema\/logo\/image\/\"},\"sameAs\":[\"https:\/\/www.facebook.com\/petarde.lv\/\",\"https:\/\/www.youtube.com\/channel\/UCBIjpcRoPzs7Puz8ehdQ-mw\"],\"description\":\"Petarde Ltd ir viens no vado\u0161ajiem pirotehnikas tirgot\u0101jiem Latvij\u0101 ar daudzu gadu pieredzi.\",\"email\":\"janis.petarde@inbox.lv\",\"telephone\":\"+371 27809809\",\"legalName\":\"SIA Petarde Ltd\",\"foundingDate\":\"2006-11-08\",\"taxID\":\"40003872737\",\"numberOfEmployees\":{\"@type\":\"QuantitativeValue\",\"minValue\":\"1\",\"maxValue\":\"10\"},\"publishingPrinciples\":\"https:\/\/petarde.lv\/privacy-policy\/\",\"ownershipFundingInfo\":\"https:\/\/petarde.lv\/refund_returns-2\/\",\"actionableFeedbackPolicy\":\"https:\/\/petarde.lv\/privacy-policy\/\",\"correctionsPolicy\":\"https:\/\/petarde.lv\/privacy-policy\/\",\"ethicsPolicy\":\"https:\/\/petarde.lv\/privacy-policy\/\",\"diversityPolicy\":\"https:\/\/petarde.lv\/privacy-policy\/\",\"diversityStaffingReport\":\"https:\/\/petarde.lv\/privacy-policy\/\"}]}<\/script>\n<!-- \/ Yoast SEO Premium plugin. -->","yoast_head_json":{"title":"Distances l\u012bgums - Petarde","robots":{"index":"index","follow":"follow","max-snippet":"max-snippet:-1","max-image-preview":"max-image-preview:large","max-video-preview":"max-video-preview:-1"},"canonical":"https:\/\/petarde.lv\/en\/refund_returns-2\/","og_locale":"en_US","og_type":"article","og_title":"Distances l\u012bgums","og_description":"Distances l\u012bgums \u0160is l\u012bgums tiek sl\u0113gts starp interneta tirdzniec\u012bbas vietnes petarde.lv \u012bpa\u0161nieku SIA \u201cPetarde Ltd\u201d, re\u0123istr\u0101cijas Nr. 40003872737, re\u0123istr\u0113tu 2006. [&hellip;]","og_url":"https:\/\/petarde.lv\/en\/refund_returns-2\/","og_site_name":"Petarde","article_publisher":"https:\/\/www.facebook.com\/petarde.lv\/","article_modified_time":"2025-09-22T20:18:37+00:00","og_image":[{"width":1344,"height":814,"url":"https:\/\/petarde.lv\/wp-content\/uploads\/2025\/12\/petarde.jpg","type":"image\/jpeg"}],"twitter_card":"summary_large_image","twitter_misc":{"Est. reading time":"3 minutes"},"schema":{"@context":"https:\/\/schema.org","@graph":[{"@type":"WebPage","@id":"https:\/\/petarde.lv\/refund_returns-2\/","url":"https:\/\/petarde.lv\/refund_returns-2\/","name":"Distances l\u012bgums - Petarde","isPartOf":{"@id":"https:\/\/petarde.lv\/#website"},"datePublished":"2024-03-28T09:56:18+00:00","dateModified":"2025-09-22T20:18:37+00:00","breadcrumb":{"@id":"https:\/\/petarde.lv\/refund_returns-2\/#breadcrumb"},"inLanguage":"en-US","potentialAction":[{"@type":"ReadAction","target":["https:\/\/petarde.lv\/refund_returns-2\/"]}]},{"@type":"BreadcrumbList","@id":"https:\/\/petarde.lv\/refund_returns-2\/#breadcrumb","itemListElement":[{"@type":"ListItem","position":1,"name":"Home","item":"https:\/\/petarde.lv\/"},{"@type":"ListItem","position":2,"name":"Distances l\u012bgums"}]},{"@type":"WebSite","@id":"https:\/\/petarde.lv\/#website","url":"https:\/\/petarde.lv\/","name":"Petarde.lv","description":"Pirotehnika, sal\u016bts un petardes sv\u0113tkiem vis\u0101 Latvij\u0101","publisher":{"@id":"https:\/\/petarde.lv\/#organization"},"alternateName":"Pirotehnika","potentialAction":[{"@type":"SearchAction","target":{"@type":"EntryPoint","urlTemplate":"https:\/\/petarde.lv\/?s={search_term_string}"},"query-input":{"@type":"PropertyValueSpecification","valueRequired":true,"valueName":"search_term_string"}}],"inLanguage":"en-US"},{"@type":"Organization","@id":"https:\/\/petarde.lv\/#organization","name":"Petarde.lv","url":"https:\/\/petarde.lv\/","logo":{"@type":"ImageObject","inLanguage":"en-US","@id":"https:\/\/petarde.lv\/#\/schema\/logo\/image\/","url":"https:\/\/petarde.lv\/wp-content\/uploads\/2025\/09\/logucis.jpg","contentUrl":"https:\/\/petarde.lv\/wp-content\/uploads\/2025\/09\/logucis.jpg","width":600,"height":247,"caption":"Petarde.lv"},"image":{"@id":"https:\/\/petarde.lv\/#\/schema\/logo\/image\/"},"sameAs":["https:\/\/www.facebook.com\/petarde.lv\/","https:\/\/www.youtube.com\/channel\/UCBIjpcRoPzs7Puz8ehdQ-mw"],"description":"Petarde Ltd ir viens no vado\u0161ajiem pirotehnikas tirgot\u0101jiem Latvij\u0101 ar daudzu gadu pieredzi.","email":"janis.petarde@inbox.lv","telephone":"+371 27809809","legalName":"SIA Petarde Ltd","foundingDate":"2006-11-08","taxID":"40003872737","numberOfEmployees":{"@type":"QuantitativeValue","minValue":"1","maxValue":"10"},"publishingPrinciples":"https:\/\/petarde.lv\/privacy-policy\/","ownershipFundingInfo":"https:\/\/petarde.lv\/refund_returns-2\/","actionableFeedbackPolicy":"https:\/\/petarde.lv\/privacy-policy\/","correctionsPolicy":"https:\/\/petarde.lv\/privacy-policy\/","ethicsPolicy":"https:\/\/petarde.lv\/privacy-policy\/","diversityPolicy":"https:\/\/petarde.lv\/privacy-policy\/","diversityStaffingReport":"https:\/\/petarde.lv\/privacy-policy\/"}]}},"_links":{"self":[{"href":"https:\/\/petarde.lv\/en\/wp-json\/wp\/v2\/pages\/16","targetHints":{"allow":["GET"]}}],"collection":[{"href":"https:\/\/petarde.lv\/en\/wp-json\/wp\/v2\/pages"}],"about":[{"href":"https:\/\/petarde.lv\/en\/wp-json\/wp\/v2\/types\/page"}],"author":[{"embeddable":true,"href":"https:\/\/petarde.lv\/en\/wp-json\/wp\/v2\/users\/1"}],"replies":[{"embeddable":true,"href":"https:\/\/petarde.lv\/en\/wp-json\/wp\/v2\/comments?post=16"}],"version-history":[{"count":0,"href":"https:\/\/petarde.lv\/en\/wp-json\/wp\/v2\/pages\/16\/revisions"}],"wp:attachment":[{"href":"https:\/\/petarde.lv\/en\/wp-json\/wp\/v2\/media?parent=16"}],"curies":[{"name":"wp","href":"https:\/\/api.w.org\/{rel}","templated":true}]}}